{"id":19476,"date":"2025-03-28T15:31:35","date_gmt":"2025-03-28T14:31:35","guid":{"rendered":"https:\/\/www.skeppsholmsgruppen.se\/buchen-sie-eine-oeffentliche-veranstaltung\/"},"modified":"2025-09-29T12:07:50","modified_gmt":"2025-09-29T10:07:50","slug":"buchen-sie-eine-oeffentliche-veranstaltung","status":"publish","type":"page","link":"https:\/\/www.skeppsholmsgruppen.se\/de\/buchen-sie-eine-oeffentliche-veranstaltung\/","title":{"rendered":"Buchen Sie eine \u00f6ffentliche Veranstaltung"},"content":{"rendered":"\t\t<div data-elementor-type=\"wp-page\" data-elementor-id=\"19476\" class=\"elementor elementor-19476\" data-elementor-post-type=\"page\">\n\t\t\t\t<div class=\"elementor-element elementor-element-1a889fd4 e-flex e-con-boxed e-con e-parent\" data-id=\"1a889fd4\" data-element_type=\"container\" data-e-type=\"container\" data-settings=\"{&quot;background_background&quot;:&quot;classic&quot;}\">\n\t\t\t\t\t<div class=\"e-con-inner\">\n\t\t\t\t\t<\/div>\n\t\t\t\t<\/div>\n\t\t<div class=\"elementor-element elementor-element-252d3cc0 e-flex e-con-boxed e-con e-parent\" data-id=\"252d3cc0\" data-element_type=\"container\" data-e-type=\"container\" data-settings=\"{&quot;background_background&quot;:&quot;classic&quot;}\" boka_publikt_event=\"\">\n\t\t\t\t\t<div class=\"e-con-inner\">\n\t\t\t\t<div class=\"elementor-element elementor-element-3cbca9d4 elementor-widget elementor-widget-heading\" data-id=\"3cbca9d4\" data-element_type=\"widget\" data-e-type=\"widget\" data-widget_type=\"heading.default\">\n\t\t\t\t<div class=\"elementor-widget-container\">\n\t\t\t\t\t<h2 class=\"elementor-heading-title elementor-size-default\">Kontaktieren Sie uns f\u00fcr <br>Buchungen und Kostenvoranschl\u00e4ge!<\/h2>\t\t\t\t<\/div>\n\t\t\t\t<\/div>\n\t\t<div class=\"elementor-element elementor-element-64c7bdc0 e-con-full e-flex e-con e-child\" data-id=\"64c7bdc0\" data-element_type=\"container\" data-e-type=\"container\">\n\t\t\t\t<div class=\"elementor-element elementor-element-5706a6db elementor-widget elementor-widget-text-editor\" data-id=\"5706a6db\" data-element_type=\"widget\" data-e-type=\"widget\" data-widget_type=\"text-editor.default\">\n\t\t\t\t<div class=\"elementor-widget-container\">\n\t\t\t\t\t\t\t\t\t<p>Telefon: <a href=\"tel:+46855769940\">+46 08-557 699 40<\/a><\/p>\t\t\t\t\t\t\t\t<\/div>\n\t\t\t\t<\/div>\n\t\t\t\t<div class=\"elementor-element elementor-element-3ef058aa elementor-widget elementor-widget-text-editor\" data-id=\"3ef058aa\" data-element_type=\"widget\" data-e-type=\"widget\" data-widget_type=\"text-editor.default\">\n\t\t\t\t<div class=\"elementor-widget-container\">\n\t\t\t\t\t\t\t\t\t<p>E-Mail: <a href=\"mailto:kontakt@skeppsholmsgruppen.se\">kontakt@skeppsholmsgruppen.se<\/a><\/p>\t\t\t\t\t\t\t\t<\/div>\n\t\t\t\t<\/div>\n\t\t\t\t<\/div>\n\t\t<div class=\"elementor-element elementor-element-14a2eb58 e-con-full e-flex e-con e-child\" data-id=\"14a2eb58\" data-element_type=\"container\" data-e-type=\"container\">\n\t\t\t\t<div class=\"elementor-element elementor-element-655fc8aa elementor-widget__width-initial elementor-widget elementor-widget-html\" data-id=\"655fc8aa\" data-element_type=\"widget\" data-e-type=\"widget\" data-widget_type=\"html.default\">\n\t\t\t\t<div class=\"elementor-widget-container\">\n\t\t\t\t\t<iframe data-src=\"https:\/\/pages.upsales.com\/17984u5c2047b071c84b7c940daf9837258680-frame\" width=\"460\" height=\"959\" style=\"border:0\" src=\"data:image\/svg+xml;base64,PHN2ZyB3aWR0aD0iMSIgaGVpZ2h0PSIxIiB4bWxucz0iaHR0cDovL3d3dy53My5vcmcvMjAwMC9zdmciPjwvc3ZnPg==\" class=\"lazyload\" data-load-mode=\"1\"><\/iframe>\t\t\t\t<\/div>\n\t\t\t\t<\/div>\n\t\t\t\t<\/div>\n\t\t\t\t\t<\/div>\n\t\t\t\t<\/div>\n\t\t\t\t<\/div>\n\t\t","protected":false},"excerpt":{"rendered":"<p>Kontaktieren Sie uns f\u00fcr Buchungen und Kostenvoranschl\u00e4ge! Telefon: +46 08-557 699 40 E-Mail: kontakt@skeppsholmsgruppen.se<\/p>\n","protected":false},"author":247968712,"featured_media":0,"parent":0,"menu_order":0,"comment_status":"closed","ping_status":"closed","template":"","meta":{"_acf_changed":false,"footnotes":""},"class_list":["post-19476","page","type-page","status-publish","hentry"],"acf":[],"yoast_head":"<!-- This site is optimized with the Yoast SEO plugin v27.5 - https:\/\/yoast.com\/product\/yoast-seo-wordpress\/ -->\n<title>Buchen Sie eine \u00f6ffentliche Veranstaltung - Skeppsholmsgruppen<\/title>\n<meta name=\"robots\" content=\"index, follow, max-snippet:-1, max-image-preview:large, max-video-preview:-1\" \/>\n<link rel=\"canonical\" href=\"https:\/\/www.skeppsholmsgruppen.se\/de\/buchen-sie-eine-oeffentliche-veranstaltung\/\" \/>\n<meta property=\"og:locale\" content=\"de_DE\" \/>\n<meta property=\"og:type\" content=\"article\" \/>\n<meta property=\"og:title\" content=\"Buchen Sie eine \u00f6ffentliche Veranstaltung - Skeppsholmsgruppen\" \/>\n<meta property=\"og:description\" content=\"Kontaktieren Sie uns f\u00fcr Buchungen und Kostenvoranschl\u00e4ge! Telefon: +46 08-557 699 40 E-Mail: kontakt@skeppsholmsgruppen.se\" \/>\n<meta property=\"og:url\" content=\"https:\/\/www.skeppsholmsgruppen.se\/de\/buchen-sie-eine-oeffentliche-veranstaltung\/\" \/>\n<meta property=\"og:site_name\" content=\"Skeppsholmsgruppen\" \/>\n<meta property=\"article:modified_time\" content=\"2025-09-29T10:07:50+00:00\" \/>\n<meta name=\"twitter:card\" content=\"summary_large_image\" \/>\n<script type=\"application\/ld+json\" class=\"yoast-schema-graph\">{\"@context\":\"https:\\\/\\\/schema.org\",\"@graph\":[{\"@type\":\"WebPage\",\"@id\":\"https:\\\/\\\/www.skeppsholmsgruppen.se\\\/de\\\/buchen-sie-eine-oeffentliche-veranstaltung\\\/\",\"url\":\"https:\\\/\\\/www.skeppsholmsgruppen.se\\\/de\\\/buchen-sie-eine-oeffentliche-veranstaltung\\\/\",\"name\":\"Buchen Sie eine \u00f6ffentliche Veranstaltung - Skeppsholmsgruppen\",\"isPartOf\":{\"@id\":\"https:\\\/\\\/skeppsholmsgruppen.se\\\/#website\"},\"datePublished\":\"2025-03-28T14:31:35+00:00\",\"dateModified\":\"2025-09-29T10:07:50+00:00\",\"breadcrumb\":{\"@id\":\"https:\\\/\\\/www.skeppsholmsgruppen.se\\\/de\\\/buchen-sie-eine-oeffentliche-veranstaltung\\\/#breadcrumb\"},\"inLanguage\":\"de\",\"potentialAction\":[{\"@type\":\"ReadAction\",\"target\":[\"https:\\\/\\\/www.skeppsholmsgruppen.se\\\/de\\\/buchen-sie-eine-oeffentliche-veranstaltung\\\/\"]}]},{\"@type\":\"BreadcrumbList\",\"@id\":\"https:\\\/\\\/www.skeppsholmsgruppen.se\\\/de\\\/buchen-sie-eine-oeffentliche-veranstaltung\\\/#breadcrumb\",\"itemListElement\":[{\"@type\":\"ListItem\",\"position\":1,\"name\":\"Hem\",\"item\":\"https:\\\/\\\/www.skeppsholmsgruppen.se\\\/de\\\/\"},{\"@type\":\"ListItem\",\"position\":2,\"name\":\"Buchen Sie eine \u00f6ffentliche Veranstaltung\"}]},{\"@type\":\"WebSite\",\"@id\":\"https:\\\/\\\/skeppsholmsgruppen.se\\\/#website\",\"url\":\"https:\\\/\\\/skeppsholmsgruppen.se\\\/\",\"name\":\"Skeppsholmsgruppen\",\"description\":\"En historisk p\u00e4rla f\u00f6r konferens, event och fest bel\u00e4gen mitt i hj\u00e4rtat av Stockhom.\",\"publisher\":{\"@id\":\"https:\\\/\\\/skeppsholmsgruppen.se\\\/#organization\"},\"potentialAction\":[{\"@type\":\"SearchAction\",\"target\":{\"@type\":\"EntryPoint\",\"urlTemplate\":\"https:\\\/\\\/skeppsholmsgruppen.se\\\/?s={search_term_string}\"},\"query-input\":{\"@type\":\"PropertyValueSpecification\",\"valueRequired\":true,\"valueName\":\"search_term_string\"}}],\"inLanguage\":\"de\"},{\"@type\":\"Organization\",\"@id\":\"https:\\\/\\\/skeppsholmsgruppen.se\\\/#organization\",\"name\":\"Skeppsholmsgruppen\",\"url\":\"https:\\\/\\\/skeppsholmsgruppen.se\\\/\",\"logo\":{\"@type\":\"ImageObject\",\"inLanguage\":\"de\",\"@id\":\"https:\\\/\\\/skeppsholmsgruppen.se\\\/#\\\/schema\\\/logo\\\/image\\\/\",\"url\":\"https:\\\/\\\/www.skeppsholmsgruppen.se\\\/wp-content\\\/uploads\\\/2024\\\/03\\\/SHG-icon-white-130.png\",\"contentUrl\":\"https:\\\/\\\/www.skeppsholmsgruppen.se\\\/wp-content\\\/uploads\\\/2024\\\/03\\\/SHG-icon-white-130.png\",\"width\":130,\"height\":130,\"caption\":\"Skeppsholmsgruppen\"},\"image\":{\"@id\":\"https:\\\/\\\/skeppsholmsgruppen.se\\\/#\\\/schema\\\/logo\\\/image\\\/\"}}]}<\/script>\n<!-- \/ Yoast SEO plugin. -->","yoast_head_json":{"title":"Buchen Sie eine \u00f6ffentliche Veranstaltung - Skeppsholmsgruppen","robots":{"index":"index","follow":"follow","max-snippet":"max-snippet:-1","max-image-preview":"max-image-preview:large","max-video-preview":"max-video-preview:-1"},"canonical":"https:\/\/www.skeppsholmsgruppen.se\/de\/buchen-sie-eine-oeffentliche-veranstaltung\/","og_locale":"de_DE","og_type":"article","og_title":"Buchen Sie eine \u00f6ffentliche Veranstaltung - Skeppsholmsgruppen","og_description":"Kontaktieren Sie uns f\u00fcr Buchungen und Kostenvoranschl\u00e4ge! Telefon: +46 08-557 699 40 E-Mail: kontakt@skeppsholmsgruppen.se","og_url":"https:\/\/www.skeppsholmsgruppen.se\/de\/buchen-sie-eine-oeffentliche-veranstaltung\/","og_site_name":"Skeppsholmsgruppen","article_modified_time":"2025-09-29T10:07:50+00:00","twitter_card":"summary_large_image","schema":{"@context":"https:\/\/schema.org","@graph":[{"@type":"WebPage","@id":"https:\/\/www.skeppsholmsgruppen.se\/de\/buchen-sie-eine-oeffentliche-veranstaltung\/","url":"https:\/\/www.skeppsholmsgruppen.se\/de\/buchen-sie-eine-oeffentliche-veranstaltung\/","name":"Buchen Sie eine \u00f6ffentliche Veranstaltung - Skeppsholmsgruppen","isPartOf":{"@id":"https:\/\/skeppsholmsgruppen.se\/#website"},"datePublished":"2025-03-28T14:31:35+00:00","dateModified":"2025-09-29T10:07:50+00:00","breadcrumb":{"@id":"https:\/\/www.skeppsholmsgruppen.se\/de\/buchen-sie-eine-oeffentliche-veranstaltung\/#breadcrumb"},"inLanguage":"de","potentialAction":[{"@type":"ReadAction","target":["https:\/\/www.skeppsholmsgruppen.se\/de\/buchen-sie-eine-oeffentliche-veranstaltung\/"]}]},{"@type":"BreadcrumbList","@id":"https:\/\/www.skeppsholmsgruppen.se\/de\/buchen-sie-eine-oeffentliche-veranstaltung\/#breadcrumb","itemListElement":[{"@type":"ListItem","position":1,"name":"Hem","item":"https:\/\/www.skeppsholmsgruppen.se\/de\/"},{"@type":"ListItem","position":2,"name":"Buchen Sie eine \u00f6ffentliche Veranstaltung"}]},{"@type":"WebSite","@id":"https:\/\/skeppsholmsgruppen.se\/#website","url":"https:\/\/skeppsholmsgruppen.se\/","name":"Skeppsholmsgruppen","description":"En historisk p\u00e4rla f\u00f6r konferens, event och fest bel\u00e4gen mitt i hj\u00e4rtat av Stockhom.","publisher":{"@id":"https:\/\/skeppsholmsgruppen.se\/#organization"},"potentialAction":[{"@type":"SearchAction","target":{"@type":"EntryPoint","urlTemplate":"https:\/\/skeppsholmsgruppen.se\/?s={search_term_string}"},"query-input":{"@type":"PropertyValueSpecification","valueRequired":true,"valueName":"search_term_string"}}],"inLanguage":"de"},{"@type":"Organization","@id":"https:\/\/skeppsholmsgruppen.se\/#organization","name":"Skeppsholmsgruppen","url":"https:\/\/skeppsholmsgruppen.se\/","logo":{"@type":"ImageObject","inLanguage":"de","@id":"https:\/\/skeppsholmsgruppen.se\/#\/schema\/logo\/image\/","url":"https:\/\/www.skeppsholmsgruppen.se\/wp-content\/uploads\/2024\/03\/SHG-icon-white-130.png","contentUrl":"https:\/\/www.skeppsholmsgruppen.se\/wp-content\/uploads\/2024\/03\/SHG-icon-white-130.png","width":130,"height":130,"caption":"Skeppsholmsgruppen"},"image":{"@id":"https:\/\/skeppsholmsgruppen.se\/#\/schema\/logo\/image\/"}}]}},"_links":{"self":[{"href":"https:\/\/www.skeppsholmsgruppen.se\/de\/wp-json\/wp\/v2\/pages\/19476","targetHints":{"allow":["GET"]}}],"collection":[{"href":"https:\/\/www.skeppsholmsgruppen.se\/de\/wp-json\/wp\/v2\/pages"}],"about":[{"href":"https:\/\/www.skeppsholmsgruppen.se\/de\/wp-json\/wp\/v2\/types\/page"}],"author":[{"embeddable":true,"href":"https:\/\/www.skeppsholmsgruppen.se\/de\/wp-json\/wp\/v2\/users\/247968712"}],"replies":[{"embeddable":true,"href":"https:\/\/www.skeppsholmsgruppen.se\/de\/wp-json\/wp\/v2\/comments?post=19476"}],"version-history":[{"count":2,"href":"https:\/\/www.skeppsholmsgruppen.se\/de\/wp-json\/wp\/v2\/pages\/19476\/revisions"}],"predecessor-version":[{"id":23533,"href":"https:\/\/www.skeppsholmsgruppen.se\/de\/wp-json\/wp\/v2\/pages\/19476\/revisions\/23533"}],"wp:attachment":[{"href":"https:\/\/www.skeppsholmsgruppen.se\/de\/wp-json\/wp\/v2\/media?parent=19476"}],"curies":[{"name":"wp","href":"https:\/\/api.w.org\/{rel}","templated":true}]}}