{"id":7206,"date":"2024-05-23T11:18:27","date_gmt":"2024-05-23T09:18:27","guid":{"rendered":"https:\/\/www.skeppsholmsgruppen.se\/datenschutzbestimmungen\/"},"modified":"2024-09-27T16:29:59","modified_gmt":"2024-09-27T14:29:59","slug":"datenschutzbestimmungen","status":"publish","type":"page","link":"https:\/\/www.skeppsholmsgruppen.se\/de\/datenschutzbestimmungen\/","title":{"rendered":"Datenschutzbestimmungen"},"content":{"rendered":"\t\t<div data-elementor-type=\"wp-page\" data-elementor-id=\"7206\" class=\"elementor elementor-7206 elementor-4730\" data-elementor-post-type=\"page\">\n\t\t\t\t<div class=\"elementor-element elementor-element-65e17512 e-flex e-con-boxed e-con e-parent\" data-id=\"65e17512\" data-element_type=\"container\" data-e-type=\"container\" data-settings=\"{&quot;background_background&quot;:&quot;classic&quot;}\">\n\t\t\t\t\t<div class=\"e-con-inner\">\n\t\t\t\t<div class=\"elementor-element elementor-element-47da7ce8 elementor-widget elementor-widget-spacer\" data-id=\"47da7ce8\" data-element_type=\"widget\" data-e-type=\"widget\" data-widget_type=\"spacer.default\">\n\t\t\t\t<div class=\"elementor-widget-container\">\n\t\t\t\t\t\t\t<div class=\"elementor-spacer\">\n\t\t\t<div class=\"elementor-spacer-inner\"><\/div>\n\t\t<\/div>\n\t\t\t\t\t\t<\/div>\n\t\t\t\t<\/div>\n\t\t\t\t\t<\/div>\n\t\t\t\t<\/div>\n\t\t<div class=\"elementor-element elementor-element-d99046b e-flex e-con-boxed e-con e-parent\" data-id=\"d99046b\" data-element_type=\"container\" data-e-type=\"container\">\n\t\t\t\t\t<div class=\"e-con-inner\">\n\t\t\t\t<div class=\"elementor-element elementor-element-62c734c elementor-widget elementor-widget-heading\" data-id=\"62c734c\" data-element_type=\"widget\" data-e-type=\"widget\" data-widget_type=\"heading.default\">\n\t\t\t\t<div class=\"elementor-widget-container\">\n\t\t\t\t\t<h2 class=\"elementor-heading-title elementor-size-default\">Datenschutzbestimmungen<\/h2>\t\t\t\t<\/div>\n\t\t\t\t<\/div>\n\t\t\t\t<div class=\"elementor-element elementor-element-70b8ec6 elementor-widget elementor-widget-text-editor\" data-id=\"70b8ec6\" data-element_type=\"widget\" data-e-type=\"widget\" data-widget_type=\"text-editor.default\">\n\t\t\t\t<div class=\"elementor-widget-container\">\n\t\t\t\t\t\t\t\t\t<p>F\u00fcr uns bei Skeppsholmsgruppen ist es von gr\u00f6\u00dfter Bedeutung, dass Sie sich beim Umgang mit Ihren pers\u00f6nlichen Daten sicher f\u00fchlen. Wir sind daher transparent dar\u00fcber, wie wir die Informationen, die wir \u00fcber Sie speichern, sammeln, verarbeiten und weitergeben. Wir verkaufen Ihre pers\u00f6nlichen Daten niemals an andere Unternehmen.<\/p>\n<\/p>\n<h5>Was sind personenbezogene Daten?<\/h5>\n<p>Zu den personenbezogenen Daten geh\u00f6ren alle Informationen, die zur Identifizierung einer Person verwendet werden k\u00f6nnen, wie z. B. grundlegende Informationen \u00fcber Sie, wie Ihr Name und Ihre Kontaktdaten.<\/p>\n<\/p>\n<h5>Rechtsgrundlage f\u00fcr die Verarbeitung<\/h5>\n<p>Wir verarbeiten Ihre personenbezogenen Daten auf der Grundlage der folgenden Rechtsgrundlagen:<\/p>\n<ul>\n<li>Einverst\u00e4ndnis<\/li>\n<li>Vereinbarungen<\/li>\n<li>Gesetzliche Verpflichtung<\/li>\n<li>Legitimes Interesse<\/li>\n<\/ul>\n<h5>Wann verarbeiten wir Ihre pers\u00f6nlichen Daten?<\/h5>\n<p>Wir sind f\u00fcr die Verarbeitung der personenbezogenen Daten, die Sie uns mitteilen, in den folgenden Situationen verantwortlich:<\/p>\n<ul>\n<li>Wenn Sie eine Veranstaltung bei uns buchen oder anfragen, z. B. ein Meeting, eine Konferenz, eine Party oder eine Hochzeit.<\/li>\n<li>Wenn Sie sich f\u00fcr unsere Veranstaltungen oder Newsletter anmelden.<\/li>\n<li>Wenn Sie eine Frage haben oder uns kontaktieren m\u00f6chten.<\/li>\n<li>Wenn Sie unsere Website besuchen und Cookies akzeptieren.<\/li>\n<li>Wenn Sie ein Formular auf unserer Website ausf\u00fcllen.<\/li>\n<\/ul>\n<h5>Mit wem teilen wir pers\u00f6nliche Daten?<\/h5>\n<p>Wir geben personenbezogene Daten an unsere beauftragten Support-Systeme weiter, wenn Sie einen Fall mit uns haben, wenn dies notwendig ist, um Ihnen zu helfen, z.B. um eine Buchung in unserem Buchungssystem einzugeben. Wir werden Ihre Daten niemals an Dritte weitergeben, es sei denn, Sie w\u00fcnschen dies, z. B. wenn Sie von einem Floristen, Caterer oder Aktivit\u00e4tsveranstalter kontaktiert werden m\u00f6chten.<\/p>\n<h5>Wie lange bewahren wir Ihre pers\u00f6nlichen Daten auf?<\/h5>\n<p>Wir werden Ihre personenbezogenen Daten so lange aufbewahren, wie eine Kundenbeziehung besteht oder es notwendig ist, um die in dieser Richtlinie beschriebenen Zwecke zu erf\u00fcllen und den gesetzlichen Anforderungen zu entsprechen.<\/p>\n<p>Nach Beendigung der Vereinbarung wird Skeppsholmsgruppen Ihre Daten innerhalb eines angemessenen Zeitraums l\u00f6schen oder anonymisieren, es sei denn, andere schwedische oder europ\u00e4ische Gesetze, Gerichte oder Beh\u00f6rden schreiben etwas anderes vor. Ihre Daten k\u00f6nnen auf der Grundlage einer Interessenabw\u00e4gung aufbewahrt werden, wenn es Sicherheits- oder wirtschaftliche Gr\u00fcnde gibt. Wie lange Ihre pers\u00f6nlichen Daten gespeichert werden, h\u00e4ngt vom Zweck der Erfassung ab. Personenbezogene Daten, die f\u00fcr die Rechnungsstellung verwendet werden, werden so lange aufbewahrt, wie sie f\u00fcr Buchhaltungszwecke ben\u00f6tigt werden.<\/p>\n<h5>Ihre Rechte<\/h5>\n<p><strong>Sie haben das Recht dazu:<\/strong><\/p>\n<ul>\n<li>Zugang zu den pers\u00f6nlichen Daten, die wir \u00fcber Sie haben.<\/li>\n<li>Korrigieren Sie falsche oder unvollst\u00e4ndige Daten.<\/li>\n<li>die L\u00f6schung Ihrer pers\u00f6nlichen Daten zu verlangen.<\/li>\n<li>Schr\u00e4nken Sie die Verarbeitung Ihrer pers\u00f6nlichen Daten ein.<\/li>\n<li>Widerspruch gegen die Verarbeitung Ihrer pers\u00f6nlichen Daten einlegen.<\/li>\n<li>Beantragen Sie Daten\u00fcbertragbarkeit.<\/li>\n<\/ul>\n<h5>Wie wir Ihre Daten sch\u00fctzen<\/h5>\n<p>Wir stellen sicher, dass Ihre personenbezogenen Daten jederzeit durch technische und organisatorische Sicherheitsma\u00dfnahmen gesch\u00fctzt sind. Die Verarbeitung erfolgt in \u00dcbereinstimmung mit den geltenden Datenschutzbestimmungen, internen Richtlinien und Verfahren. Lesen Sie mehr unter www.datainspektionen.se\/dataskyddsreformen.<\/p>\n<\/p>\n<h5>Cookies und Tracking-Technologien<\/h5>\n<p>Wir verwenden Cookies und \u00e4hnliche Technologien, um Ihre Erfahrung auf unserer Website zu verbessern. [cookiepolicy]Weitere Informationen \u00fcber unsere Verwendung von Cookies finden Sie auf unserer .<\/p>\n<h5>Daten\u00fcbertragungen<\/h5>\n<p>Wir k\u00f6nnen Ihre personenbezogenen Daten in Drittl\u00e4nder (L\u00e4nder au\u00dferhalb der EU\/EWR) \u00fcbermitteln, wenn dies f\u00fcr die Erbringung unserer Dienstleistungen erforderlich ist. Wir stellen sicher, dass angemessene Sicherheitsvorkehrungen zum Schutz Ihrer Daten getroffen werden.<\/p>\n<h5>\u00c4nderungen an der Politik<\/h5>\n<p>Wir k\u00f6nnen diese Datenschutzrichtlinie bei Bedarf aktualisieren. Alle \u00c4nderungen werden auf unserer Website bekannt gegeben und treten mit dem Datum ihrer Ver\u00f6ffentlichung in Kraft.<\/p>\n<h5>Bei Fragen wenden Sie sich bitte an:<\/h5>\n<p>M<strong>atilda Gr\u00fcnberger<\/strong> CO-OWNER &amp; VERKAUFSREPR\u00c4SENTANTIN<a href=\"mailto:matilda@www.skeppsholmsgruppen.se\">matilda@www.skeppsholmsgruppen.se<\/a><a href=\"tel:+46762756008\">+46 76 275 60 08<\/a><\/p>\n\t\t\t\t\t\t\t\t<\/div>\n\t\t\t\t<\/div>\n\t\t\t\t\t<\/div>\n\t\t\t\t<\/div>\n\t\t<div class=\"elementor-element elementor-element-1e1601f e-flex e-con-boxed e-con e-parent\" data-id=\"1e1601f\" data-element_type=\"container\" data-e-type=\"container\">\n\t\t\t\t\t<div class=\"e-con-inner\">\n\t\t\t\t<div class=\"elementor-element elementor-element-6bae9ba elementor-widget elementor-widget-spacer\" data-id=\"6bae9ba\" data-element_type=\"widget\" data-e-type=\"widget\" data-widget_type=\"spacer.default\">\n\t\t\t\t<div class=\"elementor-widget-container\">\n\t\t\t\t\t\t\t<div class=\"elementor-spacer\">\n\t\t\t<div class=\"elementor-spacer-inner\"><\/div>\n\t\t<\/div>\n\t\t\t\t\t\t<\/div>\n\t\t\t\t<\/div>\n\t\t\t\t\t<\/div>\n\t\t\t\t<\/div>\n\t\t\t\t<\/div>\n\t\t","protected":false},"excerpt":{"rendered":"<p>Datenschutzbestimmungen F\u00fcr uns bei Skeppsholmsgruppen ist es von gr\u00f6\u00dfter Bedeutung, dass Sie sich beim Umgang mit Ihren pers\u00f6nlichen Daten sicher f\u00fchlen. Wir sind daher transparent dar\u00fcber, wie wir die Informationen, die wir \u00fcber Sie speichern, sammeln, verarbeiten und weitergeben. Wir verkaufen Ihre pers\u00f6nlichen Daten niemals an andere Unternehmen. Was sind personenbezogene Daten? Zu den personenbezogenen [&hellip;]<\/p>\n","protected":false},"author":247968712,"featured_media":8574,"parent":0,"menu_order":0,"comment_status":"closed","ping_status":"closed","template":"","meta":{"_acf_changed":false,"footnotes":""},"class_list":["post-7206","page","type-page","status-publish","has-post-thumbnail","hentry"],"acf":[],"yoast_head":"<!-- This site is optimized with the Yoast SEO plugin v27.5 - https:\/\/yoast.com\/product\/yoast-seo-wordpress\/ -->\n<title>| Skeppsholmsgruppen<\/title>\n<meta name=\"description\" content=\"Bitte lesen Sie die Datenschutzrichtlinie der Skeppsholms Group, um zu verstehen, wie wir Ihre pers\u00f6nlichen Daten sch\u00fctzen und behandeln. Wir k\u00fcmmern uns um Ihre Privatsph\u00e4re und befolgen strenge Standards.\" \/>\n<meta name=\"robots\" content=\"index, follow, max-snippet:-1, max-image-preview:large, max-video-preview:-1\" \/>\n<link rel=\"canonical\" href=\"https:\/\/www.skeppsholmsgruppen.se\/de\/datenschutzbestimmungen\/\" \/>\n<meta property=\"og:locale\" content=\"de_DE\" \/>\n<meta property=\"og:type\" content=\"article\" \/>\n<meta property=\"og:title\" content=\"Datenschutzerkl\u00e4rung | Skeppsholmsgruppen\" \/>\n<meta property=\"og:description\" content=\"Bitte lesen Sie die Datenschutzrichtlinie der Skeppsholms Group, um zu verstehen, wie wir Ihre pers\u00f6nlichen Daten sch\u00fctzen und behandeln. Wir k\u00fcmmern uns um Ihre Privatsph\u00e4re und befolgen strenge Standards.\" \/>\n<meta property=\"og:url\" content=\"https:\/\/www.skeppsholmsgruppen.se\/de\/datenschutzbestimmungen\/\" \/>\n<meta property=\"og:site_name\" content=\"Skeppsholmsgruppen\" \/>\n<meta property=\"article:modified_time\" content=\"2024-09-27T14:29:59+00:00\" \/>\n<meta property=\"og:image\" content=\"https:\/\/skeppsholmsgruppen.se\/wp-content\/uploads\/2024\/07\/Skeppsholmen-Krona.jpg\" \/>\n\t<meta property=\"og:image:width\" content=\"1920\" \/>\n\t<meta property=\"og:image:height\" content=\"1080\" \/>\n\t<meta property=\"og:image:type\" content=\"image\/jpeg\" \/>\n<meta name=\"twitter:card\" content=\"summary_large_image\" \/>\n<meta name=\"twitter:label1\" content=\"Gesch\u00e4tzte Lesezeit\" \/>\n\t<meta name=\"twitter:data1\" content=\"3\u00a0Minuten\" \/>\n<script type=\"application\/ld+json\" class=\"yoast-schema-graph\">{\"@context\":\"https:\\\/\\\/schema.org\",\"@graph\":[{\"@type\":\"WebPage\",\"@id\":\"https:\\\/\\\/www.skeppsholmsgruppen.se\\\/de\\\/datenschutzbestimmungen\\\/\",\"url\":\"https:\\\/\\\/www.skeppsholmsgruppen.se\\\/de\\\/datenschutzbestimmungen\\\/\",\"name\":\"| Skeppsholmsgruppen\",\"isPartOf\":{\"@id\":\"https:\\\/\\\/skeppsholmsgruppen.se\\\/#website\"},\"primaryImageOfPage\":{\"@id\":\"https:\\\/\\\/www.skeppsholmsgruppen.se\\\/de\\\/datenschutzbestimmungen\\\/#primaryimage\"},\"image\":{\"@id\":\"https:\\\/\\\/www.skeppsholmsgruppen.se\\\/de\\\/datenschutzbestimmungen\\\/#primaryimage\"},\"thumbnailUrl\":\"https:\\\/\\\/www.skeppsholmsgruppen.se\\\/wp-content\\\/uploads\\\/2024\\\/07\\\/Skeppsholmen-Krona.jpg\",\"datePublished\":\"2024-05-23T09:18:27+00:00\",\"dateModified\":\"2024-09-27T14:29:59+00:00\",\"description\":\"Bitte lesen Sie die Datenschutzrichtlinie der Skeppsholms Group, um zu verstehen, wie wir Ihre pers\u00f6nlichen Daten sch\u00fctzen und behandeln. Wir k\u00fcmmern uns um Ihre Privatsph\u00e4re und befolgen strenge Standards.\",\"breadcrumb\":{\"@id\":\"https:\\\/\\\/www.skeppsholmsgruppen.se\\\/de\\\/datenschutzbestimmungen\\\/#breadcrumb\"},\"inLanguage\":\"de\",\"potentialAction\":[{\"@type\":\"ReadAction\",\"target\":[\"https:\\\/\\\/www.skeppsholmsgruppen.se\\\/de\\\/datenschutzbestimmungen\\\/\"]}]},{\"@type\":\"ImageObject\",\"inLanguage\":\"de\",\"@id\":\"https:\\\/\\\/www.skeppsholmsgruppen.se\\\/de\\\/datenschutzbestimmungen\\\/#primaryimage\",\"url\":\"https:\\\/\\\/www.skeppsholmsgruppen.se\\\/wp-content\\\/uploads\\\/2024\\\/07\\\/Skeppsholmen-Krona.jpg\",\"contentUrl\":\"https:\\\/\\\/www.skeppsholmsgruppen.se\\\/wp-content\\\/uploads\\\/2024\\\/07\\\/Skeppsholmen-Krona.jpg\",\"width\":1920,\"height\":1080},{\"@type\":\"BreadcrumbList\",\"@id\":\"https:\\\/\\\/www.skeppsholmsgruppen.se\\\/de\\\/datenschutzbestimmungen\\\/#breadcrumb\",\"itemListElement\":[{\"@type\":\"ListItem\",\"position\":1,\"name\":\"Hem\",\"item\":\"https:\\\/\\\/www.skeppsholmsgruppen.se\\\/de\\\/\"},{\"@type\":\"ListItem\",\"position\":2,\"name\":\"Datenschutzbestimmungen\"}]},{\"@type\":\"WebSite\",\"@id\":\"https:\\\/\\\/skeppsholmsgruppen.se\\\/#website\",\"url\":\"https:\\\/\\\/skeppsholmsgruppen.se\\\/\",\"name\":\"Skeppsholmsgruppen\",\"description\":\"En historisk p\u00e4rla f\u00f6r konferens, event och fest bel\u00e4gen mitt i hj\u00e4rtat av Stockhom.\",\"publisher\":{\"@id\":\"https:\\\/\\\/skeppsholmsgruppen.se\\\/#organization\"},\"potentialAction\":[{\"@type\":\"SearchAction\",\"target\":{\"@type\":\"EntryPoint\",\"urlTemplate\":\"https:\\\/\\\/skeppsholmsgruppen.se\\\/?s={search_term_string}\"},\"query-input\":{\"@type\":\"PropertyValueSpecification\",\"valueRequired\":true,\"valueName\":\"search_term_string\"}}],\"inLanguage\":\"de\"},{\"@type\":\"Organization\",\"@id\":\"https:\\\/\\\/skeppsholmsgruppen.se\\\/#organization\",\"name\":\"Skeppsholmsgruppen\",\"url\":\"https:\\\/\\\/skeppsholmsgruppen.se\\\/\",\"logo\":{\"@type\":\"ImageObject\",\"inLanguage\":\"de\",\"@id\":\"https:\\\/\\\/skeppsholmsgruppen.se\\\/#\\\/schema\\\/logo\\\/image\\\/\",\"url\":\"https:\\\/\\\/www.skeppsholmsgruppen.se\\\/wp-content\\\/uploads\\\/2024\\\/03\\\/SHG-icon-white-130.png\",\"contentUrl\":\"https:\\\/\\\/www.skeppsholmsgruppen.se\\\/wp-content\\\/uploads\\\/2024\\\/03\\\/SHG-icon-white-130.png\",\"width\":130,\"height\":130,\"caption\":\"Skeppsholmsgruppen\"},\"image\":{\"@id\":\"https:\\\/\\\/skeppsholmsgruppen.se\\\/#\\\/schema\\\/logo\\\/image\\\/\"}}]}<\/script>\n<!-- \/ Yoast SEO plugin. -->","yoast_head_json":{"title":"| Skeppsholmsgruppen","description":"Bitte lesen Sie die Datenschutzrichtlinie der Skeppsholms Group, um zu verstehen, wie wir Ihre pers\u00f6nlichen Daten sch\u00fctzen und behandeln. Wir k\u00fcmmern uns um Ihre Privatsph\u00e4re und befolgen strenge Standards.","robots":{"index":"index","follow":"follow","max-snippet":"max-snippet:-1","max-image-preview":"max-image-preview:large","max-video-preview":"max-video-preview:-1"},"canonical":"https:\/\/www.skeppsholmsgruppen.se\/de\/datenschutzbestimmungen\/","og_locale":"de_DE","og_type":"article","og_title":"Datenschutzerkl\u00e4rung | Skeppsholmsgruppen","og_description":"Bitte lesen Sie die Datenschutzrichtlinie der Skeppsholms Group, um zu verstehen, wie wir Ihre pers\u00f6nlichen Daten sch\u00fctzen und behandeln. Wir k\u00fcmmern uns um Ihre Privatsph\u00e4re und befolgen strenge Standards.","og_url":"https:\/\/www.skeppsholmsgruppen.se\/de\/datenschutzbestimmungen\/","og_site_name":"Skeppsholmsgruppen","article_modified_time":"2024-09-27T14:29:59+00:00","og_image":[{"width":1920,"height":1080,"url":"https:\/\/skeppsholmsgruppen.se\/wp-content\/uploads\/2024\/07\/Skeppsholmen-Krona.jpg","type":"image\/jpeg"}],"twitter_card":"summary_large_image","twitter_misc":{"Gesch\u00e4tzte Lesezeit":"3\u00a0Minuten"},"schema":{"@context":"https:\/\/schema.org","@graph":[{"@type":"WebPage","@id":"https:\/\/www.skeppsholmsgruppen.se\/de\/datenschutzbestimmungen\/","url":"https:\/\/www.skeppsholmsgruppen.se\/de\/datenschutzbestimmungen\/","name":"| Skeppsholmsgruppen","isPartOf":{"@id":"https:\/\/skeppsholmsgruppen.se\/#website"},"primaryImageOfPage":{"@id":"https:\/\/www.skeppsholmsgruppen.se\/de\/datenschutzbestimmungen\/#primaryimage"},"image":{"@id":"https:\/\/www.skeppsholmsgruppen.se\/de\/datenschutzbestimmungen\/#primaryimage"},"thumbnailUrl":"https:\/\/www.skeppsholmsgruppen.se\/wp-content\/uploads\/2024\/07\/Skeppsholmen-Krona.jpg","datePublished":"2024-05-23T09:18:27+00:00","dateModified":"2024-09-27T14:29:59+00:00","description":"Bitte lesen Sie die Datenschutzrichtlinie der Skeppsholms Group, um zu verstehen, wie wir Ihre pers\u00f6nlichen Daten sch\u00fctzen und behandeln. Wir k\u00fcmmern uns um Ihre Privatsph\u00e4re und befolgen strenge Standards.","breadcrumb":{"@id":"https:\/\/www.skeppsholmsgruppen.se\/de\/datenschutzbestimmungen\/#breadcrumb"},"inLanguage":"de","potentialAction":[{"@type":"ReadAction","target":["https:\/\/www.skeppsholmsgruppen.se\/de\/datenschutzbestimmungen\/"]}]},{"@type":"ImageObject","inLanguage":"de","@id":"https:\/\/www.skeppsholmsgruppen.se\/de\/datenschutzbestimmungen\/#primaryimage","url":"https:\/\/www.skeppsholmsgruppen.se\/wp-content\/uploads\/2024\/07\/Skeppsholmen-Krona.jpg","contentUrl":"https:\/\/www.skeppsholmsgruppen.se\/wp-content\/uploads\/2024\/07\/Skeppsholmen-Krona.jpg","width":1920,"height":1080},{"@type":"BreadcrumbList","@id":"https:\/\/www.skeppsholmsgruppen.se\/de\/datenschutzbestimmungen\/#breadcrumb","itemListElement":[{"@type":"ListItem","position":1,"name":"Hem","item":"https:\/\/www.skeppsholmsgruppen.se\/de\/"},{"@type":"ListItem","position":2,"name":"Datenschutzbestimmungen"}]},{"@type":"WebSite","@id":"https:\/\/skeppsholmsgruppen.se\/#website","url":"https:\/\/skeppsholmsgruppen.se\/","name":"Skeppsholmsgruppen","description":"En historisk p\u00e4rla f\u00f6r konferens, event och fest bel\u00e4gen mitt i hj\u00e4rtat av Stockhom.","publisher":{"@id":"https:\/\/skeppsholmsgruppen.se\/#organization"},"potentialAction":[{"@type":"SearchAction","target":{"@type":"EntryPoint","urlTemplate":"https:\/\/skeppsholmsgruppen.se\/?s={search_term_string}"},"query-input":{"@type":"PropertyValueSpecification","valueRequired":true,"valueName":"search_term_string"}}],"inLanguage":"de"},{"@type":"Organization","@id":"https:\/\/skeppsholmsgruppen.se\/#organization","name":"Skeppsholmsgruppen","url":"https:\/\/skeppsholmsgruppen.se\/","logo":{"@type":"ImageObject","inLanguage":"de","@id":"https:\/\/skeppsholmsgruppen.se\/#\/schema\/logo\/image\/","url":"https:\/\/www.skeppsholmsgruppen.se\/wp-content\/uploads\/2024\/03\/SHG-icon-white-130.png","contentUrl":"https:\/\/www.skeppsholmsgruppen.se\/wp-content\/uploads\/2024\/03\/SHG-icon-white-130.png","width":130,"height":130,"caption":"Skeppsholmsgruppen"},"image":{"@id":"https:\/\/skeppsholmsgruppen.se\/#\/schema\/logo\/image\/"}}]}},"_links":{"self":[{"href":"https:\/\/www.skeppsholmsgruppen.se\/de\/wp-json\/wp\/v2\/pages\/7206","targetHints":{"allow":["GET"]}}],"collection":[{"href":"https:\/\/www.skeppsholmsgruppen.se\/de\/wp-json\/wp\/v2\/pages"}],"about":[{"href":"https:\/\/www.skeppsholmsgruppen.se\/de\/wp-json\/wp\/v2\/types\/page"}],"author":[{"embeddable":true,"href":"https:\/\/www.skeppsholmsgruppen.se\/de\/wp-json\/wp\/v2\/users\/247968712"}],"replies":[{"embeddable":true,"href":"https:\/\/www.skeppsholmsgruppen.se\/de\/wp-json\/wp\/v2\/comments?post=7206"}],"version-history":[{"count":3,"href":"https:\/\/www.skeppsholmsgruppen.se\/de\/wp-json\/wp\/v2\/pages\/7206\/revisions"}],"predecessor-version":[{"id":12539,"href":"https:\/\/www.skeppsholmsgruppen.se\/de\/wp-json\/wp\/v2\/pages\/7206\/revisions\/12539"}],"wp:featuredmedia":[{"embeddable":true,"href":"https:\/\/www.skeppsholmsgruppen.se\/de\/wp-json\/wp\/v2\/media\/8574"}],"wp:attachment":[{"href":"https:\/\/www.skeppsholmsgruppen.se\/de\/wp-json\/wp\/v2\/media?parent=7206"}],"curies":[{"name":"wp","href":"https:\/\/api.w.org\/{rel}","templated":true}]}}