{"id":7354,"date":"2024-04-02T10:08:01","date_gmt":"2024-04-02T08:08:01","guid":{"rendered":"https:\/\/www.skeppsholmsgruppen.se\/ueber-uns\/anfrage-fuer-ein-angebot\/"},"modified":"2026-02-20T15:10:17","modified_gmt":"2026-02-20T14:10:17","slug":"anfrage-fuer-ein-angebot","status":"publish","type":"page","link":"https:\/\/www.skeppsholmsgruppen.se\/de\/ueber-uns\/anfrage-fuer-ein-angebot\/","title":{"rendered":"Anfrage f\u00fcr ein Angebot"},"content":{"rendered":"\t\t<div data-elementor-type=\"wp-page\" data-elementor-id=\"7354\" class=\"elementor elementor-7354 elementor-1131\" data-elementor-post-type=\"page\">\n\t\t\t\t<div class=\"elementor-element elementor-element-48290302 e-flex e-con-boxed e-con e-parent\" data-id=\"48290302\" data-element_type=\"container\" data-e-type=\"container\" data-settings=\"{&quot;background_background&quot;:&quot;classic&quot;}\">\n\t\t\t\t\t<div class=\"e-con-inner\">\n\t\t\t\t<div class=\"elementor-element elementor-element-795a1a3b elementor-widget elementor-widget-spacer\" data-id=\"795a1a3b\" data-element_type=\"widget\" data-e-type=\"widget\" data-widget_type=\"spacer.default\">\n\t\t\t\t<div class=\"elementor-widget-container\">\n\t\t\t\t\t\t\t<div class=\"elementor-spacer\">\n\t\t\t<div class=\"elementor-spacer-inner\"><\/div>\n\t\t<\/div>\n\t\t\t\t\t\t<\/div>\n\t\t\t\t<\/div>\n\t\t\t\t\t<\/div>\n\t\t\t\t<\/div>\n\t\t<div class=\"elementor-element elementor-element-baf77bf e-flex e-con-boxed e-con e-parent\" data-id=\"baf77bf\" data-element_type=\"container\" data-e-type=\"container\">\n\t\t\t\t\t<div class=\"e-con-inner\">\n\t\t<div class=\"elementor-element elementor-element-241882d e-con-full e-flex e-con e-child\" data-id=\"241882d\" data-element_type=\"container\" data-e-type=\"container\">\n\t\t\t\t<div class=\"elementor-element elementor-element-3974f27 elementor-widget elementor-widget-heading\" data-id=\"3974f27\" data-element_type=\"widget\" data-e-type=\"widget\" data-widget_type=\"heading.default\">\n\t\t\t\t<div class=\"elementor-widget-container\">\n\t\t\t\t\t<h2 class=\"elementor-heading-title elementor-size-default\"><br> Kontaktieren Sie uns f\u00fcr Buchungen und Kostenvoranschl\u00e4ge!<\/h2>\t\t\t\t<\/div>\n\t\t\t\t<\/div>\n\t\t\t\t<\/div>\n\t\t<div class=\"elementor-element elementor-element-f33d882 e-con-full e-flex e-con e-child\" data-id=\"f33d882\" data-element_type=\"container\" data-e-type=\"container\">\n\t\t\t\t<div class=\"elementor-element elementor-element-f0fa4c4 elementor-widget elementor-widget-text-editor\" data-id=\"f0fa4c4\" data-element_type=\"widget\" data-e-type=\"widget\" data-widget_type=\"text-editor.default\">\n\t\t\t\t<div class=\"elementor-widget-container\">\n\t\t\t\t\t\t\t\t\t<p>Telefon: <a href=\"tel:+46855769940\">+46 08-557 699 40<\/a><\/p>\n\t\t\t\t\t\t\t\t<\/div>\n\t\t\t\t<\/div>\n\t\t\t\t<\/div>\n\t\t<div class=\"elementor-element elementor-element-c6f570b e-con-full e-flex e-con e-child\" data-id=\"c6f570b\" data-element_type=\"container\" data-e-type=\"container\">\n\t\t\t\t<div class=\"elementor-element elementor-element-e0c151b elementor-widget elementor-widget-text-editor\" data-id=\"e0c151b\" data-element_type=\"widget\" data-e-type=\"widget\" data-widget_type=\"text-editor.default\">\n\t\t\t\t<div class=\"elementor-widget-container\">\n\t\t\t\t\t\t\t\t\t<p>E-Mail: <a href=\"mailto:kontakt@skeppsholmsgruppen.se\">kontakt@skeppsholmsgruppen.se<\/a><\/p>\n\t\t\t\t\t\t\t\t<\/div>\n\t\t\t\t<\/div>\n\t\t\t\t<\/div>\n\t\t\t\t\t<\/div>\n\t\t\t\t<\/div>\n\t\t<div class=\"elementor-element elementor-element-8580ff7 e-flex e-con-boxed e-con e-parent\" data-id=\"8580ff7\" data-element_type=\"container\" data-e-type=\"container\">\n\t\t\t\t\t<div class=\"e-con-inner\">\n\t\t\t\t<div class=\"elementor-element elementor-element-961c2e4 elementor-widget__width-initial elementor-widget elementor-widget-html\" data-id=\"961c2e4\" data-element_type=\"widget\" data-e-type=\"widget\" data-widget_type=\"html.default\">\n\t\t\t\t<div class=\"elementor-widget-container\">\n\t\t\t\t\t<iframe data-src=\"https:\/\/pages.upsales.com\/17984ua112d99afd174e01988583d5dd55df6b-frame\" \t\twidth=\"360\" \t\theight=\"1153\" \t\tstyle=\"border:0\" src=\"data:image\/svg+xml;base64,PHN2ZyB3aWR0aD0iMSIgaGVpZ2h0PSIxIiB4bWxucz0iaHR0cDovL3d3dy53My5vcmcvMjAwMC9zdmciPjwvc3ZnPg==\" class=\"lazyload\" data-load-mode=\"1\"><\/iframe>\t\t\t\t<\/div>\n\t\t\t\t<\/div>\n\t\t\t\t\t<\/div>\n\t\t\t\t<\/div>\n\t\t<div class=\"elementor-element elementor-element-a6cd5ea e-flex e-con-boxed e-con e-parent\" data-id=\"a6cd5ea\" data-element_type=\"container\" data-e-type=\"container\">\n\t\t\t\t\t<div class=\"e-con-inner\">\n\t\t\t\t<div class=\"elementor-element elementor-element-61cf648 elementor-widget elementor-widget-spacer\" data-id=\"61cf648\" data-element_type=\"widget\" data-e-type=\"widget\" data-widget_type=\"spacer.default\">\n\t\t\t\t<div class=\"elementor-widget-container\">\n\t\t\t\t\t\t\t<div class=\"elementor-spacer\">\n\t\t\t<div class=\"elementor-spacer-inner\"><\/div>\n\t\t<\/div>\n\t\t\t\t\t\t<\/div>\n\t\t\t\t<\/div>\n\t\t\t\t\t<\/div>\n\t\t\t\t<\/div>\n\t\t\t\t<\/div>\n\t\t","protected":false},"excerpt":{"rendered":"<p>Kontaktieren Sie uns f\u00fcr Buchungen und Kostenvoranschl\u00e4ge! Telefon: +46 08-557 699 40 E-Mail: kontakt@skeppsholmsgruppen.se<\/p>\n","protected":false},"author":247968712,"featured_media":8550,"parent":7061,"menu_order":0,"comment_status":"closed","ping_status":"closed","template":"","meta":{"_acf_changed":false,"footnotes":""},"class_list":["post-7354","page","type-page","status-publish","has-post-thumbnail","hentry"],"acf":[],"yoast_head":"<!-- This site is optimized with the Yoast SEO plugin v27.4 - https:\/\/yoast.com\/product\/yoast-seo-wordpress\/ -->\n<title>| Skeppsholmsgruppen<\/title>\n<meta name=\"description\" content=\"Senden Sie Ihre Angebotsanfrage an Skeppsholmsgruppen, um Ihre n\u00e4chste Veranstaltung auf Skeppsholmen zu planen. Wir bieten einzigartige und flexible Veranstaltungsorte, die Ihren speziellen Bed\u00fcrfnissen und W\u00fcnschen entsprechen.\" \/>\n<meta name=\"robots\" content=\"index, follow, max-snippet:-1, max-image-preview:large, max-video-preview:-1\" \/>\n<link rel=\"canonical\" href=\"https:\/\/www.skeppsholmsgruppen.se\/de\/ueber-uns\/anfrage-fuer-ein-angebot\/\" \/>\n<meta property=\"og:locale\" content=\"de_DE\" \/>\n<meta property=\"og:type\" content=\"article\" \/>\n<meta property=\"og:title\" content=\"Angebotsanforderung | Skeppsholmsgruppen\" \/>\n<meta property=\"og:description\" content=\"Senden Sie Ihre Angebotsanfrage an Skeppsholmsgruppen, um Ihre n\u00e4chste Veranstaltung auf Skeppsholmen zu planen. Wir bieten einzigartige und flexible Veranstaltungsorte, die Ihren speziellen Bed\u00fcrfnissen und W\u00fcnschen entsprechen.\" \/>\n<meta property=\"og:url\" content=\"https:\/\/www.skeppsholmsgruppen.se\/de\/ueber-uns\/anfrage-fuer-ein-angebot\/\" \/>\n<meta property=\"og:site_name\" content=\"Skeppsholmsgruppen\" \/>\n<meta property=\"article:modified_time\" content=\"2026-02-20T14:10:17+00:00\" \/>\n<meta property=\"og:image\" content=\"https:\/\/www.skeppsholmsgruppen.se\/wp-content\/uploads\/2024\/07\/Skeppsholmen-Krona-2.jpg\" \/>\n\t<meta property=\"og:image:width\" content=\"1920\" \/>\n\t<meta property=\"og:image:height\" content=\"1080\" \/>\n\t<meta property=\"og:image:type\" content=\"image\/jpeg\" \/>\n<meta name=\"twitter:card\" content=\"summary_large_image\" \/>\n<meta name=\"twitter:label1\" content=\"Gesch\u00e4tzte Lesezeit\" \/>\n\t<meta name=\"twitter:data1\" content=\"1\u00a0Minute\" \/>\n<script type=\"application\/ld+json\" class=\"yoast-schema-graph\">{\"@context\":\"https:\\\/\\\/schema.org\",\"@graph\":[{\"@type\":\"WebPage\",\"@id\":\"https:\\\/\\\/www.skeppsholmsgruppen.se\\\/de\\\/ueber-uns\\\/anfrage-fuer-ein-angebot\\\/\",\"url\":\"https:\\\/\\\/www.skeppsholmsgruppen.se\\\/de\\\/ueber-uns\\\/anfrage-fuer-ein-angebot\\\/\",\"name\":\"| Skeppsholmsgruppen\",\"isPartOf\":{\"@id\":\"https:\\\/\\\/skeppsholmsgruppen.se\\\/#website\"},\"primaryImageOfPage\":{\"@id\":\"https:\\\/\\\/www.skeppsholmsgruppen.se\\\/de\\\/ueber-uns\\\/anfrage-fuer-ein-angebot\\\/#primaryimage\"},\"image\":{\"@id\":\"https:\\\/\\\/www.skeppsholmsgruppen.se\\\/de\\\/ueber-uns\\\/anfrage-fuer-ein-angebot\\\/#primaryimage\"},\"thumbnailUrl\":\"https:\\\/\\\/www.skeppsholmsgruppen.se\\\/wp-content\\\/uploads\\\/2024\\\/07\\\/Skeppsholmen-Krona-2.jpg\",\"datePublished\":\"2024-04-02T08:08:01+00:00\",\"dateModified\":\"2026-02-20T14:10:17+00:00\",\"description\":\"Senden Sie Ihre Angebotsanfrage an Skeppsholmsgruppen, um Ihre n\u00e4chste Veranstaltung auf Skeppsholmen zu planen. Wir bieten einzigartige und flexible Veranstaltungsorte, die Ihren speziellen Bed\u00fcrfnissen und W\u00fcnschen entsprechen.\",\"breadcrumb\":{\"@id\":\"https:\\\/\\\/www.skeppsholmsgruppen.se\\\/de\\\/ueber-uns\\\/anfrage-fuer-ein-angebot\\\/#breadcrumb\"},\"inLanguage\":\"de\",\"potentialAction\":[{\"@type\":\"ReadAction\",\"target\":[\"https:\\\/\\\/www.skeppsholmsgruppen.se\\\/de\\\/ueber-uns\\\/anfrage-fuer-ein-angebot\\\/\"]}]},{\"@type\":\"ImageObject\",\"inLanguage\":\"de\",\"@id\":\"https:\\\/\\\/www.skeppsholmsgruppen.se\\\/de\\\/ueber-uns\\\/anfrage-fuer-ein-angebot\\\/#primaryimage\",\"url\":\"https:\\\/\\\/www.skeppsholmsgruppen.se\\\/wp-content\\\/uploads\\\/2024\\\/07\\\/Skeppsholmen-Krona-2.jpg\",\"contentUrl\":\"https:\\\/\\\/www.skeppsholmsgruppen.se\\\/wp-content\\\/uploads\\\/2024\\\/07\\\/Skeppsholmen-Krona-2.jpg\",\"width\":1920,\"height\":1080},{\"@type\":\"BreadcrumbList\",\"@id\":\"https:\\\/\\\/www.skeppsholmsgruppen.se\\\/de\\\/ueber-uns\\\/anfrage-fuer-ein-angebot\\\/#breadcrumb\",\"itemListElement\":[{\"@type\":\"ListItem\",\"position\":1,\"name\":\"Hem\",\"item\":\"https:\\\/\\\/www.skeppsholmsgruppen.se\\\/de\\\/\"},{\"@type\":\"ListItem\",\"position\":2,\"name\":\"\u00dcber uns\",\"item\":\"https:\\\/\\\/www.skeppsholmsgruppen.se\\\/de\\\/ueber-uns\\\/\"},{\"@type\":\"ListItem\",\"position\":3,\"name\":\"Anfrage f\u00fcr ein Angebot\"}]},{\"@type\":\"WebSite\",\"@id\":\"https:\\\/\\\/skeppsholmsgruppen.se\\\/#website\",\"url\":\"https:\\\/\\\/skeppsholmsgruppen.se\\\/\",\"name\":\"Skeppsholmsgruppen\",\"description\":\"En historisk p\u00e4rla f\u00f6r konferens, event och fest bel\u00e4gen mitt i hj\u00e4rtat av Stockhom.\",\"publisher\":{\"@id\":\"https:\\\/\\\/skeppsholmsgruppen.se\\\/#organization\"},\"potentialAction\":[{\"@type\":\"SearchAction\",\"target\":{\"@type\":\"EntryPoint\",\"urlTemplate\":\"https:\\\/\\\/skeppsholmsgruppen.se\\\/?s={search_term_string}\"},\"query-input\":{\"@type\":\"PropertyValueSpecification\",\"valueRequired\":true,\"valueName\":\"search_term_string\"}}],\"inLanguage\":\"de\"},{\"@type\":\"Organization\",\"@id\":\"https:\\\/\\\/skeppsholmsgruppen.se\\\/#organization\",\"name\":\"Skeppsholmsgruppen\",\"url\":\"https:\\\/\\\/skeppsholmsgruppen.se\\\/\",\"logo\":{\"@type\":\"ImageObject\",\"inLanguage\":\"de\",\"@id\":\"https:\\\/\\\/skeppsholmsgruppen.se\\\/#\\\/schema\\\/logo\\\/image\\\/\",\"url\":\"https:\\\/\\\/www.skeppsholmsgruppen.se\\\/wp-content\\\/uploads\\\/2024\\\/03\\\/SHG-icon-white-130.png\",\"contentUrl\":\"https:\\\/\\\/www.skeppsholmsgruppen.se\\\/wp-content\\\/uploads\\\/2024\\\/03\\\/SHG-icon-white-130.png\",\"width\":130,\"height\":130,\"caption\":\"Skeppsholmsgruppen\"},\"image\":{\"@id\":\"https:\\\/\\\/skeppsholmsgruppen.se\\\/#\\\/schema\\\/logo\\\/image\\\/\"}}]}<\/script>\n<!-- \/ Yoast SEO plugin. -->","yoast_head_json":{"title":"| Skeppsholmsgruppen","description":"Senden Sie Ihre Angebotsanfrage an Skeppsholmsgruppen, um Ihre n\u00e4chste Veranstaltung auf Skeppsholmen zu planen. Wir bieten einzigartige und flexible Veranstaltungsorte, die Ihren speziellen Bed\u00fcrfnissen und W\u00fcnschen entsprechen.","robots":{"index":"index","follow":"follow","max-snippet":"max-snippet:-1","max-image-preview":"max-image-preview:large","max-video-preview":"max-video-preview:-1"},"canonical":"https:\/\/www.skeppsholmsgruppen.se\/de\/ueber-uns\/anfrage-fuer-ein-angebot\/","og_locale":"de_DE","og_type":"article","og_title":"Angebotsanforderung | Skeppsholmsgruppen","og_description":"Senden Sie Ihre Angebotsanfrage an Skeppsholmsgruppen, um Ihre n\u00e4chste Veranstaltung auf Skeppsholmen zu planen. Wir bieten einzigartige und flexible Veranstaltungsorte, die Ihren speziellen Bed\u00fcrfnissen und W\u00fcnschen entsprechen.","og_url":"https:\/\/www.skeppsholmsgruppen.se\/de\/ueber-uns\/anfrage-fuer-ein-angebot\/","og_site_name":"Skeppsholmsgruppen","article_modified_time":"2026-02-20T14:10:17+00:00","og_image":[{"width":1920,"height":1080,"url":"https:\/\/www.skeppsholmsgruppen.se\/wp-content\/uploads\/2024\/07\/Skeppsholmen-Krona-2.jpg","type":"image\/jpeg"}],"twitter_card":"summary_large_image","twitter_misc":{"Gesch\u00e4tzte Lesezeit":"1\u00a0Minute"},"schema":{"@context":"https:\/\/schema.org","@graph":[{"@type":"WebPage","@id":"https:\/\/www.skeppsholmsgruppen.se\/de\/ueber-uns\/anfrage-fuer-ein-angebot\/","url":"https:\/\/www.skeppsholmsgruppen.se\/de\/ueber-uns\/anfrage-fuer-ein-angebot\/","name":"| Skeppsholmsgruppen","isPartOf":{"@id":"https:\/\/skeppsholmsgruppen.se\/#website"},"primaryImageOfPage":{"@id":"https:\/\/www.skeppsholmsgruppen.se\/de\/ueber-uns\/anfrage-fuer-ein-angebot\/#primaryimage"},"image":{"@id":"https:\/\/www.skeppsholmsgruppen.se\/de\/ueber-uns\/anfrage-fuer-ein-angebot\/#primaryimage"},"thumbnailUrl":"https:\/\/www.skeppsholmsgruppen.se\/wp-content\/uploads\/2024\/07\/Skeppsholmen-Krona-2.jpg","datePublished":"2024-04-02T08:08:01+00:00","dateModified":"2026-02-20T14:10:17+00:00","description":"Senden Sie Ihre Angebotsanfrage an Skeppsholmsgruppen, um Ihre n\u00e4chste Veranstaltung auf Skeppsholmen zu planen. Wir bieten einzigartige und flexible Veranstaltungsorte, die Ihren speziellen Bed\u00fcrfnissen und W\u00fcnschen entsprechen.","breadcrumb":{"@id":"https:\/\/www.skeppsholmsgruppen.se\/de\/ueber-uns\/anfrage-fuer-ein-angebot\/#breadcrumb"},"inLanguage":"de","potentialAction":[{"@type":"ReadAction","target":["https:\/\/www.skeppsholmsgruppen.se\/de\/ueber-uns\/anfrage-fuer-ein-angebot\/"]}]},{"@type":"ImageObject","inLanguage":"de","@id":"https:\/\/www.skeppsholmsgruppen.se\/de\/ueber-uns\/anfrage-fuer-ein-angebot\/#primaryimage","url":"https:\/\/www.skeppsholmsgruppen.se\/wp-content\/uploads\/2024\/07\/Skeppsholmen-Krona-2.jpg","contentUrl":"https:\/\/www.skeppsholmsgruppen.se\/wp-content\/uploads\/2024\/07\/Skeppsholmen-Krona-2.jpg","width":1920,"height":1080},{"@type":"BreadcrumbList","@id":"https:\/\/www.skeppsholmsgruppen.se\/de\/ueber-uns\/anfrage-fuer-ein-angebot\/#breadcrumb","itemListElement":[{"@type":"ListItem","position":1,"name":"Hem","item":"https:\/\/www.skeppsholmsgruppen.se\/de\/"},{"@type":"ListItem","position":2,"name":"\u00dcber uns","item":"https:\/\/www.skeppsholmsgruppen.se\/de\/ueber-uns\/"},{"@type":"ListItem","position":3,"name":"Anfrage f\u00fcr ein Angebot"}]},{"@type":"WebSite","@id":"https:\/\/skeppsholmsgruppen.se\/#website","url":"https:\/\/skeppsholmsgruppen.se\/","name":"Skeppsholmsgruppen","description":"En historisk p\u00e4rla f\u00f6r konferens, event och fest bel\u00e4gen mitt i hj\u00e4rtat av Stockhom.","publisher":{"@id":"https:\/\/skeppsholmsgruppen.se\/#organization"},"potentialAction":[{"@type":"SearchAction","target":{"@type":"EntryPoint","urlTemplate":"https:\/\/skeppsholmsgruppen.se\/?s={search_term_string}"},"query-input":{"@type":"PropertyValueSpecification","valueRequired":true,"valueName":"search_term_string"}}],"inLanguage":"de"},{"@type":"Organization","@id":"https:\/\/skeppsholmsgruppen.se\/#organization","name":"Skeppsholmsgruppen","url":"https:\/\/skeppsholmsgruppen.se\/","logo":{"@type":"ImageObject","inLanguage":"de","@id":"https:\/\/skeppsholmsgruppen.se\/#\/schema\/logo\/image\/","url":"https:\/\/www.skeppsholmsgruppen.se\/wp-content\/uploads\/2024\/03\/SHG-icon-white-130.png","contentUrl":"https:\/\/www.skeppsholmsgruppen.se\/wp-content\/uploads\/2024\/03\/SHG-icon-white-130.png","width":130,"height":130,"caption":"Skeppsholmsgruppen"},"image":{"@id":"https:\/\/skeppsholmsgruppen.se\/#\/schema\/logo\/image\/"}}]}},"_links":{"self":[{"href":"https:\/\/www.skeppsholmsgruppen.se\/de\/wp-json\/wp\/v2\/pages\/7354","targetHints":{"allow":["GET"]}}],"collection":[{"href":"https:\/\/www.skeppsholmsgruppen.se\/de\/wp-json\/wp\/v2\/pages"}],"about":[{"href":"https:\/\/www.skeppsholmsgruppen.se\/de\/wp-json\/wp\/v2\/types\/page"}],"author":[{"embeddable":true,"href":"https:\/\/www.skeppsholmsgruppen.se\/de\/wp-json\/wp\/v2\/users\/247968712"}],"replies":[{"embeddable":true,"href":"https:\/\/www.skeppsholmsgruppen.se\/de\/wp-json\/wp\/v2\/comments?post=7354"}],"version-history":[{"count":8,"href":"https:\/\/www.skeppsholmsgruppen.se\/de\/wp-json\/wp\/v2\/pages\/7354\/revisions"}],"predecessor-version":[{"id":12246,"href":"https:\/\/www.skeppsholmsgruppen.se\/de\/wp-json\/wp\/v2\/pages\/7354\/revisions\/12246"}],"up":[{"embeddable":true,"href":"https:\/\/www.skeppsholmsgruppen.se\/de\/wp-json\/wp\/v2\/pages\/7061"}],"wp:featuredmedia":[{"embeddable":true,"href":"https:\/\/www.skeppsholmsgruppen.se\/de\/wp-json\/wp\/v2\/media\/8550"}],"wp:attachment":[{"href":"https:\/\/www.skeppsholmsgruppen.se\/de\/wp-json\/wp\/v2\/media?parent=7354"}],"curies":[{"name":"wp","href":"https:\/\/api.w.org\/{rel}","templated":true}]}}