{"id":17937,"date":"2024-05-06T13:04:45","date_gmt":"2024-05-06T11:04:45","guid":{"rendered":"https:\/\/www.skeppsholmsgruppen.se\/unique-event-spaces\/segelsalen\/furnishings-in-the-sailing-hall\/"},"modified":"2025-03-13T13:51:02","modified_gmt":"2025-03-13T12:51:02","slug":"furnishings-in-the-sailing-hall","status":"publish","type":"page","link":"https:\/\/www.skeppsholmsgruppen.se\/en\/unique-event-spaces\/segelsalen\/furnishings-in-the-sailing-hall\/","title":{"rendered":"Furnishings in the Sailing Hall"},"content":{"rendered":"\t\t<div data-elementor-type=\"wp-page\" data-elementor-id=\"17937\" class=\"elementor elementor-17937 elementor-3460\" data-elementor-post-type=\"page\">\n\t\t\t\t<div class=\"elementor-element elementor-element-63aee9c6 e-flex e-con-boxed e-con e-parent\" data-id=\"63aee9c6\" data-element_type=\"container\" data-e-type=\"container\" data-settings=\"{&quot;background_background&quot;:&quot;classic&quot;}\">\n\t\t\t\t\t<div class=\"e-con-inner\">\n\t\t<div class=\"elementor-element elementor-element-18e3cfea e-con-full e-flex e-con e-child\" data-id=\"18e3cfea\" data-element_type=\"container\" data-e-type=\"container\">\n\t\t\t\t<div class=\"elementor-element elementor-element-25940c4e elementor-widget elementor-widget-heading\" data-id=\"25940c4e\" data-element_type=\"widget\" data-e-type=\"widget\" data-widget_type=\"heading.default\">\n\t\t\t\t<div class=\"elementor-widget-container\">\n\t\t\t\t\t<h2 class=\"elementor-heading-title elementor-size-default\">Furnishing options for  <\/h2>\t\t\t\t<\/div>\n\t\t\t\t<\/div>\n\t\t\t\t<div class=\"elementor-element elementor-element-7635aa76 elementor-widget elementor-widget-heading\" data-id=\"7635aa76\" data-element_type=\"widget\" data-e-type=\"widget\" data-widget_type=\"heading.default\">\n\t\t\t\t<div class=\"elementor-widget-container\">\n\t\t\t\t\t<h1 class=\"elementor-heading-title elementor-size-default\">Sailing halls<\/h1>\t\t\t\t<\/div>\n\t\t\t\t<\/div>\n\t\t\t\t<div class=\"elementor-element elementor-element-34cdc8f5 elementor-widget elementor-widget-text-editor\" data-id=\"34cdc8f5\" data-element_type=\"widget\" data-e-type=\"widget\" data-widget_type=\"text-editor.default\">\n\t\t\t\t<div class=\"elementor-widget-container\">\n\t\t\t\t\t\t\t\t\t<p>Our customized furnishing proposals create an atmosphere that complements the historic charm of the Sailing Hall. Whether it&#8217;s an exclusive dinner, a business conference or an elegant wedding celebration, we offer flexible options that can be customized to your preferences. <\/p>\n\t\t\t\t\t\t\t\t<\/div>\n\t\t\t\t<\/div>\n\t\t\t\t<\/div>\n\t\t\t\t\t<\/div>\n\t\t\t\t<\/div>\n\t\t<div class=\"elementor-element elementor-element-378e75e5 e-flex e-con-boxed e-con e-parent\" data-id=\"378e75e5\" data-element_type=\"container\" data-e-type=\"container\">\n\t\t\t\t\t<div class=\"e-con-inner\">\n\t\t\t\t<div class=\"elementor-element elementor-element-599eb3ea elementor-widget elementor-widget-gallery\" data-id=\"599eb3ea\" data-element_type=\"widget\" data-e-type=\"widget\" data-settings=\"{&quot;overlay_description&quot;:&quot;title&quot;,&quot;gallery_layout&quot;:&quot;justified&quot;,&quot;ideal_row_height&quot;:{&quot;unit&quot;:&quot;px&quot;,&quot;size&quot;:200,&quot;sizes&quot;:[]},&quot;ideal_row_height_tablet&quot;:{&quot;unit&quot;:&quot;px&quot;,&quot;size&quot;:150,&quot;sizes&quot;:[]},&quot;ideal_row_height_mobile&quot;:{&quot;unit&quot;:&quot;px&quot;,&quot;size&quot;:150,&quot;sizes&quot;:[]},&quot;gap&quot;:{&quot;unit&quot;:&quot;px&quot;,&quot;size&quot;:10,&quot;sizes&quot;:[]},&quot;gap_tablet&quot;:{&quot;unit&quot;:&quot;px&quot;,&quot;size&quot;:10,&quot;sizes&quot;:[]},&quot;gap_mobile&quot;:{&quot;unit&quot;:&quot;px&quot;,&quot;size&quot;:10,&quot;sizes&quot;:[]},&quot;link_to&quot;:&quot;file&quot;,&quot;overlay_background&quot;:&quot;yes&quot;,&quot;content_hover_animation&quot;:&quot;fade-in&quot;}\" data-widget_type=\"gallery.default\">\n\t\t\t\t<div class=\"elementor-widget-container\">\n\t\t\t\t\t\t\t<div class=\"elementor-gallery__container\">\n\t\t\t\t\t\t\t<a class=\"e-gallery-item elementor-gallery-item elementor-animated-content\" href=\"https:\/\/www.skeppsholmsgruppen.se\/wp-content\/uploads\/2024\/04\/3d-segelsalen-oversikt-C.jpg\" data-elementor-open-lightbox=\"yes\" data-elementor-lightbox-slideshow=\"599eb3ea\" data-elementor-lightbox-title=\"3d-segelsalen-oversikt-C\" data-e-action-hash=\"#elementor-action%3Aaction%3Dlightbox%26settings%3DeyJpZCI6MTM3MiwidXJsIjoiaHR0cHM6XC9cL3d3dy5za2VwcHNob2xtc2dydXBwZW4uc2VcL3dwLWNvbnRlbnRcL3VwbG9hZHNcLzIwMjRcLzA0XC8zZC1zZWdlbHNhbGVuLW92ZXJzaWt0LUMuanBnIiwic2xpZGVzaG93IjoiNTk5ZWIzZWEifQ%3D%3D\">\n\t\t\t\t\t<div class=\"e-gallery-image elementor-gallery-item__image\" data-thumbnail=\"https:\/\/www.skeppsholmsgruppen.se\/wp-content\/uploads\/2024\/04\/3d-segelsalen-oversikt-C-1024x768.jpg\" data-width=\"800\" data-height=\"600\" aria-label=\"\" role=\"img\" ><\/div>\n\t\t\t\t\t\t\t\t\t\t\t<div class=\"elementor-gallery-item__overlay\"><\/div>\n\t\t\t\t\t\t\t\t\t\t\t\t\t\t\t<div class=\"elementor-gallery-item__content\">\n\t\t\t\t\t\t\t\t\t\t\t\t\t\t<div class=\"elementor-gallery-item__description\">\n\t\t\t\t\t\t\t\t\t\t\t\t\t\t\t\t\t\t3d-segelsalen-oversikt-C\t\t\t\t\t\t\t\t<\/div>\n\t\t\t\t\t\t\t\t\t\t\t\t<\/div>\n\t\t\t\t\t\t\t\t\t<\/a>\n\t\t\t\t\t\t\t<a class=\"e-gallery-item elementor-gallery-item elementor-animated-content\" href=\"https:\/\/www.skeppsholmsgruppen.se\/wp-content\/uploads\/2024\/04\/3d-segelsalen-oversikt-B.jpg\" data-elementor-open-lightbox=\"yes\" data-elementor-lightbox-slideshow=\"599eb3ea\" data-elementor-lightbox-title=\"3d-segelsalen-oversikt-B\" data-e-action-hash=\"#elementor-action%3Aaction%3Dlightbox%26settings%3DeyJpZCI6MTM3MSwidXJsIjoiaHR0cHM6XC9cL3d3dy5za2VwcHNob2xtc2dydXBwZW4uc2VcL3dwLWNvbnRlbnRcL3VwbG9hZHNcLzIwMjRcLzA0XC8zZC1zZWdlbHNhbGVuLW92ZXJzaWt0LUIuanBnIiwic2xpZGVzaG93IjoiNTk5ZWIzZWEifQ%3D%3D\">\n\t\t\t\t\t<div class=\"e-gallery-image elementor-gallery-item__image\" data-thumbnail=\"https:\/\/www.skeppsholmsgruppen.se\/wp-content\/uploads\/2024\/04\/3d-segelsalen-oversikt-B-1024x768.jpg\" data-width=\"800\" data-height=\"600\" aria-label=\"\" role=\"img\" ><\/div>\n\t\t\t\t\t\t\t\t\t\t\t<div class=\"elementor-gallery-item__overlay\"><\/div>\n\t\t\t\t\t\t\t\t\t\t\t\t\t\t\t<div class=\"elementor-gallery-item__content\">\n\t\t\t\t\t\t\t\t\t\t\t\t\t\t<div class=\"elementor-gallery-item__description\">\n\t\t\t\t\t\t\t\t\t\t\t\t\t\t\t\t\t\t3d-segelsalen-oversikt-B\t\t\t\t\t\t\t\t<\/div>\n\t\t\t\t\t\t\t\t\t\t\t\t<\/div>\n\t\t\t\t\t\t\t\t\t<\/a>\n\t\t\t\t\t\t\t<a class=\"e-gallery-item elementor-gallery-item elementor-animated-content\" href=\"https:\/\/www.skeppsholmsgruppen.se\/wp-content\/uploads\/2024\/04\/3d-segelsalen-oversikt-A.jpg\" data-elementor-open-lightbox=\"yes\" data-elementor-lightbox-slideshow=\"599eb3ea\" data-elementor-lightbox-title=\"3d-segelsalen-oversikt-A\" data-e-action-hash=\"#elementor-action%3Aaction%3Dlightbox%26settings%3DeyJpZCI6MTM3MCwidXJsIjoiaHR0cHM6XC9cL3d3dy5za2VwcHNob2xtc2dydXBwZW4uc2VcL3dwLWNvbnRlbnRcL3VwbG9hZHNcLzIwMjRcLzA0XC8zZC1zZWdlbHNhbGVuLW92ZXJzaWt0LUEuanBnIiwic2xpZGVzaG93IjoiNTk5ZWIzZWEifQ%3D%3D\">\n\t\t\t\t\t<div class=\"e-gallery-image elementor-gallery-item__image\" data-thumbnail=\"https:\/\/www.skeppsholmsgruppen.se\/wp-content\/uploads\/2024\/04\/3d-segelsalen-oversikt-A-1024x768.jpg\" data-width=\"800\" data-height=\"600\" aria-label=\"\" role=\"img\" ><\/div>\n\t\t\t\t\t\t\t\t\t\t\t<div class=\"elementor-gallery-item__overlay\"><\/div>\n\t\t\t\t\t\t\t\t\t\t\t\t\t\t\t<div class=\"elementor-gallery-item__content\">\n\t\t\t\t\t\t\t\t\t\t\t\t\t\t<div class=\"elementor-gallery-item__description\">\n\t\t\t\t\t\t\t\t\t\t\t\t\t\t\t\t\t\t3d-segelsalen-oversikt-A\t\t\t\t\t\t\t\t<\/div>\n\t\t\t\t\t\t\t\t\t\t\t\t<\/div>\n\t\t\t\t\t\t\t\t\t<\/a>\n\t\t\t\t\t\t\t<a class=\"e-gallery-item elementor-gallery-item elementor-animated-content\" href=\"https:\/\/www.skeppsholmsgruppen.se\/wp-content\/uploads\/2024\/04\/3d-segelsalen-120-lbord.jpg\" data-elementor-open-lightbox=\"yes\" data-elementor-lightbox-slideshow=\"599eb3ea\" data-elementor-lightbox-title=\"3d-segelsalen-120-lbord\" data-e-action-hash=\"#elementor-action%3Aaction%3Dlightbox%26settings%3DeyJpZCI6MTM2OSwidXJsIjoiaHR0cHM6XC9cL3d3dy5za2VwcHNob2xtc2dydXBwZW4uc2VcL3dwLWNvbnRlbnRcL3VwbG9hZHNcLzIwMjRcLzA0XC8zZC1zZWdlbHNhbGVuLTEyMC1sYm9yZC5qcGciLCJzbGlkZXNob3ciOiI1OTllYjNlYSJ9\">\n\t\t\t\t\t<div class=\"e-gallery-image elementor-gallery-item__image\" data-thumbnail=\"https:\/\/www.skeppsholmsgruppen.se\/wp-content\/uploads\/2024\/04\/3d-segelsalen-120-lbord-1024x768.jpg\" data-width=\"800\" data-height=\"600\" aria-label=\"\" role=\"img\" ><\/div>\n\t\t\t\t\t\t\t\t\t\t\t<div class=\"elementor-gallery-item__overlay\"><\/div>\n\t\t\t\t\t\t\t\t\t\t\t\t\t\t\t<div class=\"elementor-gallery-item__content\">\n\t\t\t\t\t\t\t\t\t\t\t\t\t\t<div class=\"elementor-gallery-item__description\">\n\t\t\t\t\t\t\t\t\t\t\t\t\t\t\t\t\t\t3d-segelsalen-120-lbord\t\t\t\t\t\t\t\t<\/div>\n\t\t\t\t\t\t\t\t\t\t\t\t<\/div>\n\t\t\t\t\t\t\t\t\t<\/a>\n\t\t\t\t\t\t\t<a class=\"e-gallery-item elementor-gallery-item elementor-animated-content\" href=\"https:\/\/www.skeppsholmsgruppen.se\/wp-content\/uploads\/2024\/04\/3d-segelsalen-104-h-lbord.jpg\" data-elementor-open-lightbox=\"yes\" data-elementor-lightbox-slideshow=\"599eb3ea\" data-elementor-lightbox-title=\"3d-segelsalen-104-h-lbord\" data-e-action-hash=\"#elementor-action%3Aaction%3Dlightbox%26settings%3DeyJpZCI6MTM2OCwidXJsIjoiaHR0cHM6XC9cL3d3dy5za2VwcHNob2xtc2dydXBwZW4uc2VcL3dwLWNvbnRlbnRcL3VwbG9hZHNcLzIwMjRcLzA0XC8zZC1zZWdlbHNhbGVuLTEwNC1oLWxib3JkLmpwZyIsInNsaWRlc2hvdyI6IjU5OWViM2VhIn0%3D\">\n\t\t\t\t\t<div class=\"e-gallery-image elementor-gallery-item__image\" data-thumbnail=\"https:\/\/www.skeppsholmsgruppen.se\/wp-content\/uploads\/2024\/04\/3d-segelsalen-104-h-lbord-1024x768.jpg\" data-width=\"800\" data-height=\"600\" aria-label=\"\" role=\"img\" ><\/div>\n\t\t\t\t\t\t\t\t\t\t\t<div class=\"elementor-gallery-item__overlay\"><\/div>\n\t\t\t\t\t\t\t\t\t\t\t\t\t\t\t<div class=\"elementor-gallery-item__content\">\n\t\t\t\t\t\t\t\t\t\t\t\t\t\t<div class=\"elementor-gallery-item__description\">\n\t\t\t\t\t\t\t\t\t\t\t\t\t\t\t\t\t\t3d-segelsalen-104-h-lbord\t\t\t\t\t\t\t\t<\/div>\n\t\t\t\t\t\t\t\t\t\t\t\t<\/div>\n\t\t\t\t\t\t\t\t\t<\/a>\n\t\t\t\t\t\t\t<a class=\"e-gallery-item elementor-gallery-item elementor-animated-content\" href=\"https:\/\/www.skeppsholmsgruppen.se\/wp-content\/uploads\/2024\/04\/3d-segelsalen-80-oar.jpg\" data-elementor-open-lightbox=\"yes\" data-elementor-lightbox-slideshow=\"599eb3ea\" data-elementor-lightbox-title=\"3d-segelsalen-80-oar\" data-e-action-hash=\"#elementor-action%3Aaction%3Dlightbox%26settings%3DeyJpZCI6MTM2NywidXJsIjoiaHR0cHM6XC9cL3d3dy5za2VwcHNob2xtc2dydXBwZW4uc2VcL3dwLWNvbnRlbnRcL3VwbG9hZHNcLzIwMjRcLzA0XC8zZC1zZWdlbHNhbGVuLTgwLW9hci5qcGciLCJzbGlkZXNob3ciOiI1OTllYjNlYSJ9\">\n\t\t\t\t\t<div class=\"e-gallery-image elementor-gallery-item__image\" data-thumbnail=\"https:\/\/www.skeppsholmsgruppen.se\/wp-content\/uploads\/2024\/04\/3d-segelsalen-80-oar-1024x768.jpg\" data-width=\"800\" data-height=\"600\" aria-label=\"\" role=\"img\" ><\/div>\n\t\t\t\t\t\t\t\t\t\t\t<div class=\"elementor-gallery-item__overlay\"><\/div>\n\t\t\t\t\t\t\t\t\t\t\t\t\t\t\t<div class=\"elementor-gallery-item__content\">\n\t\t\t\t\t\t\t\t\t\t\t\t\t\t<div class=\"elementor-gallery-item__description\">\n\t\t\t\t\t\t\t\t\t\t\t\t\t\t\t\t\t\t3d-segelsalen-80-oar\t\t\t\t\t\t\t\t<\/div>\n\t\t\t\t\t\t\t\t\t\t\t\t<\/div>\n\t\t\t\t\t\t\t\t\t<\/a>\n\t\t\t\t\t\t\t<a class=\"e-gallery-item elementor-gallery-item elementor-animated-content\" href=\"https:\/\/www.skeppsholmsgruppen.se\/wp-content\/uploads\/2024\/04\/3d-segelsalen-72-lbord.jpg\" data-elementor-open-lightbox=\"yes\" data-elementor-lightbox-slideshow=\"599eb3ea\" data-elementor-lightbox-title=\"3d-segelsalen-72-lbord\" data-e-action-hash=\"#elementor-action%3Aaction%3Dlightbox%26settings%3DeyJpZCI6MTM2NiwidXJsIjoiaHR0cHM6XC9cL3d3dy5za2VwcHNob2xtc2dydXBwZW4uc2VcL3dwLWNvbnRlbnRcL3VwbG9hZHNcLzIwMjRcLzA0XC8zZC1zZWdlbHNhbGVuLTcyLWxib3JkLmpwZyIsInNsaWRlc2hvdyI6IjU5OWViM2VhIn0%3D\">\n\t\t\t\t\t<div class=\"e-gallery-image elementor-gallery-item__image\" data-thumbnail=\"https:\/\/www.skeppsholmsgruppen.se\/wp-content\/uploads\/2024\/04\/3d-segelsalen-72-lbord-1024x768.jpg\" data-width=\"800\" data-height=\"600\" aria-label=\"\" role=\"img\" ><\/div>\n\t\t\t\t\t\t\t\t\t\t\t<div class=\"elementor-gallery-item__overlay\"><\/div>\n\t\t\t\t\t\t\t\t\t\t\t\t\t\t\t<div class=\"elementor-gallery-item__content\">\n\t\t\t\t\t\t\t\t\t\t\t\t\t\t<div class=\"elementor-gallery-item__description\">\n\t\t\t\t\t\t\t\t\t\t\t\t\t\t\t\t\t\t3d-segelsalen-72-lbord\t\t\t\t\t\t\t\t<\/div>\n\t\t\t\t\t\t\t\t\t\t\t\t<\/div>\n\t\t\t\t\t\t\t\t\t<\/a>\n\t\t\t\t\t<\/div>\n\t\t\t\t\t<\/div>\n\t\t\t\t<\/div>\n\t\t\t\t\t<\/div>\n\t\t\t\t<\/div>\n\t\t\t\t<\/div>\n\t\t","protected":false},"excerpt":{"rendered":"<p>Furnishing options for Sailing halls Our customized furnishing proposals create an atmosphere that complements the historic charm of the Sailing Hall. Whether it&#8217;s an exclusive dinner, a business conference or an elegant wedding celebration, we offer flexible options that can be customized to your preferences. 3d-segelsalen-oversikt-C 3d-segelsalen-oversikt-B 3d-segelsalen-oversikt-A 3d-segelsalen-120-lbord 3d-segelsalen-104-h-lbord 3d-segelsalen-80-oar 3d-segelsalen-72-lbord<\/p>\n","protected":false},"author":247968712,"featured_media":5881,"parent":7146,"menu_order":0,"comment_status":"closed","ping_status":"closed","template":"","meta":{"_acf_changed":false,"footnotes":""},"class_list":["post-17937","page","type-page","status-publish","has-post-thumbnail","hentry"],"acf":[],"yoast_head":"<!-- This site is optimized with the Yoast SEO plugin v27.5 - https:\/\/yoast.com\/product\/yoast-seo-wordpress\/ -->\n<title>Furnishing in the Sailing Hall for events and conferences<\/title>\n<meta name=\"description\" content=\"Explore furnishing options in Segelsalen for your party or event on Skeppsholmen.\" \/>\n<meta name=\"robots\" content=\"index, follow, max-snippet:-1, max-image-preview:large, max-video-preview:-1\" \/>\n<link rel=\"canonical\" href=\"https:\/\/www.skeppsholmsgruppen.se\/en\/unique-event-spaces\/segelsalen\/furnishings-in-the-sailing-hall\/\" \/>\n<meta property=\"og:locale\" content=\"en_US\" \/>\n<meta property=\"og:type\" content=\"article\" \/>\n<meta property=\"og:title\" content=\"Furnishing in the Sailing Hall on Skeppsholmen for Events and Parties | Skeppsholmsgruppen\" \/>\n<meta property=\"og:description\" content=\"Explore furnishing options in Segelsalen for your party or event on Skeppsholmen. Read more about our flexible party rooms with great views.\" \/>\n<meta property=\"og:url\" content=\"https:\/\/www.skeppsholmsgruppen.se\/en\/unique-event-spaces\/segelsalen\/furnishings-in-the-sailing-hall\/\" \/>\n<meta property=\"og:site_name\" content=\"Skeppsholmsgruppen\" \/>\n<meta property=\"article:modified_time\" content=\"2025-03-13T12:51:02+00:00\" \/>\n<meta property=\"og:image\" content=\"https:\/\/www.skeppsholmsgruppen.se\/wp-content\/uploads\/2024\/04\/Segelsalen-sittandes-brollopsmiddag.jpg\" \/>\n\t<meta property=\"og:image:width\" content=\"1620\" \/>\n\t<meta property=\"og:image:height\" content=\"1080\" \/>\n\t<meta property=\"og:image:type\" content=\"image\/jpeg\" \/>\n<meta name=\"twitter:card\" content=\"summary_large_image\" \/>\n<script type=\"application\/ld+json\" class=\"yoast-schema-graph\">{\"@context\":\"https:\\\/\\\/schema.org\",\"@graph\":[{\"@type\":\"WebPage\",\"@id\":\"https:\\\/\\\/www.skeppsholmsgruppen.se\\\/en\\\/unique-event-spaces\\\/segelsalen\\\/furnishings-in-the-sailing-hall\\\/\",\"url\":\"https:\\\/\\\/www.skeppsholmsgruppen.se\\\/en\\\/unique-event-spaces\\\/segelsalen\\\/furnishings-in-the-sailing-hall\\\/\",\"name\":\"Furnishing in the Sailing Hall for events and conferences\",\"isPartOf\":{\"@id\":\"https:\\\/\\\/skeppsholmsgruppen.se\\\/#website\"},\"primaryImageOfPage\":{\"@id\":\"https:\\\/\\\/www.skeppsholmsgruppen.se\\\/en\\\/unique-event-spaces\\\/segelsalen\\\/furnishings-in-the-sailing-hall\\\/#primaryimage\"},\"image\":{\"@id\":\"https:\\\/\\\/www.skeppsholmsgruppen.se\\\/en\\\/unique-event-spaces\\\/segelsalen\\\/furnishings-in-the-sailing-hall\\\/#primaryimage\"},\"thumbnailUrl\":\"https:\\\/\\\/www.skeppsholmsgruppen.se\\\/wp-content\\\/uploads\\\/2024\\\/04\\\/Segelsalen-sittandes-brollopsmiddag.jpg\",\"datePublished\":\"2024-05-06T11:04:45+00:00\",\"dateModified\":\"2025-03-13T12:51:02+00:00\",\"description\":\"Explore furnishing options in Segelsalen for your party or event on Skeppsholmen.\",\"breadcrumb\":{\"@id\":\"https:\\\/\\\/www.skeppsholmsgruppen.se\\\/en\\\/unique-event-spaces\\\/segelsalen\\\/furnishings-in-the-sailing-hall\\\/#breadcrumb\"},\"inLanguage\":\"en-US\",\"potentialAction\":[{\"@type\":\"ReadAction\",\"target\":[\"https:\\\/\\\/www.skeppsholmsgruppen.se\\\/en\\\/unique-event-spaces\\\/segelsalen\\\/furnishings-in-the-sailing-hall\\\/\"]}]},{\"@type\":\"ImageObject\",\"inLanguage\":\"en-US\",\"@id\":\"https:\\\/\\\/www.skeppsholmsgruppen.se\\\/en\\\/unique-event-spaces\\\/segelsalen\\\/furnishings-in-the-sailing-hall\\\/#primaryimage\",\"url\":\"https:\\\/\\\/www.skeppsholmsgruppen.se\\\/wp-content\\\/uploads\\\/2024\\\/04\\\/Segelsalen-sittandes-brollopsmiddag.jpg\",\"contentUrl\":\"https:\\\/\\\/www.skeppsholmsgruppen.se\\\/wp-content\\\/uploads\\\/2024\\\/04\\\/Segelsalen-sittandes-brollopsmiddag.jpg\",\"width\":1620,\"height\":1080},{\"@type\":\"BreadcrumbList\",\"@id\":\"https:\\\/\\\/www.skeppsholmsgruppen.se\\\/en\\\/unique-event-spaces\\\/segelsalen\\\/furnishings-in-the-sailing-hall\\\/#breadcrumb\",\"itemListElement\":[{\"@type\":\"ListItem\",\"position\":1,\"name\":\"Hem\",\"item\":\"https:\\\/\\\/www.skeppsholmsgruppen.se\\\/en\\\/\"},{\"@type\":\"ListItem\",\"position\":2,\"name\":\"Unique event spaces\",\"item\":\"https:\\\/\\\/www.skeppsholmsgruppen.se\\\/en\\\/unique-event-spaces\\\/\"},{\"@type\":\"ListItem\",\"position\":3,\"name\":\"Sailing halls\",\"item\":\"https:\\\/\\\/www.skeppsholmsgruppen.se\\\/en\\\/unique-event-spaces\\\/segelsalen\\\/\"},{\"@type\":\"ListItem\",\"position\":4,\"name\":\"Furnishings in the Sailing Hall\"}]},{\"@type\":\"WebSite\",\"@id\":\"https:\\\/\\\/skeppsholmsgruppen.se\\\/#website\",\"url\":\"https:\\\/\\\/skeppsholmsgruppen.se\\\/\",\"name\":\"Skeppsholmsgruppen\",\"description\":\"En historisk p\u00e4rla f\u00f6r konferens, event och fest bel\u00e4gen mitt i hj\u00e4rtat av Stockhom.\",\"publisher\":{\"@id\":\"https:\\\/\\\/skeppsholmsgruppen.se\\\/#organization\"},\"potentialAction\":[{\"@type\":\"SearchAction\",\"target\":{\"@type\":\"EntryPoint\",\"urlTemplate\":\"https:\\\/\\\/skeppsholmsgruppen.se\\\/?s={search_term_string}\"},\"query-input\":{\"@type\":\"PropertyValueSpecification\",\"valueRequired\":true,\"valueName\":\"search_term_string\"}}],\"inLanguage\":\"en-US\"},{\"@type\":\"Organization\",\"@id\":\"https:\\\/\\\/skeppsholmsgruppen.se\\\/#organization\",\"name\":\"Skeppsholmsgruppen\",\"url\":\"https:\\\/\\\/skeppsholmsgruppen.se\\\/\",\"logo\":{\"@type\":\"ImageObject\",\"inLanguage\":\"en-US\",\"@id\":\"https:\\\/\\\/skeppsholmsgruppen.se\\\/#\\\/schema\\\/logo\\\/image\\\/\",\"url\":\"https:\\\/\\\/www.skeppsholmsgruppen.se\\\/wp-content\\\/uploads\\\/2024\\\/03\\\/SHG-icon-white-130.png\",\"contentUrl\":\"https:\\\/\\\/www.skeppsholmsgruppen.se\\\/wp-content\\\/uploads\\\/2024\\\/03\\\/SHG-icon-white-130.png\",\"width\":130,\"height\":130,\"caption\":\"Skeppsholmsgruppen\"},\"image\":{\"@id\":\"https:\\\/\\\/skeppsholmsgruppen.se\\\/#\\\/schema\\\/logo\\\/image\\\/\"}}]}<\/script>\n<!-- \/ Yoast SEO plugin. -->","yoast_head_json":{"title":"Furnishing in the Sailing Hall for events and conferences","description":"Explore furnishing options in Segelsalen for your party or event on Skeppsholmen.","robots":{"index":"index","follow":"follow","max-snippet":"max-snippet:-1","max-image-preview":"max-image-preview:large","max-video-preview":"max-video-preview:-1"},"canonical":"https:\/\/www.skeppsholmsgruppen.se\/en\/unique-event-spaces\/segelsalen\/furnishings-in-the-sailing-hall\/","og_locale":"en_US","og_type":"article","og_title":"Furnishing in the Sailing Hall on Skeppsholmen for Events and Parties | Skeppsholmsgruppen","og_description":"Explore furnishing options in Segelsalen for your party or event on Skeppsholmen. Read more about our flexible party rooms with great views.","og_url":"https:\/\/www.skeppsholmsgruppen.se\/en\/unique-event-spaces\/segelsalen\/furnishings-in-the-sailing-hall\/","og_site_name":"Skeppsholmsgruppen","article_modified_time":"2025-03-13T12:51:02+00:00","og_image":[{"width":1620,"height":1080,"url":"https:\/\/www.skeppsholmsgruppen.se\/wp-content\/uploads\/2024\/04\/Segelsalen-sittandes-brollopsmiddag.jpg","type":"image\/jpeg"}],"twitter_card":"summary_large_image","schema":{"@context":"https:\/\/schema.org","@graph":[{"@type":"WebPage","@id":"https:\/\/www.skeppsholmsgruppen.se\/en\/unique-event-spaces\/segelsalen\/furnishings-in-the-sailing-hall\/","url":"https:\/\/www.skeppsholmsgruppen.se\/en\/unique-event-spaces\/segelsalen\/furnishings-in-the-sailing-hall\/","name":"Furnishing in the Sailing Hall for events and conferences","isPartOf":{"@id":"https:\/\/skeppsholmsgruppen.se\/#website"},"primaryImageOfPage":{"@id":"https:\/\/www.skeppsholmsgruppen.se\/en\/unique-event-spaces\/segelsalen\/furnishings-in-the-sailing-hall\/#primaryimage"},"image":{"@id":"https:\/\/www.skeppsholmsgruppen.se\/en\/unique-event-spaces\/segelsalen\/furnishings-in-the-sailing-hall\/#primaryimage"},"thumbnailUrl":"https:\/\/www.skeppsholmsgruppen.se\/wp-content\/uploads\/2024\/04\/Segelsalen-sittandes-brollopsmiddag.jpg","datePublished":"2024-05-06T11:04:45+00:00","dateModified":"2025-03-13T12:51:02+00:00","description":"Explore furnishing options in Segelsalen for your party or event on Skeppsholmen.","breadcrumb":{"@id":"https:\/\/www.skeppsholmsgruppen.se\/en\/unique-event-spaces\/segelsalen\/furnishings-in-the-sailing-hall\/#breadcrumb"},"inLanguage":"en-US","potentialAction":[{"@type":"ReadAction","target":["https:\/\/www.skeppsholmsgruppen.se\/en\/unique-event-spaces\/segelsalen\/furnishings-in-the-sailing-hall\/"]}]},{"@type":"ImageObject","inLanguage":"en-US","@id":"https:\/\/www.skeppsholmsgruppen.se\/en\/unique-event-spaces\/segelsalen\/furnishings-in-the-sailing-hall\/#primaryimage","url":"https:\/\/www.skeppsholmsgruppen.se\/wp-content\/uploads\/2024\/04\/Segelsalen-sittandes-brollopsmiddag.jpg","contentUrl":"https:\/\/www.skeppsholmsgruppen.se\/wp-content\/uploads\/2024\/04\/Segelsalen-sittandes-brollopsmiddag.jpg","width":1620,"height":1080},{"@type":"BreadcrumbList","@id":"https:\/\/www.skeppsholmsgruppen.se\/en\/unique-event-spaces\/segelsalen\/furnishings-in-the-sailing-hall\/#breadcrumb","itemListElement":[{"@type":"ListItem","position":1,"name":"Hem","item":"https:\/\/www.skeppsholmsgruppen.se\/en\/"},{"@type":"ListItem","position":2,"name":"Unique event spaces","item":"https:\/\/www.skeppsholmsgruppen.se\/en\/unique-event-spaces\/"},{"@type":"ListItem","position":3,"name":"Sailing halls","item":"https:\/\/www.skeppsholmsgruppen.se\/en\/unique-event-spaces\/segelsalen\/"},{"@type":"ListItem","position":4,"name":"Furnishings in the Sailing Hall"}]},{"@type":"WebSite","@id":"https:\/\/skeppsholmsgruppen.se\/#website","url":"https:\/\/skeppsholmsgruppen.se\/","name":"Skeppsholmsgruppen","description":"En historisk p\u00e4rla f\u00f6r konferens, event och fest bel\u00e4gen mitt i hj\u00e4rtat av Stockhom.","publisher":{"@id":"https:\/\/skeppsholmsgruppen.se\/#organization"},"potentialAction":[{"@type":"SearchAction","target":{"@type":"EntryPoint","urlTemplate":"https:\/\/skeppsholmsgruppen.se\/?s={search_term_string}"},"query-input":{"@type":"PropertyValueSpecification","valueRequired":true,"valueName":"search_term_string"}}],"inLanguage":"en-US"},{"@type":"Organization","@id":"https:\/\/skeppsholmsgruppen.se\/#organization","name":"Skeppsholmsgruppen","url":"https:\/\/skeppsholmsgruppen.se\/","logo":{"@type":"ImageObject","inLanguage":"en-US","@id":"https:\/\/skeppsholmsgruppen.se\/#\/schema\/logo\/image\/","url":"https:\/\/www.skeppsholmsgruppen.se\/wp-content\/uploads\/2024\/03\/SHG-icon-white-130.png","contentUrl":"https:\/\/www.skeppsholmsgruppen.se\/wp-content\/uploads\/2024\/03\/SHG-icon-white-130.png","width":130,"height":130,"caption":"Skeppsholmsgruppen"},"image":{"@id":"https:\/\/skeppsholmsgruppen.se\/#\/schema\/logo\/image\/"}}]}},"_links":{"self":[{"href":"https:\/\/www.skeppsholmsgruppen.se\/en\/wp-json\/wp\/v2\/pages\/17937","targetHints":{"allow":["GET"]}}],"collection":[{"href":"https:\/\/www.skeppsholmsgruppen.se\/en\/wp-json\/wp\/v2\/pages"}],"about":[{"href":"https:\/\/www.skeppsholmsgruppen.se\/en\/wp-json\/wp\/v2\/types\/page"}],"author":[{"embeddable":true,"href":"https:\/\/www.skeppsholmsgruppen.se\/en\/wp-json\/wp\/v2\/users\/247968712"}],"replies":[{"embeddable":true,"href":"https:\/\/www.skeppsholmsgruppen.se\/en\/wp-json\/wp\/v2\/comments?post=17937"}],"version-history":[{"count":1,"href":"https:\/\/www.skeppsholmsgruppen.se\/en\/wp-json\/wp\/v2\/pages\/17937\/revisions"}],"predecessor-version":[{"id":17939,"href":"https:\/\/www.skeppsholmsgruppen.se\/en\/wp-json\/wp\/v2\/pages\/17937\/revisions\/17939"}],"up":[{"embeddable":true,"href":"https:\/\/www.skeppsholmsgruppen.se\/en\/wp-json\/wp\/v2\/pages\/7146"}],"wp:featuredmedia":[{"embeddable":true,"href":"https:\/\/www.skeppsholmsgruppen.se\/en\/wp-json\/wp\/v2\/media\/5881"}],"wp:attachment":[{"href":"https:\/\/www.skeppsholmsgruppen.se\/en\/wp-json\/wp\/v2\/media?parent=17937"}],"curies":[{"name":"wp","href":"https:\/\/api.w.org\/{rel}","templated":true}]}}