{"id":7345,"date":"2024-04-02T09:50:26","date_gmt":"2024-04-02T07:50:26","guid":{"rendered":"https:\/\/www.skeppsholmsgruppen.se\/tailor-made-services\/concerts\/"},"modified":"2025-04-08T09:41:08","modified_gmt":"2025-04-08T07:41:08","slug":"concerts","status":"publish","type":"page","link":"https:\/\/www.skeppsholmsgruppen.se\/en\/tailor-made-services\/concerts\/","title":{"rendered":"Concerts"},"content":{"rendered":"\t\t<div data-elementor-type=\"wp-page\" data-elementor-id=\"7345\" class=\"elementor elementor-7345 elementor-1127\" data-elementor-post-type=\"page\">\n\t\t\t\t<div class=\"elementor-element elementor-element-7be8eeff e-flex e-con-boxed e-con e-parent\" data-id=\"7be8eeff\" data-element_type=\"container\" data-e-type=\"container\" data-settings=\"{&quot;background_background&quot;:&quot;video&quot;,&quot;background_video_link&quot;:&quot;https:\\\/\\\/youtu.be\\\/VU8XGHxEP5Y&quot;,&quot;background_video_start&quot;:0,&quot;background_play_on_mobile&quot;:&quot;yes&quot;}\">\n\t\t\t\t\t<div class=\"e-con-inner\">\n\t\t<div class=\"elementor-background-video-container\">\n\t\t\t\t\t\t\t<div class=\"elementor-background-video-embed\" role=\"presentation\"><\/div>\n\t\t\t\t\t\t<\/div>\t\t<div class=\"elementor-element elementor-element-485f3c9e elementor-widget elementor-widget-heading\" data-id=\"485f3c9e\" data-element_type=\"widget\" data-e-type=\"widget\" data-widget_type=\"heading.default\">\n\t\t\t\t<div class=\"elementor-widget-container\">\n\t\t\t\t\t<h2 class=\"elementor-heading-title elementor-size-default\">Organize a concert on Skeppsholmen<\/h2>\t\t\t\t<\/div>\n\t\t\t\t<\/div>\n\t\t\t\t\t<\/div>\n\t\t\t\t<\/div>\n\t\t<div class=\"elementor-element elementor-element-9998675 e-flex e-con-boxed e-con e-parent\" data-id=\"9998675\" data-element_type=\"container\" data-e-type=\"container\" data-settings=\"{&quot;background_background&quot;:&quot;classic&quot;}\">\n\t\t\t\t\t<div class=\"e-con-inner\">\n\t\t<div class=\"elementor-element elementor-element-826c282 e-flex e-con-boxed e-con e-child\" data-id=\"826c282\" data-element_type=\"container\" data-e-type=\"container\">\n\t\t\t\t\t<div class=\"e-con-inner\">\n\t\t\t\t<div class=\"elementor-element elementor-element-4c7dda64 elementor-widget elementor-widget-heading\" data-id=\"4c7dda64\" data-element_type=\"widget\" data-e-type=\"widget\" data-widget_type=\"heading.default\">\n\t\t\t\t<div class=\"elementor-widget-container\">\n\t\t\t\t\t<h2 class=\"elementor-heading-title elementor-size-default\">Culture, art &amp; music<\/h2>\t\t\t\t<\/div>\n\t\t\t\t<\/div>\n\t\t\t\t<div class=\"elementor-element elementor-element-3e5cbb57 elementor-widget elementor-widget-heading\" data-id=\"3e5cbb57\" data-element_type=\"widget\" data-e-type=\"widget\" data-widget_type=\"heading.default\">\n\t\t\t\t<div class=\"elementor-widget-container\">\n\t\t\t\t\t<h1 class=\"elementor-heading-title elementor-size-default\">Organize concerts &amp; public events<\/h1>\t\t\t\t<\/div>\n\t\t\t\t<\/div>\n\t\t\t\t<div class=\"elementor-element elementor-element-902abcf elementor-widget elementor-widget-text-editor\" data-id=\"902abcf\" data-element_type=\"widget\" data-e-type=\"widget\" data-widget_type=\"text-editor.default\">\n\t\t\t\t<div class=\"elementor-widget-container\">\n\t\t\t\t\t\t\t\t\t<div>\n<div>\n<div>\n<div>\n<div>\n<div>\n<p>Eric Ericsonhallen is a fantastic concert venue in the heart of Stockholm.<\/p>\n<\/div>\n<\/div>\n<\/div>\n<\/div>\n<\/div>\n<\/div>\n<div>\n<div>\n<div>\n<div>\n<div>\n<div>\n<div>\n<div>\n<div>\n<div>\n<div>\n<div>\n<div>\n<p>The modern, adjustable acoustics are suitable for most genres: choir and orchestra, opera, jazz, pop and folk music. Thanks to our acoustic chandelier and the adjustable, sound-absorbing curtains around the walls, the reverberation can be adjusted from about 2.5 to 5 seconds. With an audience, the reverberation is further reduced.  <\/p>\n<\/div>\n<\/div>\n<\/div>\n<\/div>\n<\/div>\n<\/div>\n<\/div>\n<\/div>\n<\/div>\n<\/div>\n<\/div>\n<\/div>\n<\/div>\n\t\t\t\t\t\t\t\t<\/div>\n\t\t\t\t<\/div>\n\t\t\t\t<div class=\"elementor-element elementor-element-29ddb84c elementor-align-center elementor-invisible elementor-widget elementor-widget-button\" data-id=\"29ddb84c\" data-element_type=\"widget\" data-e-type=\"widget\" data-settings=\"{&quot;_animation&quot;:&quot;fadeIn&quot;,&quot;_animation_delay&quot;:400}\" data-widget_type=\"button.default\">\n\t\t\t\t<div class=\"elementor-widget-container\">\n\t\t\t\t\t\t\t\t\t<div class=\"elementor-button-wrapper\">\n\t\t\t\t\t<a class=\"elementor-button elementor-button-link elementor-size-sm\" href=\"https:\/\/www.skeppsholmsgruppen.se\/en\/book-a-public-event\/\">\n\t\t\t\t\t\t<span class=\"elementor-button-content-wrapper\">\n\t\t\t\t\t\t\t\t\t<span class=\"elementor-button-text\">Book a public event<\/span>\n\t\t\t\t\t<\/span>\n\t\t\t\t\t<\/a>\n\t\t\t\t<\/div>\n\t\t\t\t\t\t\t\t<\/div>\n\t\t\t\t<\/div>\n\t\t\t\t<div class=\"elementor-element elementor-element-6420aa19 elementor-widget elementor-widget-text-editor\" data-id=\"6420aa19\" data-element_type=\"widget\" data-e-type=\"widget\" data-widget_type=\"text-editor.default\">\n\t\t\t\t<div class=\"elementor-widget-container\">\n\t\t\t\t\t\t\t\t\t<div>\n<div>\n<div>\n<div>\n<div>\n<div> <\/div>\n<\/div>\n<\/div>\n<\/div>\n<\/div>\n<\/div>\n<div>\n<div>\n<div>\n<div>\n<div>\n<div>\n<div>\n<div>\n<div>\n<div>\n<div>\n<div>\n<div>\n<p>The capacity of the venue is 550 people and we have seating for up to 420 people.<\/p>\n<p>There is a box for about 40 people, otherwise we refer to the two side stands.<\/p>\n<p>The Eric Ericson Hall has a fine Steinway D grand piano.<\/p>\n<p class=\"p1\">We have reserved <b>Sunday<\/b>, <b>Monday<\/b> and <b>Tuesday<\/b> for half-day and full-day cultural bookings.<\/p>\n<p class=\"p1\"><b>Culture booking Wednesday, Thursday, Friday and Saturday<\/b> are rented only <b>full days<\/b><\/p>\n<p>The venue has a limited number of quality microphones for speech, vocals and instruments. See <a href=\"https:\/\/ericericsonhallen.se\/boka\/konsert\/#1498076016432-fb3d83ea-41c1\" target=\"_blank\" rel=\"noopener\">technical specification and more additional information<\/a> about organizing concerts in Eric Ericsonhallen. <\/p>\n<p>If you want a smaller venue, we have options for that too &#8211; contact us and we will help you.<\/p>\n<\/div>\n<\/div>\n<\/div>\n<\/div>\n<\/div>\n<\/div>\n<\/div>\n<\/div>\n<\/div>\n<\/div>\n<\/div>\n<\/div>\n<\/div>\n\t\t\t\t\t\t\t\t<\/div>\n\t\t\t\t<\/div>\n\t\t\t\t<div class=\"elementor-element elementor-element-8959258 elementor-align-center elementor-invisible elementor-widget elementor-widget-button\" data-id=\"8959258\" data-element_type=\"widget\" data-e-type=\"widget\" data-settings=\"{&quot;_animation&quot;:&quot;fadeIn&quot;,&quot;_animation_delay&quot;:400}\" data-widget_type=\"button.default\">\n\t\t\t\t<div class=\"elementor-widget-container\">\n\t\t\t\t\t\t\t\t\t<div class=\"elementor-button-wrapper\">\n\t\t\t\t\t<a class=\"elementor-button elementor-button-link elementor-size-sm\" href=\"https:\/\/www.skeppsholmsgruppen.se\/en\/for-organizers\/\">\n\t\t\t\t\t\t<span class=\"elementor-button-content-wrapper\">\n\t\t\t\t\t\t\t\t\t<span class=\"elementor-button-text\">Page for organizers<\/span>\n\t\t\t\t\t<\/span>\n\t\t\t\t\t<\/a>\n\t\t\t\t<\/div>\n\t\t\t\t\t\t\t\t<\/div>\n\t\t\t\t<\/div>\n\t\t\t\t\t<\/div>\n\t\t\t\t<\/div>\n\t\t\t\t\t<\/div>\n\t\t\t\t<\/div>\n\t\t<div class=\"elementor-element elementor-element-39560f76 e-flex e-con-boxed e-con e-parent\" data-id=\"39560f76\" data-element_type=\"container\" data-e-type=\"container\" data-settings=\"{&quot;background_background&quot;:&quot;classic&quot;}\">\n\t\t\t\t\t<div class=\"e-con-inner\">\n\t\t\t\t<div class=\"elementor-element elementor-element-2021c699 elementor-widget__width-inherit elementor-widget elementor-widget-heading\" data-id=\"2021c699\" data-element_type=\"widget\" data-e-type=\"widget\" data-widget_type=\"heading.default\">\n\t\t\t\t<div class=\"elementor-widget-container\">\n\t\t\t\t\t<h2 class=\"elementor-heading-title elementor-size-default\">Suitable venues for concerts  <\/h2>\t\t\t\t<\/div>\n\t\t\t\t<\/div>\n\t\t\t\t<div class=\"elementor-element elementor-element-67f5d736 elementor-widget__width-inherit elementor-widget elementor-widget-heading\" data-id=\"67f5d736\" data-element_type=\"widget\" data-e-type=\"widget\" data-widget_type=\"heading.default\">\n\t\t\t\t<div class=\"elementor-widget-container\">\n\t\t\t\t\t<h5 class=\"elementor-heading-title elementor-size-default\">Contact us today for detailed information.<\/h5>\t\t\t\t<\/div>\n\t\t\t\t<\/div>\n\t\t\t\t<div class=\"elementor-element elementor-element-4a580167 elementor-cta--skin-cover elementor-cta--valign-top elementor-widget__width-initial elementor-widget elementor-widget-call-to-action\" data-id=\"4a580167\" data-element_type=\"widget\" data-e-type=\"widget\" data-widget_type=\"call-to-action.default\">\n\t\t\t\t<div class=\"elementor-widget-container\">\n\t\t\t\t\t\t\t<div class=\"elementor-cta\">\n\t\t\t\t\t<div class=\"elementor-cta__bg-wrapper\">\n\t\t\t\t<div class=\"elementor-cta__bg elementor-bg lazyload\" style=\"background-image:inherit;\" role=\"img\" aria-label=\"idealisk lokal f\u00f6r k\u00f6r, orkester, opera, jazz, pop och folkmusik\" data-bg-image=\"url(https:\/\/www.skeppsholmsgruppen.se\/wp-content\/uploads\/2024\/04\/Kor-i-Eric-Ericsonhallen.jpg)\"><\/div>\n\t\t\t\t<div class=\"elementor-cta__bg-overlay\"><\/div>\n\t\t\t<\/div>\n\t\t\t\t\t\t\t<div class=\"elementor-cta__content\">\n\t\t\t\t\n\t\t\t\t\t\t\t\t\t<span class=\"elementor-cta__title elementor-cta__content-item elementor-content-item\">\n\t\t\t\t\t\tEric <br><span style=\"font-weight: normal\">Ericsonhallen<\/span>\t\t\t\t\t<\/span>\n\t\t\t\t\n\t\t\t\t\t\t\t\t\t<div class=\"elementor-cta__description elementor-cta__content-item elementor-content-item\">\n\t\t\t\t\t\t<p>Stockholm's most spectacular event venue with a central location in the middle of the city, only 200 meters from the Grand Hotel. The majestic 1833 building sits on a hill with the Royal Palace and Old Town as a backdrop. The space has an open area of 600 sqm and a huge dome, with a breathtaking ceiling height of over 30 meters.  <\/p>\n\t\t\t\t\t<\/div>\n\t\t\t\t\n\t\t\t\t\t\t\t\t\t<div class=\"elementor-cta__button-wrapper elementor-cta__content-item elementor-content-item \">\n\t\t\t\t\t<a class=\"elementor-cta__button elementor-button elementor-size-\" href=\"https:\/\/www.skeppsholmsgruppen.se\/en\/unique-event-spaces\/eric-ericson-hall\/\">\n\t\t\t\t\t\tRead more\t\t\t\t\t<\/a>\n\t\t\t\t\t<\/div>\n\t\t\t\t\t\t\t<\/div>\n\t\t\t\t\t\t<\/div>\n\t\t\t\t\t\t<\/div>\n\t\t\t\t<\/div>\n\t\t\t\t<div class=\"elementor-element elementor-element-2ccc9b89 elementor-cta--skin-cover elementor-cta--valign-top elementor-widget__width-initial elementor-widget elementor-widget-call-to-action\" data-id=\"2ccc9b89\" data-element_type=\"widget\" data-e-type=\"widget\" data-widget_type=\"call-to-action.default\">\n\t\t\t\t<div class=\"elementor-widget-container\">\n\t\t\t\t\t\t\t<div class=\"elementor-cta\">\n\t\t\t\t\t<div class=\"elementor-cta__bg-wrapper\">\n\t\t\t\t<div class=\"elementor-cta__bg elementor-bg lazyload\" style=\"background-image:inherit;\" role=\"img\" aria-label=\"Glasverandan - l\u00e4ktare\" data-bg-image=\"url(https:\/\/www.skeppsholmsgruppen.se\/wp-content\/uploads\/2024\/04\/Glasverandan-laktare.jpg)\"><\/div>\n\t\t\t\t<div class=\"elementor-cta__bg-overlay\"><\/div>\n\t\t\t<\/div>\n\t\t\t\t\t\t\t<div class=\"elementor-cta__content\">\n\t\t\t\t\n\t\t\t\t\t\t\t\t\t<span class=\"elementor-cta__title elementor-cta__content-item elementor-content-item\">\n\t\t\t\t\t\tThe glass veranda<br><br>\t\t\t\t\t<\/span>\n\t\t\t\t\n\t\t\t\t\t\t\t\t\t<div class=\"elementor-cta__description elementor-cta__content-item elementor-content-item\">\n\t\t\t\t\t\t<p>One of Stockholm's most beautiful banquet halls! The venue is located in the Old Ministry of Mines, just a 5-minute walk from the Grand Hotel. The view of the water and Strandv\u00e4gen is magnificent and from the large windows the light floods in during the day and in the evening you look out over Strandv\u00e4gen by night.  <\/p>\n\t\t\t\t\t<\/div>\n\t\t\t\t\n\t\t\t\t\t\t\t\t\t<div class=\"elementor-cta__button-wrapper elementor-cta__content-item elementor-content-item \">\n\t\t\t\t\t<a class=\"elementor-cta__button elementor-button elementor-size-\" href=\"https:\/\/www.skeppsholmsgruppen.se\/en\/unique-event-spaces\/glasverandan\/\">\n\t\t\t\t\t\tRead more\t\t\t\t\t<\/a>\n\t\t\t\t\t<\/div>\n\t\t\t\t\t\t\t<\/div>\n\t\t\t\t\t\t<\/div>\n\t\t\t\t\t\t<\/div>\n\t\t\t\t<\/div>\n\t\t\t\t\t<\/div>\n\t\t\t\t<\/div>\n\t\t<div class=\"elementor-element elementor-element-3ea1c08 e-flex e-con-boxed e-con e-parent\" data-id=\"3ea1c08\" data-element_type=\"container\" data-e-type=\"container\">\n\t\t\t\t\t<div class=\"e-con-inner\">\n\t\t\t\t<div class=\"elementor-element elementor-element-b6bab75 elementor-widget elementor-widget-spacer\" data-id=\"b6bab75\" data-element_type=\"widget\" data-e-type=\"widget\" data-widget_type=\"spacer.default\">\n\t\t\t\t<div class=\"elementor-widget-container\">\n\t\t\t\t\t\t\t<div class=\"elementor-spacer\">\n\t\t\t<div class=\"elementor-spacer-inner\"><\/div>\n\t\t<\/div>\n\t\t\t\t\t\t<\/div>\n\t\t\t\t<\/div>\n\t\t\t\t\t<\/div>\n\t\t\t\t<\/div>\n\t\t<div class=\"elementor-element elementor-element-12e7a2ed e-flex e-con-boxed e-con e-parent\" data-id=\"12e7a2ed\" data-element_type=\"container\" data-e-type=\"container\">\n\t\t\t\t\t<div class=\"e-con-inner\">\n\t\t\t\t<div class=\"elementor-element elementor-element-1b41f9cf elementor-widget elementor-widget-html\" data-id=\"1b41f9cf\" data-element_type=\"widget\" data-e-type=\"widget\" data-widget_type=\"html.default\">\n\t\t\t\t<div class=\"elementor-widget-container\">\n\t\t\t\t\t<script src=\"https:\/\/img.upsales.com\/CWw2RUS+6eV2rOMWqHH4bQ==\/visit\/v.js\"><\/script>\t\t\t\t<\/div>\n\t\t\t\t<\/div>\n\t\t\t\t\t<\/div>\n\t\t\t\t<\/div>\n\t\t\t\t<\/div>\n\t\t","protected":false},"excerpt":{"rendered":"<p>Organize a concert on Skeppsholmen Culture, art &amp; music Organize concerts &amp; public events Eric Ericsonhallen is a fantastic concert venue in the heart of Stockholm. The modern, adjustable acoustics are suitable for most genres: choir and orchestra, opera, jazz, pop and folk music. Thanks to our acoustic chandelier and the adjustable, sound-absorbing curtains around [&hellip;]<\/p>\n","protected":false},"author":247968712,"featured_media":6206,"parent":7046,"menu_order":0,"comment_status":"closed","ping_status":"closed","template":"","meta":{"_acf_changed":false,"footnotes":""},"class_list":["post-7345","page","type-page","status-publish","has-post-thumbnail","hentry"],"acf":[],"yoast_head":"<!-- This site is optimized with the Yoast SEO plugin v27.5 - https:\/\/yoast.com\/product\/yoast-seo-wordpress\/ -->\n<title>Eric Ericsonhallen: A versatile concert venue in the heart of Stockholm<\/title>\n<meta name=\"description\" content=\"Organize concerts in the Eric Ericson Hall in the heart of Stockholm. With modern, adjustable acoustics suitable for all genres of music, it is an ideal venue for choir, orchestra, opera, jazz, pop and folk music. Contact us for more information.\" \/>\n<meta name=\"robots\" content=\"index, follow, max-snippet:-1, max-image-preview:large, max-video-preview:-1\" \/>\n<link rel=\"canonical\" href=\"https:\/\/www.skeppsholmsgruppen.se\/en\/tailor-made-services\/concerts\/\" \/>\n<meta property=\"og:locale\" content=\"en_US\" \/>\n<meta property=\"og:type\" content=\"article\" \/>\n<meta property=\"og:title\" content=\"Eric Ericsonhallen: A versatile concert venue in the heart of Stockholm\" \/>\n<meta property=\"og:description\" content=\"Organize concerts in the Eric Ericson Hall in the heart of Stockholm. With modern, adjustable acoustics suitable for all genres of music, it is an ideal venue for choir, orchestra, opera, jazz, pop and folk music. Contact us for more information.\" \/>\n<meta property=\"og:url\" content=\"https:\/\/www.skeppsholmsgruppen.se\/en\/tailor-made-services\/concerts\/\" \/>\n<meta property=\"og:site_name\" content=\"Skeppsholmsgruppen\" \/>\n<meta property=\"article:modified_time\" content=\"2025-04-08T07:41:08+00:00\" \/>\n<meta property=\"og:image\" content=\"https:\/\/www.skeppsholmsgruppen.se\/wp-content\/uploads\/2024\/04\/Kor-i-Eric-Ericsonhallen.jpg\" \/>\n\t<meta property=\"og:image:width\" content=\"1620\" \/>\n\t<meta property=\"og:image:height\" content=\"1080\" \/>\n\t<meta property=\"og:image:type\" content=\"image\/jpeg\" \/>\n<meta name=\"twitter:card\" content=\"summary_large_image\" \/>\n<meta name=\"twitter:label1\" content=\"Est. reading time\" \/>\n\t<meta name=\"twitter:data1\" content=\"2 minutes\" \/>\n<script type=\"application\/ld+json\" class=\"yoast-schema-graph\">{\"@context\":\"https:\\\/\\\/schema.org\",\"@graph\":[{\"@type\":\"WebPage\",\"@id\":\"https:\\\/\\\/www.skeppsholmsgruppen.se\\\/en\\\/tailor-made-services\\\/concerts\\\/\",\"url\":\"https:\\\/\\\/www.skeppsholmsgruppen.se\\\/en\\\/tailor-made-services\\\/concerts\\\/\",\"name\":\"Eric Ericsonhallen: A versatile concert venue in the heart of Stockholm\",\"isPartOf\":{\"@id\":\"https:\\\/\\\/skeppsholmsgruppen.se\\\/#website\"},\"primaryImageOfPage\":{\"@id\":\"https:\\\/\\\/www.skeppsholmsgruppen.se\\\/en\\\/tailor-made-services\\\/concerts\\\/#primaryimage\"},\"image\":{\"@id\":\"https:\\\/\\\/www.skeppsholmsgruppen.se\\\/en\\\/tailor-made-services\\\/concerts\\\/#primaryimage\"},\"thumbnailUrl\":\"https:\\\/\\\/www.skeppsholmsgruppen.se\\\/wp-content\\\/uploads\\\/2024\\\/04\\\/Kor-i-Eric-Ericsonhallen.jpg\",\"datePublished\":\"2024-04-02T07:50:26+00:00\",\"dateModified\":\"2025-04-08T07:41:08+00:00\",\"description\":\"Organize concerts in the Eric Ericson Hall in the heart of Stockholm. With modern, adjustable acoustics suitable for all genres of music, it is an ideal venue for choir, orchestra, opera, jazz, pop and folk music. Contact us for more information.\",\"breadcrumb\":{\"@id\":\"https:\\\/\\\/www.skeppsholmsgruppen.se\\\/en\\\/tailor-made-services\\\/concerts\\\/#breadcrumb\"},\"inLanguage\":\"en-US\",\"potentialAction\":[{\"@type\":\"ReadAction\",\"target\":[\"https:\\\/\\\/www.skeppsholmsgruppen.se\\\/en\\\/tailor-made-services\\\/concerts\\\/\"]}]},{\"@type\":\"ImageObject\",\"inLanguage\":\"en-US\",\"@id\":\"https:\\\/\\\/www.skeppsholmsgruppen.se\\\/en\\\/tailor-made-services\\\/concerts\\\/#primaryimage\",\"url\":\"https:\\\/\\\/www.skeppsholmsgruppen.se\\\/wp-content\\\/uploads\\\/2024\\\/04\\\/Kor-i-Eric-Ericsonhallen.jpg\",\"contentUrl\":\"https:\\\/\\\/www.skeppsholmsgruppen.se\\\/wp-content\\\/uploads\\\/2024\\\/04\\\/Kor-i-Eric-Ericsonhallen.jpg\",\"width\":1620,\"height\":1080,\"caption\":\"idealisk lokal f\u00f6r k\u00f6r, orkester, opera, jazz, pop och folkmusik\"},{\"@type\":\"BreadcrumbList\",\"@id\":\"https:\\\/\\\/www.skeppsholmsgruppen.se\\\/en\\\/tailor-made-services\\\/concerts\\\/#breadcrumb\",\"itemListElement\":[{\"@type\":\"ListItem\",\"position\":1,\"name\":\"Hem\",\"item\":\"https:\\\/\\\/www.skeppsholmsgruppen.se\\\/en\\\/\"},{\"@type\":\"ListItem\",\"position\":2,\"name\":\"Services provided\",\"item\":\"https:\\\/\\\/www.skeppsholmsgruppen.se\\\/en\\\/tailor-made-services\\\/\"},{\"@type\":\"ListItem\",\"position\":3,\"name\":\"Concerts\"}]},{\"@type\":\"WebSite\",\"@id\":\"https:\\\/\\\/skeppsholmsgruppen.se\\\/#website\",\"url\":\"https:\\\/\\\/skeppsholmsgruppen.se\\\/\",\"name\":\"Skeppsholmsgruppen\",\"description\":\"En historisk p\u00e4rla f\u00f6r konferens, event och fest bel\u00e4gen mitt i hj\u00e4rtat av Stockhom.\",\"publisher\":{\"@id\":\"https:\\\/\\\/skeppsholmsgruppen.se\\\/#organization\"},\"potentialAction\":[{\"@type\":\"SearchAction\",\"target\":{\"@type\":\"EntryPoint\",\"urlTemplate\":\"https:\\\/\\\/skeppsholmsgruppen.se\\\/?s={search_term_string}\"},\"query-input\":{\"@type\":\"PropertyValueSpecification\",\"valueRequired\":true,\"valueName\":\"search_term_string\"}}],\"inLanguage\":\"en-US\"},{\"@type\":\"Organization\",\"@id\":\"https:\\\/\\\/skeppsholmsgruppen.se\\\/#organization\",\"name\":\"Skeppsholmsgruppen\",\"url\":\"https:\\\/\\\/skeppsholmsgruppen.se\\\/\",\"logo\":{\"@type\":\"ImageObject\",\"inLanguage\":\"en-US\",\"@id\":\"https:\\\/\\\/skeppsholmsgruppen.se\\\/#\\\/schema\\\/logo\\\/image\\\/\",\"url\":\"https:\\\/\\\/www.skeppsholmsgruppen.se\\\/wp-content\\\/uploads\\\/2024\\\/03\\\/SHG-icon-white-130.png\",\"contentUrl\":\"https:\\\/\\\/www.skeppsholmsgruppen.se\\\/wp-content\\\/uploads\\\/2024\\\/03\\\/SHG-icon-white-130.png\",\"width\":130,\"height\":130,\"caption\":\"Skeppsholmsgruppen\"},\"image\":{\"@id\":\"https:\\\/\\\/skeppsholmsgruppen.se\\\/#\\\/schema\\\/logo\\\/image\\\/\"}}]}<\/script>\n<!-- \/ Yoast SEO plugin. -->","yoast_head_json":{"title":"Eric Ericsonhallen: A versatile concert venue in the heart of Stockholm","description":"Organize concerts in the Eric Ericson Hall in the heart of Stockholm. With modern, adjustable acoustics suitable for all genres of music, it is an ideal venue for choir, orchestra, opera, jazz, pop and folk music. Contact us for more information.","robots":{"index":"index","follow":"follow","max-snippet":"max-snippet:-1","max-image-preview":"max-image-preview:large","max-video-preview":"max-video-preview:-1"},"canonical":"https:\/\/www.skeppsholmsgruppen.se\/en\/tailor-made-services\/concerts\/","og_locale":"en_US","og_type":"article","og_title":"Eric Ericsonhallen: A versatile concert venue in the heart of Stockholm","og_description":"Organize concerts in the Eric Ericson Hall in the heart of Stockholm. With modern, adjustable acoustics suitable for all genres of music, it is an ideal venue for choir, orchestra, opera, jazz, pop and folk music. Contact us for more information.","og_url":"https:\/\/www.skeppsholmsgruppen.se\/en\/tailor-made-services\/concerts\/","og_site_name":"Skeppsholmsgruppen","article_modified_time":"2025-04-08T07:41:08+00:00","og_image":[{"width":1620,"height":1080,"url":"https:\/\/www.skeppsholmsgruppen.se\/wp-content\/uploads\/2024\/04\/Kor-i-Eric-Ericsonhallen.jpg","type":"image\/jpeg"}],"twitter_card":"summary_large_image","twitter_misc":{"Est. reading time":"2 minutes"},"schema":{"@context":"https:\/\/schema.org","@graph":[{"@type":"WebPage","@id":"https:\/\/www.skeppsholmsgruppen.se\/en\/tailor-made-services\/concerts\/","url":"https:\/\/www.skeppsholmsgruppen.se\/en\/tailor-made-services\/concerts\/","name":"Eric Ericsonhallen: A versatile concert venue in the heart of Stockholm","isPartOf":{"@id":"https:\/\/skeppsholmsgruppen.se\/#website"},"primaryImageOfPage":{"@id":"https:\/\/www.skeppsholmsgruppen.se\/en\/tailor-made-services\/concerts\/#primaryimage"},"image":{"@id":"https:\/\/www.skeppsholmsgruppen.se\/en\/tailor-made-services\/concerts\/#primaryimage"},"thumbnailUrl":"https:\/\/www.skeppsholmsgruppen.se\/wp-content\/uploads\/2024\/04\/Kor-i-Eric-Ericsonhallen.jpg","datePublished":"2024-04-02T07:50:26+00:00","dateModified":"2025-04-08T07:41:08+00:00","description":"Organize concerts in the Eric Ericson Hall in the heart of Stockholm. With modern, adjustable acoustics suitable for all genres of music, it is an ideal venue for choir, orchestra, opera, jazz, pop and folk music. Contact us for more information.","breadcrumb":{"@id":"https:\/\/www.skeppsholmsgruppen.se\/en\/tailor-made-services\/concerts\/#breadcrumb"},"inLanguage":"en-US","potentialAction":[{"@type":"ReadAction","target":["https:\/\/www.skeppsholmsgruppen.se\/en\/tailor-made-services\/concerts\/"]}]},{"@type":"ImageObject","inLanguage":"en-US","@id":"https:\/\/www.skeppsholmsgruppen.se\/en\/tailor-made-services\/concerts\/#primaryimage","url":"https:\/\/www.skeppsholmsgruppen.se\/wp-content\/uploads\/2024\/04\/Kor-i-Eric-Ericsonhallen.jpg","contentUrl":"https:\/\/www.skeppsholmsgruppen.se\/wp-content\/uploads\/2024\/04\/Kor-i-Eric-Ericsonhallen.jpg","width":1620,"height":1080,"caption":"idealisk lokal f\u00f6r k\u00f6r, orkester, opera, jazz, pop och folkmusik"},{"@type":"BreadcrumbList","@id":"https:\/\/www.skeppsholmsgruppen.se\/en\/tailor-made-services\/concerts\/#breadcrumb","itemListElement":[{"@type":"ListItem","position":1,"name":"Hem","item":"https:\/\/www.skeppsholmsgruppen.se\/en\/"},{"@type":"ListItem","position":2,"name":"Services provided","item":"https:\/\/www.skeppsholmsgruppen.se\/en\/tailor-made-services\/"},{"@type":"ListItem","position":3,"name":"Concerts"}]},{"@type":"WebSite","@id":"https:\/\/skeppsholmsgruppen.se\/#website","url":"https:\/\/skeppsholmsgruppen.se\/","name":"Skeppsholmsgruppen","description":"En historisk p\u00e4rla f\u00f6r konferens, event och fest bel\u00e4gen mitt i hj\u00e4rtat av Stockhom.","publisher":{"@id":"https:\/\/skeppsholmsgruppen.se\/#organization"},"potentialAction":[{"@type":"SearchAction","target":{"@type":"EntryPoint","urlTemplate":"https:\/\/skeppsholmsgruppen.se\/?s={search_term_string}"},"query-input":{"@type":"PropertyValueSpecification","valueRequired":true,"valueName":"search_term_string"}}],"inLanguage":"en-US"},{"@type":"Organization","@id":"https:\/\/skeppsholmsgruppen.se\/#organization","name":"Skeppsholmsgruppen","url":"https:\/\/skeppsholmsgruppen.se\/","logo":{"@type":"ImageObject","inLanguage":"en-US","@id":"https:\/\/skeppsholmsgruppen.se\/#\/schema\/logo\/image\/","url":"https:\/\/www.skeppsholmsgruppen.se\/wp-content\/uploads\/2024\/03\/SHG-icon-white-130.png","contentUrl":"https:\/\/www.skeppsholmsgruppen.se\/wp-content\/uploads\/2024\/03\/SHG-icon-white-130.png","width":130,"height":130,"caption":"Skeppsholmsgruppen"},"image":{"@id":"https:\/\/skeppsholmsgruppen.se\/#\/schema\/logo\/image\/"}}]}},"_links":{"self":[{"href":"https:\/\/www.skeppsholmsgruppen.se\/en\/wp-json\/wp\/v2\/pages\/7345","targetHints":{"allow":["GET"]}}],"collection":[{"href":"https:\/\/www.skeppsholmsgruppen.se\/en\/wp-json\/wp\/v2\/pages"}],"about":[{"href":"https:\/\/www.skeppsholmsgruppen.se\/en\/wp-json\/wp\/v2\/types\/page"}],"author":[{"embeddable":true,"href":"https:\/\/www.skeppsholmsgruppen.se\/en\/wp-json\/wp\/v2\/users\/247968712"}],"replies":[{"embeddable":true,"href":"https:\/\/www.skeppsholmsgruppen.se\/en\/wp-json\/wp\/v2\/comments?post=7345"}],"version-history":[{"count":9,"href":"https:\/\/www.skeppsholmsgruppen.se\/en\/wp-json\/wp\/v2\/pages\/7345\/revisions"}],"predecessor-version":[{"id":19532,"href":"https:\/\/www.skeppsholmsgruppen.se\/en\/wp-json\/wp\/v2\/pages\/7345\/revisions\/19532"}],"up":[{"embeddable":true,"href":"https:\/\/www.skeppsholmsgruppen.se\/en\/wp-json\/wp\/v2\/pages\/7046"}],"wp:featuredmedia":[{"embeddable":true,"href":"https:\/\/www.skeppsholmsgruppen.se\/en\/wp-json\/wp\/v2\/media\/6206"}],"wp:attachment":[{"href":"https:\/\/www.skeppsholmsgruppen.se\/en\/wp-json\/wp\/v2\/media?parent=7345"}],"curies":[{"name":"wp","href":"https:\/\/api.w.org\/{rel}","templated":true}]}}