{"id":22316,"date":"2025-06-10T14:43:27","date_gmt":"2025-06-10T12:43:27","guid":{"rendered":"https:\/\/www.skeppsholmsgruppen.se\/servicios-de-catering\/catering-ofrecido\/"},"modified":"2026-02-20T15:12:05","modified_gmt":"2026-02-20T14:12:05","slug":"catering-ofrecido","status":"publish","type":"page","link":"https:\/\/www.skeppsholmsgruppen.se\/es\/servicios-de-catering\/catering-ofrecido\/","title":{"rendered":"Catering ofrecido"},"content":{"rendered":"\t\t<div data-elementor-type=\"wp-page\" data-elementor-id=\"22316\" class=\"elementor elementor-22316 elementor-21596\" data-elementor-post-type=\"page\">\n\t\t\t\t<div class=\"elementor-element elementor-element-63514a26 e-flex e-con-boxed e-con e-parent\" data-id=\"63514a26\" data-element_type=\"container\" data-e-type=\"container\" data-settings=\"{&quot;background_background&quot;:&quot;classic&quot;}\">\n\t\t\t\t\t<div class=\"e-con-inner\">\n\t\t\t\t<div class=\"elementor-element elementor-element-3768ea82 elementor-widget elementor-widget-spacer\" data-id=\"3768ea82\" data-element_type=\"widget\" data-e-type=\"widget\" data-widget_type=\"spacer.default\">\n\t\t\t\t<div class=\"elementor-widget-container\">\n\t\t\t\t\t\t\t<div class=\"elementor-spacer\">\n\t\t\t<div class=\"elementor-spacer-inner\"><\/div>\n\t\t<\/div>\n\t\t\t\t\t\t<\/div>\n\t\t\t\t<\/div>\n\t\t\t\t\t<\/div>\n\t\t\t\t<\/div>\n\t\t<div class=\"elementor-element elementor-element-5beedde8 e-flex e-con-boxed e-con e-parent\" data-id=\"5beedde8\" data-element_type=\"container\" data-e-type=\"container\">\n\t\t\t\t\t<div class=\"e-con-inner\">\n\t\t<div class=\"elementor-element elementor-element-4e165897 e-con-full e-flex e-con e-child\" data-id=\"4e165897\" data-element_type=\"container\" data-e-type=\"container\">\n\t\t\t\t<div class=\"elementor-element elementor-element-220beed2 elementor-widget__width-initial elementor-widget elementor-widget-heading\" data-id=\"220beed2\" data-element_type=\"widget\" data-e-type=\"widget\" data-widget_type=\"heading.default\">\n\t\t\t\t<div class=\"elementor-widget-container\">\n\t\t\t\t\t<h2 class=\"elementor-heading-title elementor-size-default\">Planifica f\u00e1cilmente tu catering con Skeppsholmsgruppen<\/h2>\t\t\t\t<\/div>\n\t\t\t\t<\/div>\n\t\t\t\t<div class=\"elementor-element elementor-element-afc535c elementor-widget__width-initial elementor-widget elementor-widget-text-editor\" data-id=\"afc535c\" data-element_type=\"widget\" data-e-type=\"widget\" data-widget_type=\"text-editor.default\">\n\t\t\t\t<div class=\"elementor-widget-container\">\n\t\t\t\t\t\t\t\t\t<p>Tanto si est\u00e1s organizando un gran evento corporativo, una fiesta con tus seres queridos o una boda, podemos ayudarte con una soluci\u00f3n de catering. Rellena el siguiente formulario con tus requisitos, y nos pondremos en contacto contigo con un acuerdo que se adapte a tu evento. <\/p><h6><em>\u00a1Estamos deseando crear una experiencia de sabor extraordinaria!<\/em><\/h6>\t\t\t\t\t\t\t\t<\/div>\n\t\t\t\t<\/div>\n\t\t\t\t<\/div>\n\t\t\t\t\t<\/div>\n\t\t\t\t<\/div>\n\t\t<div class=\"elementor-element elementor-element-21e775f6 e-flex e-con-boxed e-con e-parent\" data-id=\"21e775f6\" data-element_type=\"container\" data-e-type=\"container\">\n\t\t\t\t\t<div class=\"e-con-inner\">\n\t\t\t\t<div class=\"elementor-element elementor-element-624878b6 elementor-widget__width-initial elementor-widget elementor-widget-html\" data-id=\"624878b6\" data-element_type=\"widget\" data-e-type=\"widget\" data-widget_type=\"html.default\">\n\t\t\t\t<div class=\"elementor-widget-container\">\n\t\t\t\t\t<iframe data-src=\"https:\/\/pages.upsales.com\/17984u04226269674d42ed8aa6d46dff53f335-frame\" width=\"360\" height=\"945\" style=\"border:0\" src=\"data:image\/svg+xml;base64,PHN2ZyB3aWR0aD0iMSIgaGVpZ2h0PSIxIiB4bWxucz0iaHR0cDovL3d3dy53My5vcmcvMjAwMC9zdmciPjwvc3ZnPg==\" class=\"lazyload\" data-load-mode=\"1\"><\/iframe>\t\t\t\t<\/div>\n\t\t\t\t<\/div>\n\t\t\t\t\t<\/div>\n\t\t\t\t<\/div>\n\t\t<div class=\"elementor-element elementor-element-3ed7c939 e-flex e-con-boxed e-con e-parent\" data-id=\"3ed7c939\" data-element_type=\"container\" data-e-type=\"container\">\n\t\t\t\t\t<div class=\"e-con-inner\">\n\t\t\t\t<div class=\"elementor-element elementor-element-58d0c2df elementor-widget__width-initial elementor-widget elementor-widget-text-editor\" data-id=\"58d0c2df\" data-element_type=\"widget\" data-e-type=\"widget\" data-widget_type=\"text-editor.default\">\n\t\t\t\t<div class=\"elementor-widget-container\">\n\t\t\t\t\t\t\t\t\t<h6><strong>Tel\u00e9fono:<\/strong> <a href=\"tel:+46855769940\">+46 08-557 608 60<\/a><br>Sandra L\u00f6fving es la persona de contacto en el departamento de restauraci\u00f3n.<\/h6><h6><strong>Correo electr\u00f3nico:<\/strong> <a href=\"mailto:kontakt@skeppsholmsgruppen.se\">kontakt@skeppsholmsgruppen.se<\/a><\/h6>\t\t\t\t\t\t\t\t<\/div>\n\t\t\t\t<\/div>\n\t\t\t\t<div class=\"elementor-element elementor-element-3950c32e elementor-widget elementor-widget-spacer\" data-id=\"3950c32e\" data-element_type=\"widget\" data-e-type=\"widget\" data-widget_type=\"spacer.default\">\n\t\t\t\t<div class=\"elementor-widget-container\">\n\t\t\t\t\t\t\t<div class=\"elementor-spacer\">\n\t\t\t<div class=\"elementor-spacer-inner\"><\/div>\n\t\t<\/div>\n\t\t\t\t\t\t<\/div>\n\t\t\t\t<\/div>\n\t\t\t\t\t<\/div>\n\t\t\t\t<\/div>\n\t\t\t\t<\/div>\n\t\t","protected":false},"excerpt":{"rendered":"<p>Planifica f\u00e1cilmente tu catering con Skeppsholmsgruppen Tanto si est\u00e1s organizando un gran evento corporativo, una fiesta con tus seres queridos o una boda, podemos ayudarte con una soluci\u00f3n de catering. Rellena el siguiente formulario con tus requisitos, y nos pondremos en contacto contigo con un acuerdo que se adapte a tu evento. \u00a1Estamos deseando crear [&hellip;]<\/p>\n","protected":false},"author":247968715,"featured_media":0,"parent":21997,"menu_order":0,"comment_status":"closed","ping_status":"closed","template":"","meta":{"_acf_changed":false,"footnotes":""},"class_list":["post-22316","page","type-page","status-publish","hentry"],"acf":[],"yoast_head":"<!-- This site is optimized with the Yoast SEO plugin v27.4 - https:\/\/yoast.com\/product\/yoast-seo-wordpress\/ -->\n<title>Catering ofrecido - Skeppsholmsgruppen<\/title>\n<meta name=\"robots\" content=\"index, follow, max-snippet:-1, max-image-preview:large, max-video-preview:-1\" \/>\n<link rel=\"canonical\" href=\"https:\/\/www.skeppsholmsgruppen.se\/es\/servicios-de-catering\/catering-ofrecido\/\" \/>\n<meta property=\"og:locale\" content=\"es_ES\" \/>\n<meta property=\"og:type\" content=\"article\" \/>\n<meta property=\"og:title\" content=\"Catering ofrecido - Skeppsholmsgruppen\" \/>\n<meta property=\"og:description\" content=\"Planifica f\u00e1cilmente tu catering con Skeppsholmsgruppen Tanto si est\u00e1s organizando un gran evento corporativo, una fiesta con tus seres queridos o una boda, podemos ayudarte con una soluci\u00f3n de catering. Rellena el siguiente formulario con tus requisitos, y nos pondremos en contacto contigo con un acuerdo que se adapte a tu evento. \u00a1Estamos deseando crear [&hellip;]\" \/>\n<meta property=\"og:url\" content=\"https:\/\/www.skeppsholmsgruppen.se\/es\/servicios-de-catering\/catering-ofrecido\/\" \/>\n<meta property=\"og:site_name\" content=\"Skeppsholmsgruppen\" \/>\n<meta property=\"article:modified_time\" content=\"2026-02-20T14:12:05+00:00\" \/>\n<meta name=\"twitter:card\" content=\"summary_large_image\" \/>\n<script type=\"application\/ld+json\" class=\"yoast-schema-graph\">{\"@context\":\"https:\\\/\\\/schema.org\",\"@graph\":[{\"@type\":\"WebPage\",\"@id\":\"https:\\\/\\\/www.skeppsholmsgruppen.se\\\/es\\\/servicios-de-catering\\\/catering-ofrecido\\\/\",\"url\":\"https:\\\/\\\/www.skeppsholmsgruppen.se\\\/es\\\/servicios-de-catering\\\/catering-ofrecido\\\/\",\"name\":\"Catering ofrecido - Skeppsholmsgruppen\",\"isPartOf\":{\"@id\":\"https:\\\/\\\/skeppsholmsgruppen.se\\\/#website\"},\"datePublished\":\"2025-06-10T12:43:27+00:00\",\"dateModified\":\"2026-02-20T14:12:05+00:00\",\"breadcrumb\":{\"@id\":\"https:\\\/\\\/www.skeppsholmsgruppen.se\\\/es\\\/servicios-de-catering\\\/catering-ofrecido\\\/#breadcrumb\"},\"inLanguage\":\"es\",\"potentialAction\":[{\"@type\":\"ReadAction\",\"target\":[\"https:\\\/\\\/www.skeppsholmsgruppen.se\\\/es\\\/servicios-de-catering\\\/catering-ofrecido\\\/\"]}]},{\"@type\":\"BreadcrumbList\",\"@id\":\"https:\\\/\\\/www.skeppsholmsgruppen.se\\\/es\\\/servicios-de-catering\\\/catering-ofrecido\\\/#breadcrumb\",\"itemListElement\":[{\"@type\":\"ListItem\",\"position\":1,\"name\":\"Hem\",\"item\":\"https:\\\/\\\/www.skeppsholmsgruppen.se\\\/es\\\/\"},{\"@type\":\"ListItem\",\"position\":2,\"name\":\"Servicios de catering\",\"item\":\"https:\\\/\\\/www.skeppsholmsgruppen.se\\\/es\\\/servicios-de-catering\\\/\"},{\"@type\":\"ListItem\",\"position\":3,\"name\":\"Catering ofrecido\"}]},{\"@type\":\"WebSite\",\"@id\":\"https:\\\/\\\/skeppsholmsgruppen.se\\\/#website\",\"url\":\"https:\\\/\\\/skeppsholmsgruppen.se\\\/\",\"name\":\"Skeppsholmsgruppen\",\"description\":\"En historisk p\u00e4rla f\u00f6r konferens, event och fest bel\u00e4gen mitt i hj\u00e4rtat av Stockhom.\",\"publisher\":{\"@id\":\"https:\\\/\\\/skeppsholmsgruppen.se\\\/#organization\"},\"potentialAction\":[{\"@type\":\"SearchAction\",\"target\":{\"@type\":\"EntryPoint\",\"urlTemplate\":\"https:\\\/\\\/skeppsholmsgruppen.se\\\/?s={search_term_string}\"},\"query-input\":{\"@type\":\"PropertyValueSpecification\",\"valueRequired\":true,\"valueName\":\"search_term_string\"}}],\"inLanguage\":\"es\"},{\"@type\":\"Organization\",\"@id\":\"https:\\\/\\\/skeppsholmsgruppen.se\\\/#organization\",\"name\":\"Skeppsholmsgruppen\",\"url\":\"https:\\\/\\\/skeppsholmsgruppen.se\\\/\",\"logo\":{\"@type\":\"ImageObject\",\"inLanguage\":\"es\",\"@id\":\"https:\\\/\\\/skeppsholmsgruppen.se\\\/#\\\/schema\\\/logo\\\/image\\\/\",\"url\":\"https:\\\/\\\/www.skeppsholmsgruppen.se\\\/wp-content\\\/uploads\\\/2024\\\/03\\\/SHG-icon-white-130.png\",\"contentUrl\":\"https:\\\/\\\/www.skeppsholmsgruppen.se\\\/wp-content\\\/uploads\\\/2024\\\/03\\\/SHG-icon-white-130.png\",\"width\":130,\"height\":130,\"caption\":\"Skeppsholmsgruppen\"},\"image\":{\"@id\":\"https:\\\/\\\/skeppsholmsgruppen.se\\\/#\\\/schema\\\/logo\\\/image\\\/\"}}]}<\/script>\n<!-- \/ Yoast SEO plugin. -->","yoast_head_json":{"title":"Catering ofrecido - Skeppsholmsgruppen","robots":{"index":"index","follow":"follow","max-snippet":"max-snippet:-1","max-image-preview":"max-image-preview:large","max-video-preview":"max-video-preview:-1"},"canonical":"https:\/\/www.skeppsholmsgruppen.se\/es\/servicios-de-catering\/catering-ofrecido\/","og_locale":"es_ES","og_type":"article","og_title":"Catering ofrecido - Skeppsholmsgruppen","og_description":"Planifica f\u00e1cilmente tu catering con Skeppsholmsgruppen Tanto si est\u00e1s organizando un gran evento corporativo, una fiesta con tus seres queridos o una boda, podemos ayudarte con una soluci\u00f3n de catering. Rellena el siguiente formulario con tus requisitos, y nos pondremos en contacto contigo con un acuerdo que se adapte a tu evento. \u00a1Estamos deseando crear [&hellip;]","og_url":"https:\/\/www.skeppsholmsgruppen.se\/es\/servicios-de-catering\/catering-ofrecido\/","og_site_name":"Skeppsholmsgruppen","article_modified_time":"2026-02-20T14:12:05+00:00","twitter_card":"summary_large_image","schema":{"@context":"https:\/\/schema.org","@graph":[{"@type":"WebPage","@id":"https:\/\/www.skeppsholmsgruppen.se\/es\/servicios-de-catering\/catering-ofrecido\/","url":"https:\/\/www.skeppsholmsgruppen.se\/es\/servicios-de-catering\/catering-ofrecido\/","name":"Catering ofrecido - Skeppsholmsgruppen","isPartOf":{"@id":"https:\/\/skeppsholmsgruppen.se\/#website"},"datePublished":"2025-06-10T12:43:27+00:00","dateModified":"2026-02-20T14:12:05+00:00","breadcrumb":{"@id":"https:\/\/www.skeppsholmsgruppen.se\/es\/servicios-de-catering\/catering-ofrecido\/#breadcrumb"},"inLanguage":"es","potentialAction":[{"@type":"ReadAction","target":["https:\/\/www.skeppsholmsgruppen.se\/es\/servicios-de-catering\/catering-ofrecido\/"]}]},{"@type":"BreadcrumbList","@id":"https:\/\/www.skeppsholmsgruppen.se\/es\/servicios-de-catering\/catering-ofrecido\/#breadcrumb","itemListElement":[{"@type":"ListItem","position":1,"name":"Hem","item":"https:\/\/www.skeppsholmsgruppen.se\/es\/"},{"@type":"ListItem","position":2,"name":"Servicios de catering","item":"https:\/\/www.skeppsholmsgruppen.se\/es\/servicios-de-catering\/"},{"@type":"ListItem","position":3,"name":"Catering ofrecido"}]},{"@type":"WebSite","@id":"https:\/\/skeppsholmsgruppen.se\/#website","url":"https:\/\/skeppsholmsgruppen.se\/","name":"Skeppsholmsgruppen","description":"En historisk p\u00e4rla f\u00f6r konferens, event och fest bel\u00e4gen mitt i hj\u00e4rtat av Stockhom.","publisher":{"@id":"https:\/\/skeppsholmsgruppen.se\/#organization"},"potentialAction":[{"@type":"SearchAction","target":{"@type":"EntryPoint","urlTemplate":"https:\/\/skeppsholmsgruppen.se\/?s={search_term_string}"},"query-input":{"@type":"PropertyValueSpecification","valueRequired":true,"valueName":"search_term_string"}}],"inLanguage":"es"},{"@type":"Organization","@id":"https:\/\/skeppsholmsgruppen.se\/#organization","name":"Skeppsholmsgruppen","url":"https:\/\/skeppsholmsgruppen.se\/","logo":{"@type":"ImageObject","inLanguage":"es","@id":"https:\/\/skeppsholmsgruppen.se\/#\/schema\/logo\/image\/","url":"https:\/\/www.skeppsholmsgruppen.se\/wp-content\/uploads\/2024\/03\/SHG-icon-white-130.png","contentUrl":"https:\/\/www.skeppsholmsgruppen.se\/wp-content\/uploads\/2024\/03\/SHG-icon-white-130.png","width":130,"height":130,"caption":"Skeppsholmsgruppen"},"image":{"@id":"https:\/\/skeppsholmsgruppen.se\/#\/schema\/logo\/image\/"}}]}},"_links":{"self":[{"href":"https:\/\/www.skeppsholmsgruppen.se\/es\/wp-json\/wp\/v2\/pages\/22316","targetHints":{"allow":["GET"]}}],"collection":[{"href":"https:\/\/www.skeppsholmsgruppen.se\/es\/wp-json\/wp\/v2\/pages"}],"about":[{"href":"https:\/\/www.skeppsholmsgruppen.se\/es\/wp-json\/wp\/v2\/types\/page"}],"author":[{"embeddable":true,"href":"https:\/\/www.skeppsholmsgruppen.se\/es\/wp-json\/wp\/v2\/users\/247968715"}],"replies":[{"embeddable":true,"href":"https:\/\/www.skeppsholmsgruppen.se\/es\/wp-json\/wp\/v2\/comments?post=22316"}],"version-history":[{"count":9,"href":"https:\/\/www.skeppsholmsgruppen.se\/es\/wp-json\/wp\/v2\/pages\/22316\/revisions"}],"predecessor-version":[{"id":25600,"href":"https:\/\/www.skeppsholmsgruppen.se\/es\/wp-json\/wp\/v2\/pages\/22316\/revisions\/25600"}],"up":[{"embeddable":true,"href":"https:\/\/www.skeppsholmsgruppen.se\/es\/wp-json\/wp\/v2\/pages\/21997"}],"wp:attachment":[{"href":"https:\/\/www.skeppsholmsgruppen.se\/es\/wp-json\/wp\/v2\/media?parent=22316"}],"curies":[{"name":"wp","href":"https:\/\/api.w.org\/{rel}","templated":true}]}}