{"id":16482,"date":"2024-05-23T11:18:27","date_gmt":"2024-05-23T09:18:27","guid":{"rendered":"https:\/\/www.skeppsholmsgruppen.se\/tietosuojakaytanto\/"},"modified":"2025-02-18T18:10:39","modified_gmt":"2025-02-18T17:10:39","slug":"tietosuojakaytanto","status":"publish","type":"page","link":"https:\/\/www.skeppsholmsgruppen.se\/fi\/tietosuojakaytanto\/","title":{"rendered":"Tietosuojak\u00e4yt\u00e4nt\u00f6"},"content":{"rendered":"\t\t<div data-elementor-type=\"wp-page\" data-elementor-id=\"16482\" class=\"elementor elementor-16482 elementor-4730\" data-elementor-post-type=\"page\">\n\t\t\t\t<div class=\"elementor-element elementor-element-65e17512 e-flex e-con-boxed e-con e-parent\" data-id=\"65e17512\" data-element_type=\"container\" data-e-type=\"container\" data-settings=\"{&quot;background_background&quot;:&quot;classic&quot;}\">\n\t\t\t\t\t<div class=\"e-con-inner\">\n\t\t\t\t<div class=\"elementor-element elementor-element-47da7ce8 elementor-widget elementor-widget-spacer\" data-id=\"47da7ce8\" data-element_type=\"widget\" data-e-type=\"widget\" data-widget_type=\"spacer.default\">\n\t\t\t\t<div class=\"elementor-widget-container\">\n\t\t\t\t\t\t\t<div class=\"elementor-spacer\">\n\t\t\t<div class=\"elementor-spacer-inner\"><\/div>\n\t\t<\/div>\n\t\t\t\t\t\t<\/div>\n\t\t\t\t<\/div>\n\t\t\t\t\t<\/div>\n\t\t\t\t<\/div>\n\t\t<div class=\"elementor-element elementor-element-d99046b e-flex e-con-boxed e-con e-parent\" data-id=\"d99046b\" data-element_type=\"container\" data-e-type=\"container\">\n\t\t\t\t\t<div class=\"e-con-inner\">\n\t\t\t\t<div class=\"elementor-element elementor-element-62c734c elementor-widget elementor-widget-heading\" data-id=\"62c734c\" data-element_type=\"widget\" data-e-type=\"widget\" data-widget_type=\"heading.default\">\n\t\t\t\t<div class=\"elementor-widget-container\">\n\t\t\t\t\t<h2 class=\"elementor-heading-title elementor-size-default\">Tietosuojak\u00e4yt\u00e4nt\u00f6<\/h2>\t\t\t\t<\/div>\n\t\t\t\t<\/div>\n\t\t\t\t<div class=\"elementor-element elementor-element-70b8ec6 elementor-widget elementor-widget-text-editor\" data-id=\"70b8ec6\" data-element_type=\"widget\" data-e-type=\"widget\" data-widget_type=\"text-editor.default\">\n\t\t\t\t<div class=\"elementor-widget-container\">\n\t\t\t\t\t\t\t\t\t<p>Meille Skeppsholmsgruppenille on \u00e4\u00e4rimm\u00e4isen t\u00e4rke\u00e4\u00e4, ett\u00e4 tunnet olosi turvalliseksi sen suhteen, miten k\u00e4sittelemme henkil\u00f6tietojasi. Siksi kerromme avoimesti, miten ker\u00e4\u00e4mme, k\u00e4sittelemme ja jaamme sinusta tallentamiamme tietoja. Emme koskaan myy henkil\u00f6tietojasi muille yrityksille.  <\/p>\n<\/p>\n<h5>Mit\u00e4 henkil\u00f6tiedot ovat?<\/h5>\n<p>Henkil\u00f6tietoja ovat kaikki tiedot, joita voidaan k\u00e4ytt\u00e4\u00e4 yksil\u00f6n tunnistamiseen, kuten sinua koskevat perustiedot, kuten nimesi ja yhteystietosi.<\/p>\n<\/p>\n<h5>K\u00e4sittelyn oikeusperusta<\/h5>\n<p>K\u00e4sittelemme henkil\u00f6tietojasi seuraavilla oikeudellisilla perusteilla:<\/p>\n<ul>\n<li>Suostumus<\/li>\n<li>Sopimukset<\/li>\n<li>Lakis\u00e4\u00e4teinen velvoite<\/li>\n<li>Oikeutettu etu<\/li>\n<\/ul>\n<h5>Milloin k\u00e4sittelemme henkil\u00f6tietojasi?<\/h5>\n<p>Olemme vastuussa kanssamme jakamiesi henkil\u00f6tietojen k\u00e4sittelyst\u00e4 seuraavissa tilanteissa:<\/p>\n<ul>\n<li>Kun varaat meilt\u00e4 tapahtuman, kuten kokouksen, konferenssin, juhlan tai h\u00e4\u00e4t, tai kysyt niist\u00e4.<\/li>\n<li>Kun ilmoittaudut tapahtumiimme tai uutiskirjeisiimme.<\/li>\n<li>Kun sinulla on kysymys tai otat meihin yhteytt\u00e4.<\/li>\n<li>Kun vierailet verkkosivustollamme ja hyv\u00e4ksyt ev\u00e4steet.<\/li>\n<li>Kun t\u00e4yt\u00e4t lomakkeen verkkosivustollamme.<\/li>\n<\/ul>\n<h5>Kenen kanssa jaamme henkil\u00f6tietoja?<\/h5>\n<p>Jaamme henkil\u00f6tietoja sopimustukij\u00e4rjestelmiemme kanssa, kun sinulla on tiedustelu meille, jos se on tarpeen, jotta voimme auttaa sinua, esimerkiksi sy\u00f6tt\u00e4\u00e4 varauksen varausj\u00e4rjestelm\u00e4\u00e4n. Emme koskaan jaa tietojasi kolmansille osapuolille, ellet itse vaadi sit\u00e4, esimerkiksi jos haluat, ett\u00e4 kukkakauppiaat, pitopalvelun tarjoajat tai aktiviteettien j\u00e4rjest\u00e4j\u00e4t ottavat sinuun yhteytt\u00e4. <\/p>\n<h5>Kuinka kauan s\u00e4ilyt\u00e4mme henkil\u00f6tietojasi?<\/h5>\n<p>S\u00e4ilyt\u00e4mme henkil\u00f6tietojasi niin kauan kuin asiakassuhde on olemassa tai se on tarpeen t\u00e4ss\u00e4 politiikassa kuvattujen tarkoitusten t\u00e4ytt\u00e4miseksi ja lakis\u00e4\u00e4teisten vaatimusten noudattamiseksi.<\/p>\n<p>Skeppsholmsgruppen poistaa tai anonymisoi tietosi kohtuullisessa ajassa sopimuksen p\u00e4\u00e4ttyess\u00e4, ellei muu Ruotsin tai Euroopan unionin lains\u00e4\u00e4d\u00e4nt\u00f6, tuomioistuin tai viranomainen toisin m\u00e4\u00e4r\u00e4\u00e4. Tietojasi voidaan s\u00e4ilytt\u00e4\u00e4 etujen tasapainottamisen perusteella, jos siihen on turvallisuus- tai taloudellisia syit\u00e4. Henkil\u00f6tietojesi s\u00e4ilytysaika vaihtelee ker\u00e4\u00e4misen tarkoituksen mukaan. Laskutukseen k\u00e4ytett\u00e4vi\u00e4 henkil\u00f6tietoja s\u00e4ilytet\u00e4\u00e4n niin kauan kuin niit\u00e4 tarvitaan kirjanpitotarkoituksiin.   <\/p>\n<h5>Sinun oikeutesi<\/h5>\n<p><strong>Sinulla on oikeus:<\/strong><\/p>\n<ul>\n<li>P\u00e4\u00e4set tutustumaan hallussamme oleviin henkil\u00f6tietoihin.<\/li>\n<li>Korjaa virheelliset tai puutteelliset tiedot.<\/li>\n<li>Pyyd\u00e4 henkil\u00f6tietojesi poistamista.<\/li>\n<li>rajoittaa henkil\u00f6tietojesi k\u00e4sittely\u00e4.<\/li>\n<li>Vastustaa henkil\u00f6tietojesi k\u00e4sittely\u00e4.<\/li>\n<li>Pyyd\u00e4 tietojen siirrett\u00e4vyytt\u00e4.<\/li>\n<\/ul>\n<h5>Miten suojaamme tietojasi<\/h5>\n<p>Varmistamme, ett\u00e4 henkil\u00f6tietosi ovat aina suojattuja k\u00e4ytt\u00e4m\u00e4ll\u00e4 teknisi\u00e4 ja organisatorisia turvatoimia. K\u00e4sittelyss\u00e4 noudatetaan sovellettavia tietosuojas\u00e4\u00e4nt\u00f6j\u00e4, sis\u00e4isi\u00e4 ohjeita ja menettelyj\u00e4. Lue lis\u00e4\u00e4 osoitteessa www.datainspektionen.se\/dataskyddsreformen.  <\/p>\n<\/p>\n<h5>Ev\u00e4steet ja seurantatekniikat<\/h5>\n<p>K\u00e4yt\u00e4mme ev\u00e4steit\u00e4 ja vastaavia tekniikoita parantaaksemme k\u00e4ytt\u00f6kokemustasi verkkosivustollamme. [cookiepolicy] Lis\u00e4tietoja ev\u00e4steiden k\u00e4yt\u00f6st\u00e4 on osoitteessa . <\/p>\n<h5>Tiedonsiirrot<\/h5>\n<p>Voimme siirt\u00e4\u00e4 henkil\u00f6tietojasi kolmansiin maihin (EU:n\/ETA:n ulkopuolisiin maihin), jos se on tarpeen palveluidemme tarjoamiseksi. Varmistamme, ett\u00e4 tietojesi suojaamiseksi on k\u00e4yt\u00f6ss\u00e4 riitt\u00e4v\u00e4t suojatoimet. <\/p>\n<h5>Toimintalinjaan teht\u00e4v\u00e4t muutokset<\/h5>\n<p>Saatamme p\u00e4ivitt\u00e4\u00e4 t\u00e4t\u00e4 tietosuojak\u00e4yt\u00e4nt\u00f6\u00e4 aika ajoin. Kaikista muutoksista ilmoitetaan verkkosivustollamme, ja ne tulevat voimaan niiden julkaisup\u00e4iv\u00e4st\u00e4 alkaen. <\/p>\n<h5>Jos sinulla on kysytt\u00e4v\u00e4\u00e4, ota yhteytt\u00e4:<\/h5>\n<p>M<strong>atilda Gr\u00fcnberger<\/strong> Omistajan ja myynnin edustaja<a href=\"mailto:matilda@www.skeppsholmsgruppen.se\">matilda@www.skeppsholmsgruppen.se<\/a><a href=\"tel:+46762756008\">+46 76 275 60 08<\/a><\/p>\n\t\t\t\t\t\t\t\t<\/div>\n\t\t\t\t<\/div>\n\t\t\t\t\t<\/div>\n\t\t\t\t<\/div>\n\t\t<div class=\"elementor-element elementor-element-1e1601f e-flex e-con-boxed e-con e-parent\" data-id=\"1e1601f\" data-element_type=\"container\" data-e-type=\"container\">\n\t\t\t\t\t<div class=\"e-con-inner\">\n\t\t\t\t<div class=\"elementor-element elementor-element-6bae9ba elementor-widget elementor-widget-spacer\" data-id=\"6bae9ba\" data-element_type=\"widget\" data-e-type=\"widget\" data-widget_type=\"spacer.default\">\n\t\t\t\t<div class=\"elementor-widget-container\">\n\t\t\t\t\t\t\t<div class=\"elementor-spacer\">\n\t\t\t<div class=\"elementor-spacer-inner\"><\/div>\n\t\t<\/div>\n\t\t\t\t\t\t<\/div>\n\t\t\t\t<\/div>\n\t\t\t\t\t<\/div>\n\t\t\t\t<\/div>\n\t\t\t\t<\/div>\n\t\t","protected":false},"excerpt":{"rendered":"<p>Tietosuojak\u00e4yt\u00e4nt\u00f6 Meille Skeppsholmsgruppenille on \u00e4\u00e4rimm\u00e4isen t\u00e4rke\u00e4\u00e4, ett\u00e4 tunnet olosi turvalliseksi sen suhteen, miten k\u00e4sittelemme henkil\u00f6tietojasi. Siksi kerromme avoimesti, miten ker\u00e4\u00e4mme, k\u00e4sittelemme ja jaamme sinusta tallentamiamme tietoja. Emme koskaan myy henkil\u00f6tietojasi muille yrityksille. Mit\u00e4 henkil\u00f6tiedot ovat? Henkil\u00f6tietoja ovat kaikki tiedot, joita voidaan k\u00e4ytt\u00e4\u00e4 yksil\u00f6n tunnistamiseen, kuten sinua koskevat perustiedot, kuten nimesi ja yhteystietosi. K\u00e4sittelyn oikeusperusta K\u00e4sittelemme [&hellip;]<\/p>\n","protected":false},"author":247968712,"featured_media":16483,"parent":0,"menu_order":0,"comment_status":"closed","ping_status":"closed","template":"","meta":{"_acf_changed":false,"footnotes":""},"class_list":["post-16482","page","type-page","status-publish","has-post-thumbnail","hentry"],"acf":[],"yoast_head":"<!-- This site is optimized with the Yoast SEO plugin v27.5 - https:\/\/yoast.com\/product\/yoast-seo-wordpress\/ -->\n<title>Tietosuojak\u00e4yt\u00e4nt\u00f6 | Skeppsholmsgruppen<\/title>\n<meta name=\"description\" content=\"Lue Skeppsholms Groupin tietosuojak\u00e4yt\u00e4nt\u00f6 ymm\u00e4rt\u00e4\u00e4ksesi, miten suojaamme ja k\u00e4sittelemme henkil\u00f6tietojasi. V\u00e4lit\u00e4mme yksityisyydest\u00e4si ja noudatamme tiukkoja standardeja.\" \/>\n<meta name=\"robots\" content=\"index, follow, max-snippet:-1, max-image-preview:large, max-video-preview:-1\" \/>\n<link rel=\"canonical\" href=\"https:\/\/www.skeppsholmsgruppen.se\/fi\/tietosuojakaytanto\/\" \/>\n<meta property=\"og:locale\" content=\"fi_FI\" \/>\n<meta property=\"og:type\" content=\"article\" \/>\n<meta property=\"og:title\" content=\"Tietosuojak\u00e4yt\u00e4nt\u00f6 | Skeppsholmsgruppen\" \/>\n<meta property=\"og:description\" content=\"Lue Skeppsholms Groupin tietosuojak\u00e4yt\u00e4nt\u00f6 ymm\u00e4rt\u00e4\u00e4ksesi, miten suojaamme ja k\u00e4sittelemme henkil\u00f6tietojasi. V\u00e4lit\u00e4mme yksityisyydest\u00e4si ja noudatamme tiukkoja standardeja.\" \/>\n<meta property=\"og:url\" content=\"https:\/\/www.skeppsholmsgruppen.se\/fi\/tietosuojakaytanto\/\" \/>\n<meta property=\"og:site_name\" content=\"Skeppsholmsgruppen\" \/>\n<meta property=\"article:modified_time\" content=\"2025-02-18T17:10:39+00:00\" \/>\n<meta property=\"og:image\" content=\"https:\/\/i0.wp.com\/skeppsholmsgruppen.se\/wp-content\/uploads\/2024\/07\/Skeppsholmen-Krona.jpg?fit=1920%2C1080&quality=89&ssl=1\" \/>\n\t<meta property=\"og:image:width\" content=\"1920\" \/>\n\t<meta property=\"og:image:height\" content=\"1080\" \/>\n\t<meta property=\"og:image:type\" content=\"image\/jpeg\" \/>\n<meta name=\"twitter:card\" content=\"summary_large_image\" \/>\n<meta name=\"twitter:label1\" content=\"Arvioitu lukuaika\" \/>\n\t<meta name=\"twitter:data1\" content=\"2 minuuttia\" \/>\n<script type=\"application\/ld+json\" class=\"yoast-schema-graph\">{\"@context\":\"https:\\\/\\\/schema.org\",\"@graph\":[{\"@type\":\"WebPage\",\"@id\":\"https:\\\/\\\/www.skeppsholmsgruppen.se\\\/fi\\\/tietosuojakaytanto\\\/\",\"url\":\"https:\\\/\\\/www.skeppsholmsgruppen.se\\\/fi\\\/tietosuojakaytanto\\\/\",\"name\":\"Tietosuojak\u00e4yt\u00e4nt\u00f6 | Skeppsholmsgruppen\",\"isPartOf\":{\"@id\":\"https:\\\/\\\/skeppsholmsgruppen.se\\\/#website\"},\"primaryImageOfPage\":{\"@id\":\"https:\\\/\\\/www.skeppsholmsgruppen.se\\\/fi\\\/tietosuojakaytanto\\\/#primaryimage\"},\"image\":{\"@id\":\"https:\\\/\\\/www.skeppsholmsgruppen.se\\\/fi\\\/tietosuojakaytanto\\\/#primaryimage\"},\"thumbnailUrl\":\"https:\\\/\\\/www.skeppsholmsgruppen.se\\\/wp-content\\\/uploads\\\/2024\\\/07\\\/Skeppsholmen-Krona.jpg\",\"datePublished\":\"2024-05-23T09:18:27+00:00\",\"dateModified\":\"2025-02-18T17:10:39+00:00\",\"description\":\"Lue Skeppsholms Groupin tietosuojak\u00e4yt\u00e4nt\u00f6 ymm\u00e4rt\u00e4\u00e4ksesi, miten suojaamme ja k\u00e4sittelemme henkil\u00f6tietojasi. V\u00e4lit\u00e4mme yksityisyydest\u00e4si ja noudatamme tiukkoja standardeja.\",\"breadcrumb\":{\"@id\":\"https:\\\/\\\/www.skeppsholmsgruppen.se\\\/fi\\\/tietosuojakaytanto\\\/#breadcrumb\"},\"inLanguage\":\"fi\",\"potentialAction\":[{\"@type\":\"ReadAction\",\"target\":[\"https:\\\/\\\/www.skeppsholmsgruppen.se\\\/fi\\\/tietosuojakaytanto\\\/\"]}]},{\"@type\":\"ImageObject\",\"inLanguage\":\"fi\",\"@id\":\"https:\\\/\\\/www.skeppsholmsgruppen.se\\\/fi\\\/tietosuojakaytanto\\\/#primaryimage\",\"url\":\"https:\\\/\\\/www.skeppsholmsgruppen.se\\\/wp-content\\\/uploads\\\/2024\\\/07\\\/Skeppsholmen-Krona.jpg\",\"contentUrl\":\"https:\\\/\\\/www.skeppsholmsgruppen.se\\\/wp-content\\\/uploads\\\/2024\\\/07\\\/Skeppsholmen-Krona.jpg\",\"width\":1920,\"height\":1080},{\"@type\":\"BreadcrumbList\",\"@id\":\"https:\\\/\\\/www.skeppsholmsgruppen.se\\\/fi\\\/tietosuojakaytanto\\\/#breadcrumb\",\"itemListElement\":[{\"@type\":\"ListItem\",\"position\":1,\"name\":\"Hem\",\"item\":\"https:\\\/\\\/www.skeppsholmsgruppen.se\\\/fi\\\/\"},{\"@type\":\"ListItem\",\"position\":2,\"name\":\"Tietosuojak\u00e4yt\u00e4nt\u00f6\"}]},{\"@type\":\"WebSite\",\"@id\":\"https:\\\/\\\/skeppsholmsgruppen.se\\\/#website\",\"url\":\"https:\\\/\\\/skeppsholmsgruppen.se\\\/\",\"name\":\"Skeppsholmsgruppen\",\"description\":\"En historisk p\u00e4rla f\u00f6r konferens, event och fest bel\u00e4gen mitt i hj\u00e4rtat av Stockhom.\",\"potentialAction\":[{\"@type\":\"SearchAction\",\"target\":{\"@type\":\"EntryPoint\",\"urlTemplate\":\"https:\\\/\\\/skeppsholmsgruppen.se\\\/?s={search_term_string}\"},\"query-input\":{\"@type\":\"PropertyValueSpecification\",\"valueRequired\":true,\"valueName\":\"search_term_string\"}}],\"inLanguage\":\"fi\"}]}<\/script>\n<!-- \/ Yoast SEO plugin. -->","yoast_head_json":{"title":"Tietosuojak\u00e4yt\u00e4nt\u00f6 | Skeppsholmsgruppen","description":"Lue Skeppsholms Groupin tietosuojak\u00e4yt\u00e4nt\u00f6 ymm\u00e4rt\u00e4\u00e4ksesi, miten suojaamme ja k\u00e4sittelemme henkil\u00f6tietojasi. V\u00e4lit\u00e4mme yksityisyydest\u00e4si ja noudatamme tiukkoja standardeja.","robots":{"index":"index","follow":"follow","max-snippet":"max-snippet:-1","max-image-preview":"max-image-preview:large","max-video-preview":"max-video-preview:-1"},"canonical":"https:\/\/www.skeppsholmsgruppen.se\/fi\/tietosuojakaytanto\/","og_locale":"fi_FI","og_type":"article","og_title":"Tietosuojak\u00e4yt\u00e4nt\u00f6 | Skeppsholmsgruppen","og_description":"Lue Skeppsholms Groupin tietosuojak\u00e4yt\u00e4nt\u00f6 ymm\u00e4rt\u00e4\u00e4ksesi, miten suojaamme ja k\u00e4sittelemme henkil\u00f6tietojasi. V\u00e4lit\u00e4mme yksityisyydest\u00e4si ja noudatamme tiukkoja standardeja.","og_url":"https:\/\/www.skeppsholmsgruppen.se\/fi\/tietosuojakaytanto\/","og_site_name":"Skeppsholmsgruppen","article_modified_time":"2025-02-18T17:10:39+00:00","og_image":[{"width":1920,"height":1080,"url":"https:\/\/i0.wp.com\/skeppsholmsgruppen.se\/wp-content\/uploads\/2024\/07\/Skeppsholmen-Krona.jpg?fit=1920%2C1080&quality=89&ssl=1","type":"image\/jpeg"}],"twitter_card":"summary_large_image","twitter_misc":{"Arvioitu lukuaika":"2 minuuttia"},"schema":{"@context":"https:\/\/schema.org","@graph":[{"@type":"WebPage","@id":"https:\/\/www.skeppsholmsgruppen.se\/fi\/tietosuojakaytanto\/","url":"https:\/\/www.skeppsholmsgruppen.se\/fi\/tietosuojakaytanto\/","name":"Tietosuojak\u00e4yt\u00e4nt\u00f6 | Skeppsholmsgruppen","isPartOf":{"@id":"https:\/\/skeppsholmsgruppen.se\/#website"},"primaryImageOfPage":{"@id":"https:\/\/www.skeppsholmsgruppen.se\/fi\/tietosuojakaytanto\/#primaryimage"},"image":{"@id":"https:\/\/www.skeppsholmsgruppen.se\/fi\/tietosuojakaytanto\/#primaryimage"},"thumbnailUrl":"https:\/\/www.skeppsholmsgruppen.se\/wp-content\/uploads\/2024\/07\/Skeppsholmen-Krona.jpg","datePublished":"2024-05-23T09:18:27+00:00","dateModified":"2025-02-18T17:10:39+00:00","description":"Lue Skeppsholms Groupin tietosuojak\u00e4yt\u00e4nt\u00f6 ymm\u00e4rt\u00e4\u00e4ksesi, miten suojaamme ja k\u00e4sittelemme henkil\u00f6tietojasi. V\u00e4lit\u00e4mme yksityisyydest\u00e4si ja noudatamme tiukkoja standardeja.","breadcrumb":{"@id":"https:\/\/www.skeppsholmsgruppen.se\/fi\/tietosuojakaytanto\/#breadcrumb"},"inLanguage":"fi","potentialAction":[{"@type":"ReadAction","target":["https:\/\/www.skeppsholmsgruppen.se\/fi\/tietosuojakaytanto\/"]}]},{"@type":"ImageObject","inLanguage":"fi","@id":"https:\/\/www.skeppsholmsgruppen.se\/fi\/tietosuojakaytanto\/#primaryimage","url":"https:\/\/www.skeppsholmsgruppen.se\/wp-content\/uploads\/2024\/07\/Skeppsholmen-Krona.jpg","contentUrl":"https:\/\/www.skeppsholmsgruppen.se\/wp-content\/uploads\/2024\/07\/Skeppsholmen-Krona.jpg","width":1920,"height":1080},{"@type":"BreadcrumbList","@id":"https:\/\/www.skeppsholmsgruppen.se\/fi\/tietosuojakaytanto\/#breadcrumb","itemListElement":[{"@type":"ListItem","position":1,"name":"Hem","item":"https:\/\/www.skeppsholmsgruppen.se\/fi\/"},{"@type":"ListItem","position":2,"name":"Tietosuojak\u00e4yt\u00e4nt\u00f6"}]},{"@type":"WebSite","@id":"https:\/\/skeppsholmsgruppen.se\/#website","url":"https:\/\/skeppsholmsgruppen.se\/","name":"Skeppsholmsgruppen","description":"En historisk p\u00e4rla f\u00f6r konferens, event och fest bel\u00e4gen mitt i hj\u00e4rtat av Stockhom.","potentialAction":[{"@type":"SearchAction","target":{"@type":"EntryPoint","urlTemplate":"https:\/\/skeppsholmsgruppen.se\/?s={search_term_string}"},"query-input":{"@type":"PropertyValueSpecification","valueRequired":true,"valueName":"search_term_string"}}],"inLanguage":"fi"}]}},"_links":{"self":[{"href":"https:\/\/www.skeppsholmsgruppen.se\/fi\/wp-json\/wp\/v2\/pages\/16482","targetHints":{"allow":["GET"]}}],"collection":[{"href":"https:\/\/www.skeppsholmsgruppen.se\/fi\/wp-json\/wp\/v2\/pages"}],"about":[{"href":"https:\/\/www.skeppsholmsgruppen.se\/fi\/wp-json\/wp\/v2\/types\/page"}],"author":[{"embeddable":true,"href":"https:\/\/www.skeppsholmsgruppen.se\/fi\/wp-json\/wp\/v2\/users\/247968712"}],"replies":[{"embeddable":true,"href":"https:\/\/www.skeppsholmsgruppen.se\/fi\/wp-json\/wp\/v2\/comments?post=16482"}],"version-history":[{"count":1,"href":"https:\/\/www.skeppsholmsgruppen.se\/fi\/wp-json\/wp\/v2\/pages\/16482\/revisions"}],"predecessor-version":[{"id":16484,"href":"https:\/\/www.skeppsholmsgruppen.se\/fi\/wp-json\/wp\/v2\/pages\/16482\/revisions\/16484"}],"wp:featuredmedia":[{"embeddable":true,"href":"https:\/\/www.skeppsholmsgruppen.se\/fi\/wp-json\/wp\/v2\/media\/16483"}],"wp:attachment":[{"href":"https:\/\/www.skeppsholmsgruppen.se\/fi\/wp-json\/wp\/v2\/media?parent=16482"}],"curies":[{"name":"wp","href":"https:\/\/api.w.org\/{rel}","templated":true}]}}