{"id":16583,"date":"2024-04-02T09:50:26","date_gmt":"2024-04-02T07:50:26","guid":{"rendered":"https:\/\/www.skeppsholmsgruppen.se\/raataloidyt-palvelut\/konsertit\/"},"modified":"2025-04-08T09:40:41","modified_gmt":"2025-04-08T07:40:41","slug":"konsertit","status":"publish","type":"page","link":"https:\/\/www.skeppsholmsgruppen.se\/fi\/raataloidyt-palvelut\/konsertit\/","title":{"rendered":"Konsertit"},"content":{"rendered":"\t\t<div data-elementor-type=\"wp-page\" data-elementor-id=\"16583\" class=\"elementor elementor-16583 elementor-1127\" data-elementor-post-type=\"page\">\n\t\t\t\t<div class=\"elementor-element elementor-element-7be8eeff e-flex e-con-boxed e-con e-parent\" data-id=\"7be8eeff\" data-element_type=\"container\" data-e-type=\"container\" data-settings=\"{&quot;background_background&quot;:&quot;video&quot;,&quot;background_video_link&quot;:&quot;https:\\\/\\\/youtu.be\\\/VU8XGHxEP5Y&quot;,&quot;background_video_start&quot;:0,&quot;background_play_on_mobile&quot;:&quot;yes&quot;}\">\n\t\t\t\t\t<div class=\"e-con-inner\">\n\t\t<div class=\"elementor-background-video-container\">\n\t\t\t\t\t\t\t<div class=\"elementor-background-video-embed\" role=\"presentation\"><\/div>\n\t\t\t\t\t\t<\/div>\t\t<div class=\"elementor-element elementor-element-485f3c9e elementor-widget elementor-widget-heading\" data-id=\"485f3c9e\" data-element_type=\"widget\" data-e-type=\"widget\" data-widget_type=\"heading.default\">\n\t\t\t\t<div class=\"elementor-widget-container\">\n\t\t\t\t\t<h2 class=\"elementor-heading-title elementor-size-default\">Konsertin j\u00e4rjest\u00e4minen Skeppsholmenilla<\/h2>\t\t\t\t<\/div>\n\t\t\t\t<\/div>\n\t\t\t\t\t<\/div>\n\t\t\t\t<\/div>\n\t\t<div class=\"elementor-element elementor-element-9998675 e-flex e-con-boxed e-con e-parent\" data-id=\"9998675\" data-element_type=\"container\" data-e-type=\"container\" data-settings=\"{&quot;background_background&quot;:&quot;classic&quot;}\">\n\t\t\t\t\t<div class=\"e-con-inner\">\n\t\t<div class=\"elementor-element elementor-element-826c282 e-flex e-con-boxed e-con e-child\" data-id=\"826c282\" data-element_type=\"container\" data-e-type=\"container\">\n\t\t\t\t\t<div class=\"e-con-inner\">\n\t\t\t\t<div class=\"elementor-element elementor-element-4c7dda64 elementor-widget elementor-widget-heading\" data-id=\"4c7dda64\" data-element_type=\"widget\" data-e-type=\"widget\" data-widget_type=\"heading.default\">\n\t\t\t\t<div class=\"elementor-widget-container\">\n\t\t\t\t\t<h2 class=\"elementor-heading-title elementor-size-default\">Kulttuuri, taide ja musiikki<\/h2>\t\t\t\t<\/div>\n\t\t\t\t<\/div>\n\t\t\t\t<div class=\"elementor-element elementor-element-3e5cbb57 elementor-widget elementor-widget-heading\" data-id=\"3e5cbb57\" data-element_type=\"widget\" data-e-type=\"widget\" data-widget_type=\"heading.default\">\n\t\t\t\t<div class=\"elementor-widget-container\">\n\t\t\t\t\t<h1 class=\"elementor-heading-title elementor-size-default\">Konserttien ja julkisten tapahtumien j\u00e4rjest\u00e4minen<\/h1>\t\t\t\t<\/div>\n\t\t\t\t<\/div>\n\t\t\t\t<div class=\"elementor-element elementor-element-902abcf elementor-widget elementor-widget-text-editor\" data-id=\"902abcf\" data-element_type=\"widget\" data-e-type=\"widget\" data-widget_type=\"text-editor.default\">\n\t\t\t\t<div class=\"elementor-widget-container\">\n\t\t\t\t\t\t\t\t\t<div>\n<div>\n<div>\n<div>\n<div>\n<div>\n<p>Eric Ericsonhallen on upea konserttipaikka Tukholman syd\u00e4mess\u00e4.<\/p>\n<\/div>\n<\/div>\n<\/div>\n<\/div>\n<\/div>\n<\/div>\n<div>\n<div>\n<div>\n<div>\n<div>\n<div>\n<div>\n<div>\n<div>\n<div>\n<div>\n<div>\n<div>\n<p>Nykyaikainen, s\u00e4\u00e4dett\u00e4v\u00e4 akustiikka sopii useimmille genreille: kuorolle ja orkesterille, oopperalle, jazzille, pop- ja kansanmusiikille. Akustisen kattokruunumme ja seinien ymp\u00e4rill\u00e4 olevien s\u00e4\u00e4dett\u00e4vien, \u00e4\u00e4nt\u00e4 vaimentavien verhojen ansiosta j\u00e4lkikaiunta-aikaa voidaan s\u00e4\u00e4t\u00e4\u00e4 noin 2,5-5 sekunnista. Yleis\u00f6n l\u00e4sn\u00e4 ollessa j\u00e4lkikaiunta v\u00e4henee entisest\u00e4\u00e4n.  <\/p>\n<\/div>\n<\/div>\n<\/div>\n<\/div>\n<\/div>\n<\/div>\n<\/div>\n<\/div>\n<\/div>\n<\/div>\n<\/div>\n<\/div>\n<\/div>\n\t\t\t\t\t\t\t\t<\/div>\n\t\t\t\t<\/div>\n\t\t\t\t<div class=\"elementor-element elementor-element-29ddb84c elementor-align-center elementor-invisible elementor-widget elementor-widget-button\" data-id=\"29ddb84c\" data-element_type=\"widget\" data-e-type=\"widget\" data-settings=\"{&quot;_animation&quot;:&quot;fadeIn&quot;,&quot;_animation_delay&quot;:400}\" data-widget_type=\"button.default\">\n\t\t\t\t<div class=\"elementor-widget-container\">\n\t\t\t\t\t\t\t\t\t<div class=\"elementor-button-wrapper\">\n\t\t\t\t\t<a class=\"elementor-button elementor-button-link elementor-size-sm\" href=\"https:\/\/www.skeppsholmsgruppen.se\/fi\/varaa-julkinen-tapahtuma\/\">\n\t\t\t\t\t\t<span class=\"elementor-button-content-wrapper\">\n\t\t\t\t\t\t\t\t\t<span class=\"elementor-button-text\">Varaa julkinen tapahtuma<\/span>\n\t\t\t\t\t<\/span>\n\t\t\t\t\t<\/a>\n\t\t\t\t<\/div>\n\t\t\t\t\t\t\t\t<\/div>\n\t\t\t\t<\/div>\n\t\t\t\t<div class=\"elementor-element elementor-element-6420aa19 elementor-widget elementor-widget-text-editor\" data-id=\"6420aa19\" data-element_type=\"widget\" data-e-type=\"widget\" data-widget_type=\"text-editor.default\">\n\t\t\t\t<div class=\"elementor-widget-container\">\n\t\t\t\t\t\t\t\t\t<div>\n<div>\n<div>\n<div>\n<div>\n<div> <\/div>\n<\/div>\n<\/div>\n<\/div>\n<\/div>\n<\/div>\n<div>\n<div>\n<div>\n<div>\n<div>\n<div>\n<div>\n<div>\n<div>\n<div>\n<div>\n<div>\n<div>\n<p>Tapahtumapaikan kapasiteetti on 550 henke\u00e4, ja meill\u00e4 on istumapaikkoja jopa 420 hengelle.<\/p>\n<p>Aitiossa on noin 40 paikkaa, muuten viittaamme kahteen sivukatsomoon.<\/p>\n<p>Eric Ericson -salissa on hieno Steinway D -siivipiano.<\/p>\n<p class=\"p1\">Olemme varanneet <b>sunnuntain<\/b>, <b>maanantain<\/b> ja <b>tiistain<\/b> puolen p\u00e4iv\u00e4n ja koko p\u00e4iv\u00e4n kulttuurivarauksia varten.<\/p>\n<p class=\"p1\"><b>Keskiviikon, torstain, perjantain ja lauantain kulttuurivaraukset<\/b> vuokrataan vain <b>t\u00e4ysin\u00e4 p\u00e4ivin\u00e4.<\/b><\/p>\n<p>Tapahtumapaikalla on rajoitettu m\u00e4\u00e4r\u00e4 laadukkaita mikrofoneja puhetta, laulua ja soittimia varten. Katso <a href=\"https:\/\/ericericsonhallen.se\/boka\/konsert\/#1498076016432-fb3d83ea-41c1\" target=\"_blank\" rel=\"noopener\">tekniset tiedot ja lis\u00e4tietoja<\/a> konserttien j\u00e4rjest\u00e4misest\u00e4 Eric Ericson -salissa. <\/p>\n<p>Jos haluat pienemm\u00e4n juhlapaikan, meill\u00e4 on vaihtoehtoja my\u00f6s siihen &#8211; ota yhteytt\u00e4, niin autamme sinua.<\/p>\n<\/div>\n<\/div>\n<\/div>\n<\/div>\n<\/div>\n<\/div>\n<\/div>\n<\/div>\n<\/div>\n<\/div>\n<\/div>\n<\/div>\n<\/div>\n\t\t\t\t\t\t\t\t<\/div>\n\t\t\t\t<\/div>\n\t\t\t\t<div class=\"elementor-element elementor-element-8959258 elementor-align-center elementor-invisible elementor-widget elementor-widget-button\" data-id=\"8959258\" data-element_type=\"widget\" data-e-type=\"widget\" data-settings=\"{&quot;_animation&quot;:&quot;fadeIn&quot;,&quot;_animation_delay&quot;:400}\" data-widget_type=\"button.default\">\n\t\t\t\t<div class=\"elementor-widget-container\">\n\t\t\t\t\t\t\t\t\t<div class=\"elementor-button-wrapper\">\n\t\t\t\t\t<a class=\"elementor-button elementor-button-link elementor-size-sm\" href=\"https:\/\/www.skeppsholmsgruppen.se\/fi\/jarjestajille\/\">\n\t\t\t\t\t\t<span class=\"elementor-button-content-wrapper\">\n\t\t\t\t\t\t\t\t\t<span class=\"elementor-button-text\">Sivu j\u00e4rjest\u00e4jille<\/span>\n\t\t\t\t\t<\/span>\n\t\t\t\t\t<\/a>\n\t\t\t\t<\/div>\n\t\t\t\t\t\t\t\t<\/div>\n\t\t\t\t<\/div>\n\t\t\t\t\t<\/div>\n\t\t\t\t<\/div>\n\t\t\t\t\t<\/div>\n\t\t\t\t<\/div>\n\t\t<div class=\"elementor-element elementor-element-39560f76 e-flex e-con-boxed e-con e-parent\" data-id=\"39560f76\" data-element_type=\"container\" data-e-type=\"container\" data-settings=\"{&quot;background_background&quot;:&quot;classic&quot;}\">\n\t\t\t\t\t<div class=\"e-con-inner\">\n\t\t\t\t<div class=\"elementor-element elementor-element-2021c699 elementor-widget__width-inherit elementor-widget elementor-widget-heading\" data-id=\"2021c699\" data-element_type=\"widget\" data-e-type=\"widget\" data-widget_type=\"heading.default\">\n\t\t\t\t<div class=\"elementor-widget-container\">\n\t\t\t\t\t<h2 class=\"elementor-heading-title elementor-size-default\">Sopivat konserttipaikat  <\/h2>\t\t\t\t<\/div>\n\t\t\t\t<\/div>\n\t\t\t\t<div class=\"elementor-element elementor-element-67f5d736 elementor-widget__width-inherit elementor-widget elementor-widget-heading\" data-id=\"67f5d736\" data-element_type=\"widget\" data-e-type=\"widget\" data-widget_type=\"heading.default\">\n\t\t\t\t<div class=\"elementor-widget-container\">\n\t\t\t\t\t<h5 class=\"elementor-heading-title elementor-size-default\">Ota yhteytt\u00e4 jo t\u00e4n\u00e4\u00e4n saadaksesi lis\u00e4tietoja.<\/h5>\t\t\t\t<\/div>\n\t\t\t\t<\/div>\n\t\t\t\t<div class=\"elementor-element elementor-element-4a580167 elementor-cta--skin-cover elementor-cta--valign-top elementor-widget__width-initial elementor-widget elementor-widget-call-to-action\" data-id=\"4a580167\" data-element_type=\"widget\" data-e-type=\"widget\" data-widget_type=\"call-to-action.default\">\n\t\t\t\t<div class=\"elementor-widget-container\">\n\t\t\t\t\t\t\t<div class=\"elementor-cta\">\n\t\t\t\t\t<div class=\"elementor-cta__bg-wrapper\">\n\t\t\t\t<div class=\"elementor-cta__bg elementor-bg lazyload\" style=\"background-image:inherit;\" role=\"img\" aria-label=\"idealisk lokal f\u00f6r k\u00f6r, orkester, opera, jazz, pop och folkmusik\" data-bg-image=\"url(https:\/\/www.skeppsholmsgruppen.se\/wp-content\/uploads\/2024\/04\/Kor-i-Eric-Ericsonhallen.jpg)\"><\/div>\n\t\t\t\t<div class=\"elementor-cta__bg-overlay\"><\/div>\n\t\t\t<\/div>\n\t\t\t\t\t\t\t<div class=\"elementor-cta__content\">\n\t\t\t\t\n\t\t\t\t\t\t\t\t\t<span class=\"elementor-cta__title elementor-cta__content-item elementor-content-item\">\n\t\t\t\t\t\t<br>Eric<span style=\"font-weight: normal\">Ericsonhallen<\/span>\t\t\t\t\t<\/span>\n\t\t\t\t\n\t\t\t\t\t\t\t\t\t<div class=\"elementor-cta__description elementor-cta__content-item elementor-content-item\">\n\t\t\t\t\t\t<p>Tukholman upein tapahtumapaikka, joka sijaitsee keskeisell\u00e4 paikalla kaupungin syd\u00e4mess\u00e4, vain 200 metrin p\u00e4\u00e4ss\u00e4 Grand Hotellista. Vuodelta 1833 per\u00e4isin oleva majesteettinen rakennus sijaitsee kukkulalla, jonka taustalla on Kuninkaanlinna ja Gamla Stan. Tapahtumapaikan avoin pinta-ala on 600 neli\u00f6metri\u00e4 ja siin\u00e4 on valtava kupoli, jonka henke\u00e4salpaava kattokorkeus on yli 30 metri\u00e4.  <\/p>\n\t\t\t\t\t<\/div>\n\t\t\t\t\n\t\t\t\t\t\t\t\t\t<div class=\"elementor-cta__button-wrapper elementor-cta__content-item elementor-content-item \">\n\t\t\t\t\t<a class=\"elementor-cta__button elementor-button elementor-size-\" href=\"https:\/\/www.skeppsholmsgruppen.se\/fi\/ainutlaatuiset-tapahtumatilat\/eric-ericson-hall\/\">\n\t\t\t\t\t\tLue lis\u00e4\u00e4\t\t\t\t\t<\/a>\n\t\t\t\t\t<\/div>\n\t\t\t\t\t\t\t<\/div>\n\t\t\t\t\t\t<\/div>\n\t\t\t\t\t\t<\/div>\n\t\t\t\t<\/div>\n\t\t\t\t<div class=\"elementor-element elementor-element-2ccc9b89 elementor-cta--skin-cover elementor-cta--valign-top elementor-widget__width-initial elementor-widget elementor-widget-call-to-action\" data-id=\"2ccc9b89\" data-element_type=\"widget\" data-e-type=\"widget\" data-widget_type=\"call-to-action.default\">\n\t\t\t\t<div class=\"elementor-widget-container\">\n\t\t\t\t\t\t\t<div class=\"elementor-cta\">\n\t\t\t\t\t<div class=\"elementor-cta__bg-wrapper\">\n\t\t\t\t<div class=\"elementor-cta__bg elementor-bg lazyload\" style=\"background-image:inherit;\" role=\"img\" aria-label=\"Glasverandan - l\u00e4ktare\" data-bg-image=\"url(https:\/\/www.skeppsholmsgruppen.se\/wp-content\/uploads\/2024\/04\/Glasverandan-laktare.jpg)\"><\/div>\n\t\t\t\t<div class=\"elementor-cta__bg-overlay\"><\/div>\n\t\t\t<\/div>\n\t\t\t\t\t\t\t<div class=\"elementor-cta__content\">\n\t\t\t\t\n\t\t\t\t\t\t\t\t\t<span class=\"elementor-cta__title elementor-cta__content-item elementor-content-item\">\n\t\t\t\t\t\tLasiveranta<br><br>\t\t\t\t\t<\/span>\n\t\t\t\t\n\t\t\t\t\t\t\t\t\t<div class=\"elementor-cta__description elementor-cta__content-item elementor-content-item\">\n\t\t\t\t\t\t<p>Yksi Tukholman kauneimmista juhlasaleista! Se sijaitsee vanhassa Mindepartementetissa, vain 5 minuutin k\u00e4velymatkan p\u00e4\u00e4ss\u00e4 Grand Hotelista. N\u00e4kym\u00e4 vedelle ja Strandv\u00e4genille on upea, ja suurista ikkunoista tulvii valoa p\u00e4iv\u00e4ll\u00e4 ja illalla voit katsella \u00f6ist\u00e4 Strandv\u00e4geni\u00e4.  <\/p>\n\t\t\t\t\t<\/div>\n\t\t\t\t\n\t\t\t\t\t\t\t\t\t<div class=\"elementor-cta__button-wrapper elementor-cta__content-item elementor-content-item \">\n\t\t\t\t\t<a class=\"elementor-cta__button elementor-button elementor-size-\" href=\"https:\/\/www.skeppsholmsgruppen.se\/fi\/ainutlaatuiset-tapahtumatilat\/lasiveranta\/\">\n\t\t\t\t\t\tLue lis\u00e4\u00e4\t\t\t\t\t<\/a>\n\t\t\t\t\t<\/div>\n\t\t\t\t\t\t\t<\/div>\n\t\t\t\t\t\t<\/div>\n\t\t\t\t\t\t<\/div>\n\t\t\t\t<\/div>\n\t\t\t\t\t<\/div>\n\t\t\t\t<\/div>\n\t\t<div class=\"elementor-element elementor-element-3ea1c08 e-flex e-con-boxed e-con e-parent\" data-id=\"3ea1c08\" data-element_type=\"container\" data-e-type=\"container\">\n\t\t\t\t\t<div class=\"e-con-inner\">\n\t\t\t\t<div class=\"elementor-element elementor-element-b6bab75 elementor-widget elementor-widget-spacer\" data-id=\"b6bab75\" data-element_type=\"widget\" data-e-type=\"widget\" data-widget_type=\"spacer.default\">\n\t\t\t\t<div class=\"elementor-widget-container\">\n\t\t\t\t\t\t\t<div class=\"elementor-spacer\">\n\t\t\t<div class=\"elementor-spacer-inner\"><\/div>\n\t\t<\/div>\n\t\t\t\t\t\t<\/div>\n\t\t\t\t<\/div>\n\t\t\t\t\t<\/div>\n\t\t\t\t<\/div>\n\t\t<div class=\"elementor-element elementor-element-12e7a2ed e-flex e-con-boxed e-con e-parent\" data-id=\"12e7a2ed\" data-element_type=\"container\" data-e-type=\"container\">\n\t\t\t\t\t<div class=\"e-con-inner\">\n\t\t\t\t<div class=\"elementor-element elementor-element-1b41f9cf elementor-widget elementor-widget-html\" data-id=\"1b41f9cf\" data-element_type=\"widget\" data-e-type=\"widget\" data-widget_type=\"html.default\">\n\t\t\t\t<div class=\"elementor-widget-container\">\n\t\t\t\t\t<script src=\"https:\/\/img.upsales.com\/CWw2RUS+6eV2rOMWqHH4bQ==\/visit\/v.js\"><\/script>\t\t\t\t<\/div>\n\t\t\t\t<\/div>\n\t\t\t\t\t<\/div>\n\t\t\t\t<\/div>\n\t\t\t\t<\/div>\n\t\t","protected":false},"excerpt":{"rendered":"<p>Konsertin j\u00e4rjest\u00e4minen Skeppsholmenilla Kulttuuri, taide ja musiikki Konserttien ja julkisten tapahtumien j\u00e4rjest\u00e4minen Eric Ericsonhallen on upea konserttipaikka Tukholman syd\u00e4mess\u00e4. Nykyaikainen, s\u00e4\u00e4dett\u00e4v\u00e4 akustiikka sopii useimmille genreille: kuorolle ja orkesterille, oopperalle, jazzille, pop- ja kansanmusiikille. Akustisen kattokruunumme ja seinien ymp\u00e4rill\u00e4 olevien s\u00e4\u00e4dett\u00e4vien, \u00e4\u00e4nt\u00e4 vaimentavien verhojen ansiosta j\u00e4lkikaiunta-aikaa voidaan s\u00e4\u00e4t\u00e4\u00e4 noin 2,5-5 sekunnista. Yleis\u00f6n l\u00e4sn\u00e4 ollessa j\u00e4lkikaiunta v\u00e4henee [&hellip;]<\/p>\n","protected":false},"author":247968712,"featured_media":16584,"parent":16493,"menu_order":0,"comment_status":"closed","ping_status":"closed","template":"","meta":{"_acf_changed":false,"footnotes":""},"class_list":["post-16583","page","type-page","status-publish","has-post-thumbnail","hentry"],"acf":[],"yoast_head":"<!-- This site is optimized with the Yoast SEO plugin v27.4 - https:\/\/yoast.com\/product\/yoast-seo-wordpress\/ -->\n<title>Eric Ericsonhallen: Monipuolinen konserttipaikka Tukholman syd\u00e4mess\u00e4<\/title>\n<meta name=\"description\" content=\"J\u00e4rjest\u00e4\u00e4 konsertteja Eric Ericsonhallenissa Tukholman syd\u00e4mess\u00e4. Moderni, s\u00e4\u00e4dett\u00e4v\u00e4 akustiikka sopii kaikille musiikkityyleille, ja se on ihanteellinen paikka kuorolle, orkesterille, oopperalle, jazzille, popille ja kansanmusiikille. Ota yhteytt\u00e4 saadaksesi lis\u00e4tietoja.\" \/>\n<meta name=\"robots\" content=\"index, follow, max-snippet:-1, max-image-preview:large, max-video-preview:-1\" \/>\n<link rel=\"canonical\" href=\"https:\/\/www.skeppsholmsgruppen.se\/fi\/raataloidyt-palvelut\/konsertit\/\" \/>\n<meta property=\"og:locale\" content=\"fi_FI\" \/>\n<meta property=\"og:type\" content=\"article\" \/>\n<meta property=\"og:title\" content=\"Eric Ericsonhallen: Monipuolinen konserttipaikka Tukholman syd\u00e4mess\u00e4\" \/>\n<meta property=\"og:description\" content=\"J\u00e4rjest\u00e4\u00e4 konsertteja Eric Ericsonhallenissa Tukholman syd\u00e4mess\u00e4. Moderni, s\u00e4\u00e4dett\u00e4v\u00e4 akustiikka sopii kaikille musiikkityyleille, ja se on ihanteellinen paikka kuorolle, orkesterille, oopperalle, jazzille, popille ja kansanmusiikille. Ota yhteytt\u00e4 saadaksesi lis\u00e4tietoja.\" \/>\n<meta property=\"og:url\" content=\"https:\/\/www.skeppsholmsgruppen.se\/fi\/raataloidyt-palvelut\/konsertit\/\" \/>\n<meta property=\"og:site_name\" content=\"Skeppsholmsgruppen\" \/>\n<meta property=\"article:modified_time\" content=\"2025-04-08T07:40:41+00:00\" \/>\n<meta property=\"og:image\" content=\"https:\/\/www.skeppsholmsgruppen.se\/wp-content\/uploads\/2024\/04\/Kor-i-Eric-Ericsonhallen.jpg\" \/>\n\t<meta property=\"og:image:width\" content=\"1620\" \/>\n\t<meta property=\"og:image:height\" content=\"1080\" \/>\n\t<meta property=\"og:image:type\" content=\"image\/jpeg\" \/>\n<meta name=\"twitter:card\" content=\"summary_large_image\" \/>\n<meta name=\"twitter:label1\" content=\"Arvioitu lukuaika\" \/>\n\t<meta name=\"twitter:data1\" content=\"1 minuutti\" \/>\n<script type=\"application\/ld+json\" class=\"yoast-schema-graph\">{\"@context\":\"https:\\\/\\\/schema.org\",\"@graph\":[{\"@type\":\"WebPage\",\"@id\":\"https:\\\/\\\/www.skeppsholmsgruppen.se\\\/fi\\\/raataloidyt-palvelut\\\/konsertit\\\/\",\"url\":\"https:\\\/\\\/www.skeppsholmsgruppen.se\\\/fi\\\/raataloidyt-palvelut\\\/konsertit\\\/\",\"name\":\"Eric Ericsonhallen: Monipuolinen konserttipaikka Tukholman syd\u00e4mess\u00e4\",\"isPartOf\":{\"@id\":\"https:\\\/\\\/skeppsholmsgruppen.se\\\/#website\"},\"primaryImageOfPage\":{\"@id\":\"https:\\\/\\\/www.skeppsholmsgruppen.se\\\/fi\\\/raataloidyt-palvelut\\\/konsertit\\\/#primaryimage\"},\"image\":{\"@id\":\"https:\\\/\\\/www.skeppsholmsgruppen.se\\\/fi\\\/raataloidyt-palvelut\\\/konsertit\\\/#primaryimage\"},\"thumbnailUrl\":\"https:\\\/\\\/www.skeppsholmsgruppen.se\\\/wp-content\\\/uploads\\\/2024\\\/04\\\/Kor-i-Eric-Ericsonhallen.jpg\",\"datePublished\":\"2024-04-02T07:50:26+00:00\",\"dateModified\":\"2025-04-08T07:40:41+00:00\",\"description\":\"J\u00e4rjest\u00e4\u00e4 konsertteja Eric Ericsonhallenissa Tukholman syd\u00e4mess\u00e4. Moderni, s\u00e4\u00e4dett\u00e4v\u00e4 akustiikka sopii kaikille musiikkityyleille, ja se on ihanteellinen paikka kuorolle, orkesterille, oopperalle, jazzille, popille ja kansanmusiikille. Ota yhteytt\u00e4 saadaksesi lis\u00e4tietoja.\",\"breadcrumb\":{\"@id\":\"https:\\\/\\\/www.skeppsholmsgruppen.se\\\/fi\\\/raataloidyt-palvelut\\\/konsertit\\\/#breadcrumb\"},\"inLanguage\":\"fi\",\"potentialAction\":[{\"@type\":\"ReadAction\",\"target\":[\"https:\\\/\\\/www.skeppsholmsgruppen.se\\\/fi\\\/raataloidyt-palvelut\\\/konsertit\\\/\"]}]},{\"@type\":\"ImageObject\",\"inLanguage\":\"fi\",\"@id\":\"https:\\\/\\\/www.skeppsholmsgruppen.se\\\/fi\\\/raataloidyt-palvelut\\\/konsertit\\\/#primaryimage\",\"url\":\"https:\\\/\\\/www.skeppsholmsgruppen.se\\\/wp-content\\\/uploads\\\/2024\\\/04\\\/Kor-i-Eric-Ericsonhallen.jpg\",\"contentUrl\":\"https:\\\/\\\/www.skeppsholmsgruppen.se\\\/wp-content\\\/uploads\\\/2024\\\/04\\\/Kor-i-Eric-Ericsonhallen.jpg\",\"width\":1620,\"height\":1080},{\"@type\":\"BreadcrumbList\",\"@id\":\"https:\\\/\\\/www.skeppsholmsgruppen.se\\\/fi\\\/raataloidyt-palvelut\\\/konsertit\\\/#breadcrumb\",\"itemListElement\":[{\"@type\":\"ListItem\",\"position\":1,\"name\":\"Hem\",\"item\":\"https:\\\/\\\/www.skeppsholmsgruppen.se\\\/fi\\\/\"},{\"@type\":\"ListItem\",\"position\":2,\"name\":\"Tarjotut palvelut\",\"item\":\"https:\\\/\\\/www.skeppsholmsgruppen.se\\\/fi\\\/raataloidyt-palvelut\\\/\"},{\"@type\":\"ListItem\",\"position\":3,\"name\":\"Konsertit\"}]},{\"@type\":\"WebSite\",\"@id\":\"https:\\\/\\\/skeppsholmsgruppen.se\\\/#website\",\"url\":\"https:\\\/\\\/skeppsholmsgruppen.se\\\/\",\"name\":\"Skeppsholmsgruppen\",\"description\":\"En historisk p\u00e4rla f\u00f6r konferens, event och fest bel\u00e4gen mitt i hj\u00e4rtat av Stockhom.\",\"potentialAction\":[{\"@type\":\"SearchAction\",\"target\":{\"@type\":\"EntryPoint\",\"urlTemplate\":\"https:\\\/\\\/skeppsholmsgruppen.se\\\/?s={search_term_string}\"},\"query-input\":{\"@type\":\"PropertyValueSpecification\",\"valueRequired\":true,\"valueName\":\"search_term_string\"}}],\"inLanguage\":\"fi\"}]}<\/script>\n<!-- \/ Yoast SEO plugin. -->","yoast_head_json":{"title":"Eric Ericsonhallen: Monipuolinen konserttipaikka Tukholman syd\u00e4mess\u00e4","description":"J\u00e4rjest\u00e4\u00e4 konsertteja Eric Ericsonhallenissa Tukholman syd\u00e4mess\u00e4. Moderni, s\u00e4\u00e4dett\u00e4v\u00e4 akustiikka sopii kaikille musiikkityyleille, ja se on ihanteellinen paikka kuorolle, orkesterille, oopperalle, jazzille, popille ja kansanmusiikille. Ota yhteytt\u00e4 saadaksesi lis\u00e4tietoja.","robots":{"index":"index","follow":"follow","max-snippet":"max-snippet:-1","max-image-preview":"max-image-preview:large","max-video-preview":"max-video-preview:-1"},"canonical":"https:\/\/www.skeppsholmsgruppen.se\/fi\/raataloidyt-palvelut\/konsertit\/","og_locale":"fi_FI","og_type":"article","og_title":"Eric Ericsonhallen: Monipuolinen konserttipaikka Tukholman syd\u00e4mess\u00e4","og_description":"J\u00e4rjest\u00e4\u00e4 konsertteja Eric Ericsonhallenissa Tukholman syd\u00e4mess\u00e4. Moderni, s\u00e4\u00e4dett\u00e4v\u00e4 akustiikka sopii kaikille musiikkityyleille, ja se on ihanteellinen paikka kuorolle, orkesterille, oopperalle, jazzille, popille ja kansanmusiikille. Ota yhteytt\u00e4 saadaksesi lis\u00e4tietoja.","og_url":"https:\/\/www.skeppsholmsgruppen.se\/fi\/raataloidyt-palvelut\/konsertit\/","og_site_name":"Skeppsholmsgruppen","article_modified_time":"2025-04-08T07:40:41+00:00","og_image":[{"width":1620,"height":1080,"url":"https:\/\/www.skeppsholmsgruppen.se\/wp-content\/uploads\/2024\/04\/Kor-i-Eric-Ericsonhallen.jpg","type":"image\/jpeg"}],"twitter_card":"summary_large_image","twitter_misc":{"Arvioitu lukuaika":"1 minuutti"},"schema":{"@context":"https:\/\/schema.org","@graph":[{"@type":"WebPage","@id":"https:\/\/www.skeppsholmsgruppen.se\/fi\/raataloidyt-palvelut\/konsertit\/","url":"https:\/\/www.skeppsholmsgruppen.se\/fi\/raataloidyt-palvelut\/konsertit\/","name":"Eric Ericsonhallen: Monipuolinen konserttipaikka Tukholman syd\u00e4mess\u00e4","isPartOf":{"@id":"https:\/\/skeppsholmsgruppen.se\/#website"},"primaryImageOfPage":{"@id":"https:\/\/www.skeppsholmsgruppen.se\/fi\/raataloidyt-palvelut\/konsertit\/#primaryimage"},"image":{"@id":"https:\/\/www.skeppsholmsgruppen.se\/fi\/raataloidyt-palvelut\/konsertit\/#primaryimage"},"thumbnailUrl":"https:\/\/www.skeppsholmsgruppen.se\/wp-content\/uploads\/2024\/04\/Kor-i-Eric-Ericsonhallen.jpg","datePublished":"2024-04-02T07:50:26+00:00","dateModified":"2025-04-08T07:40:41+00:00","description":"J\u00e4rjest\u00e4\u00e4 konsertteja Eric Ericsonhallenissa Tukholman syd\u00e4mess\u00e4. Moderni, s\u00e4\u00e4dett\u00e4v\u00e4 akustiikka sopii kaikille musiikkityyleille, ja se on ihanteellinen paikka kuorolle, orkesterille, oopperalle, jazzille, popille ja kansanmusiikille. Ota yhteytt\u00e4 saadaksesi lis\u00e4tietoja.","breadcrumb":{"@id":"https:\/\/www.skeppsholmsgruppen.se\/fi\/raataloidyt-palvelut\/konsertit\/#breadcrumb"},"inLanguage":"fi","potentialAction":[{"@type":"ReadAction","target":["https:\/\/www.skeppsholmsgruppen.se\/fi\/raataloidyt-palvelut\/konsertit\/"]}]},{"@type":"ImageObject","inLanguage":"fi","@id":"https:\/\/www.skeppsholmsgruppen.se\/fi\/raataloidyt-palvelut\/konsertit\/#primaryimage","url":"https:\/\/www.skeppsholmsgruppen.se\/wp-content\/uploads\/2024\/04\/Kor-i-Eric-Ericsonhallen.jpg","contentUrl":"https:\/\/www.skeppsholmsgruppen.se\/wp-content\/uploads\/2024\/04\/Kor-i-Eric-Ericsonhallen.jpg","width":1620,"height":1080},{"@type":"BreadcrumbList","@id":"https:\/\/www.skeppsholmsgruppen.se\/fi\/raataloidyt-palvelut\/konsertit\/#breadcrumb","itemListElement":[{"@type":"ListItem","position":1,"name":"Hem","item":"https:\/\/www.skeppsholmsgruppen.se\/fi\/"},{"@type":"ListItem","position":2,"name":"Tarjotut palvelut","item":"https:\/\/www.skeppsholmsgruppen.se\/fi\/raataloidyt-palvelut\/"},{"@type":"ListItem","position":3,"name":"Konsertit"}]},{"@type":"WebSite","@id":"https:\/\/skeppsholmsgruppen.se\/#website","url":"https:\/\/skeppsholmsgruppen.se\/","name":"Skeppsholmsgruppen","description":"En historisk p\u00e4rla f\u00f6r konferens, event och fest bel\u00e4gen mitt i hj\u00e4rtat av Stockhom.","potentialAction":[{"@type":"SearchAction","target":{"@type":"EntryPoint","urlTemplate":"https:\/\/skeppsholmsgruppen.se\/?s={search_term_string}"},"query-input":{"@type":"PropertyValueSpecification","valueRequired":true,"valueName":"search_term_string"}}],"inLanguage":"fi"}]}},"_links":{"self":[{"href":"https:\/\/www.skeppsholmsgruppen.se\/fi\/wp-json\/wp\/v2\/pages\/16583","targetHints":{"allow":["GET"]}}],"collection":[{"href":"https:\/\/www.skeppsholmsgruppen.se\/fi\/wp-json\/wp\/v2\/pages"}],"about":[{"href":"https:\/\/www.skeppsholmsgruppen.se\/fi\/wp-json\/wp\/v2\/types\/page"}],"author":[{"embeddable":true,"href":"https:\/\/www.skeppsholmsgruppen.se\/fi\/wp-json\/wp\/v2\/users\/247968712"}],"replies":[{"embeddable":true,"href":"https:\/\/www.skeppsholmsgruppen.se\/fi\/wp-json\/wp\/v2\/comments?post=16583"}],"version-history":[{"count":4,"href":"https:\/\/www.skeppsholmsgruppen.se\/fi\/wp-json\/wp\/v2\/pages\/16583\/revisions"}],"predecessor-version":[{"id":19482,"href":"https:\/\/www.skeppsholmsgruppen.se\/fi\/wp-json\/wp\/v2\/pages\/16583\/revisions\/19482"}],"up":[{"embeddable":true,"href":"https:\/\/www.skeppsholmsgruppen.se\/fi\/wp-json\/wp\/v2\/pages\/16493"}],"wp:featuredmedia":[{"embeddable":true,"href":"https:\/\/www.skeppsholmsgruppen.se\/fi\/wp-json\/wp\/v2\/media\/16584"}],"wp:attachment":[{"href":"https:\/\/www.skeppsholmsgruppen.se\/fi\/wp-json\/wp\/v2\/media?parent=16583"}],"curies":[{"name":"wp","href":"https:\/\/api.w.org\/{rel}","templated":true}]}}