{"id":17950,"date":"2024-05-06T13:04:45","date_gmt":"2024-05-06T11:04:45","guid":{"rendered":"https:\/\/www.skeppsholmsgruppen.se\/ainutlaatuiset-tapahtumatilat\/purjehdushallit\/purjehdussalin-kalusteet\/"},"modified":"2025-03-13T13:51:02","modified_gmt":"2025-03-13T12:51:02","slug":"purjehdussalin-kalusteet","status":"publish","type":"page","link":"https:\/\/www.skeppsholmsgruppen.se\/fi\/ainutlaatuiset-tapahtumatilat\/purjehdushallit\/purjehdussalin-kalusteet\/","title":{"rendered":"Purjehdussalin kalusteet"},"content":{"rendered":"\t\t<div data-elementor-type=\"wp-page\" data-elementor-id=\"17950\" class=\"elementor elementor-17950 elementor-3460\" data-elementor-post-type=\"page\">\n\t\t\t\t<div class=\"elementor-element elementor-element-63aee9c6 e-flex e-con-boxed e-con e-parent\" data-id=\"63aee9c6\" data-element_type=\"container\" data-e-type=\"container\" data-settings=\"{&quot;background_background&quot;:&quot;classic&quot;}\">\n\t\t\t\t\t<div class=\"e-con-inner\">\n\t\t<div class=\"elementor-element elementor-element-18e3cfea e-con-full e-flex e-con e-child\" data-id=\"18e3cfea\" data-element_type=\"container\" data-e-type=\"container\">\n\t\t\t\t<div class=\"elementor-element elementor-element-25940c4e elementor-widget elementor-widget-heading\" data-id=\"25940c4e\" data-element_type=\"widget\" data-e-type=\"widget\" data-widget_type=\"heading.default\">\n\t\t\t\t<div class=\"elementor-widget-container\">\n\t\t\t\t\t<h2 class=\"elementor-heading-title elementor-size-default\">Kalustusvaihtoehdot  <\/h2>\t\t\t\t<\/div>\n\t\t\t\t<\/div>\n\t\t\t\t<div class=\"elementor-element elementor-element-7635aa76 elementor-widget elementor-widget-heading\" data-id=\"7635aa76\" data-element_type=\"widget\" data-e-type=\"widget\" data-widget_type=\"heading.default\">\n\t\t\t\t<div class=\"elementor-widget-container\">\n\t\t\t\t\t<h1 class=\"elementor-heading-title elementor-size-default\">Purjehdushallit<\/h1>\t\t\t\t<\/div>\n\t\t\t\t<\/div>\n\t\t\t\t<div class=\"elementor-element elementor-element-34cdc8f5 elementor-widget elementor-widget-text-editor\" data-id=\"34cdc8f5\" data-element_type=\"widget\" data-e-type=\"widget\" data-widget_type=\"text-editor.default\">\n\t\t\t\t<div class=\"elementor-widget-container\">\n\t\t\t\t\t\t\t\t\t<p>R\u00e4\u00e4t\u00e4l\u00f6idyt sisustusehdotuksemme luovat ilmapiirin, joka t\u00e4ydent\u00e4\u00e4 purjehdushallin historiallista charmia. Olipa kyseess\u00e4 sitten eksklusiivinen illallinen, liikekonferenssi tai elegantti h\u00e4\u00e4juhla, tarjoamme joustavia vaihtoehtoja, jotka voidaan r\u00e4\u00e4t\u00e4l\u00f6id\u00e4 tarpeidesi mukaan. <\/p>\n\t\t\t\t\t\t\t\t<\/div>\n\t\t\t\t<\/div>\n\t\t\t\t<\/div>\n\t\t\t\t\t<\/div>\n\t\t\t\t<\/div>\n\t\t<div class=\"elementor-element elementor-element-378e75e5 e-flex e-con-boxed e-con e-parent\" data-id=\"378e75e5\" data-element_type=\"container\" data-e-type=\"container\">\n\t\t\t\t\t<div class=\"e-con-inner\">\n\t\t\t\t<div class=\"elementor-element elementor-element-599eb3ea elementor-widget elementor-widget-gallery\" data-id=\"599eb3ea\" data-element_type=\"widget\" data-e-type=\"widget\" data-settings=\"{&quot;overlay_description&quot;:&quot;title&quot;,&quot;gallery_layout&quot;:&quot;justified&quot;,&quot;ideal_row_height&quot;:{&quot;unit&quot;:&quot;px&quot;,&quot;size&quot;:200,&quot;sizes&quot;:[]},&quot;ideal_row_height_tablet&quot;:{&quot;unit&quot;:&quot;px&quot;,&quot;size&quot;:150,&quot;sizes&quot;:[]},&quot;ideal_row_height_mobile&quot;:{&quot;unit&quot;:&quot;px&quot;,&quot;size&quot;:150,&quot;sizes&quot;:[]},&quot;gap&quot;:{&quot;unit&quot;:&quot;px&quot;,&quot;size&quot;:10,&quot;sizes&quot;:[]},&quot;gap_tablet&quot;:{&quot;unit&quot;:&quot;px&quot;,&quot;size&quot;:10,&quot;sizes&quot;:[]},&quot;gap_mobile&quot;:{&quot;unit&quot;:&quot;px&quot;,&quot;size&quot;:10,&quot;sizes&quot;:[]},&quot;link_to&quot;:&quot;file&quot;,&quot;overlay_background&quot;:&quot;yes&quot;,&quot;content_hover_animation&quot;:&quot;fade-in&quot;}\" data-widget_type=\"gallery.default\">\n\t\t\t\t<div class=\"elementor-widget-container\">\n\t\t\t\t\t\t\t<div class=\"elementor-gallery__container\">\n\t\t\t\t\t\t\t<a class=\"e-gallery-item elementor-gallery-item elementor-animated-content\" href=\"https:\/\/www.skeppsholmsgruppen.se\/wp-content\/uploads\/2024\/04\/3d-segelsalen-oversikt-C.jpg\" data-elementor-open-lightbox=\"yes\" data-elementor-lightbox-slideshow=\"599eb3ea\" data-elementor-lightbox-title=\"3d-segelsalen-oversikt-C\" data-e-action-hash=\"#elementor-action%3Aaction%3Dlightbox%26settings%3DeyJpZCI6MTM3MiwidXJsIjoiaHR0cHM6XC9cL3d3dy5za2VwcHNob2xtc2dydXBwZW4uc2VcL3dwLWNvbnRlbnRcL3VwbG9hZHNcLzIwMjRcLzA0XC8zZC1zZWdlbHNhbGVuLW92ZXJzaWt0LUMuanBnIiwic2xpZGVzaG93IjoiNTk5ZWIzZWEifQ%3D%3D\">\n\t\t\t\t\t<div class=\"e-gallery-image elementor-gallery-item__image\" data-thumbnail=\"https:\/\/www.skeppsholmsgruppen.se\/wp-content\/uploads\/2024\/04\/3d-segelsalen-oversikt-C-1024x768.jpg\" data-width=\"800\" data-height=\"600\" aria-label=\"\" role=\"img\" ><\/div>\n\t\t\t\t\t\t\t\t\t\t\t<div class=\"elementor-gallery-item__overlay\"><\/div>\n\t\t\t\t\t\t\t\t\t\t\t\t\t\t\t<div class=\"elementor-gallery-item__content\">\n\t\t\t\t\t\t\t\t\t\t\t\t\t\t<div class=\"elementor-gallery-item__description\">\n\t\t\t\t\t\t\t\t\t\t\t\t\t\t\t\t\t\t3d-segelsalen-oversikt-C\t\t\t\t\t\t\t\t<\/div>\n\t\t\t\t\t\t\t\t\t\t\t\t<\/div>\n\t\t\t\t\t\t\t\t\t<\/a>\n\t\t\t\t\t\t\t<a class=\"e-gallery-item elementor-gallery-item elementor-animated-content\" href=\"https:\/\/www.skeppsholmsgruppen.se\/wp-content\/uploads\/2024\/04\/3d-segelsalen-oversikt-B.jpg\" data-elementor-open-lightbox=\"yes\" data-elementor-lightbox-slideshow=\"599eb3ea\" data-elementor-lightbox-title=\"3d-segelsalen-oversikt-B\" data-e-action-hash=\"#elementor-action%3Aaction%3Dlightbox%26settings%3DeyJpZCI6MTM3MSwidXJsIjoiaHR0cHM6XC9cL3d3dy5za2VwcHNob2xtc2dydXBwZW4uc2VcL3dwLWNvbnRlbnRcL3VwbG9hZHNcLzIwMjRcLzA0XC8zZC1zZWdlbHNhbGVuLW92ZXJzaWt0LUIuanBnIiwic2xpZGVzaG93IjoiNTk5ZWIzZWEifQ%3D%3D\">\n\t\t\t\t\t<div class=\"e-gallery-image elementor-gallery-item__image\" data-thumbnail=\"https:\/\/www.skeppsholmsgruppen.se\/wp-content\/uploads\/2024\/04\/3d-segelsalen-oversikt-B-1024x768.jpg\" data-width=\"800\" data-height=\"600\" aria-label=\"\" role=\"img\" ><\/div>\n\t\t\t\t\t\t\t\t\t\t\t<div class=\"elementor-gallery-item__overlay\"><\/div>\n\t\t\t\t\t\t\t\t\t\t\t\t\t\t\t<div class=\"elementor-gallery-item__content\">\n\t\t\t\t\t\t\t\t\t\t\t\t\t\t<div class=\"elementor-gallery-item__description\">\n\t\t\t\t\t\t\t\t\t\t\t\t\t\t\t\t\t\t3d-segelsalen-oversikt-B\t\t\t\t\t\t\t\t<\/div>\n\t\t\t\t\t\t\t\t\t\t\t\t<\/div>\n\t\t\t\t\t\t\t\t\t<\/a>\n\t\t\t\t\t\t\t<a class=\"e-gallery-item elementor-gallery-item elementor-animated-content\" href=\"https:\/\/www.skeppsholmsgruppen.se\/wp-content\/uploads\/2024\/04\/3d-segelsalen-oversikt-A.jpg\" data-elementor-open-lightbox=\"yes\" data-elementor-lightbox-slideshow=\"599eb3ea\" data-elementor-lightbox-title=\"3d-segelsalen-oversikt-A\" data-e-action-hash=\"#elementor-action%3Aaction%3Dlightbox%26settings%3DeyJpZCI6MTM3MCwidXJsIjoiaHR0cHM6XC9cL3d3dy5za2VwcHNob2xtc2dydXBwZW4uc2VcL3dwLWNvbnRlbnRcL3VwbG9hZHNcLzIwMjRcLzA0XC8zZC1zZWdlbHNhbGVuLW92ZXJzaWt0LUEuanBnIiwic2xpZGVzaG93IjoiNTk5ZWIzZWEifQ%3D%3D\">\n\t\t\t\t\t<div class=\"e-gallery-image elementor-gallery-item__image\" data-thumbnail=\"https:\/\/www.skeppsholmsgruppen.se\/wp-content\/uploads\/2024\/04\/3d-segelsalen-oversikt-A-1024x768.jpg\" data-width=\"800\" data-height=\"600\" aria-label=\"\" role=\"img\" ><\/div>\n\t\t\t\t\t\t\t\t\t\t\t<div class=\"elementor-gallery-item__overlay\"><\/div>\n\t\t\t\t\t\t\t\t\t\t\t\t\t\t\t<div class=\"elementor-gallery-item__content\">\n\t\t\t\t\t\t\t\t\t\t\t\t\t\t<div class=\"elementor-gallery-item__description\">\n\t\t\t\t\t\t\t\t\t\t\t\t\t\t\t\t\t\t3d-segelsalen-oversikt-A\t\t\t\t\t\t\t\t<\/div>\n\t\t\t\t\t\t\t\t\t\t\t\t<\/div>\n\t\t\t\t\t\t\t\t\t<\/a>\n\t\t\t\t\t\t\t<a class=\"e-gallery-item elementor-gallery-item elementor-animated-content\" href=\"https:\/\/www.skeppsholmsgruppen.se\/wp-content\/uploads\/2024\/04\/3d-segelsalen-120-lbord.jpg\" data-elementor-open-lightbox=\"yes\" data-elementor-lightbox-slideshow=\"599eb3ea\" data-elementor-lightbox-title=\"3d-segelsalen-120-lbord\" data-e-action-hash=\"#elementor-action%3Aaction%3Dlightbox%26settings%3DeyJpZCI6MTM2OSwidXJsIjoiaHR0cHM6XC9cL3d3dy5za2VwcHNob2xtc2dydXBwZW4uc2VcL3dwLWNvbnRlbnRcL3VwbG9hZHNcLzIwMjRcLzA0XC8zZC1zZWdlbHNhbGVuLTEyMC1sYm9yZC5qcGciLCJzbGlkZXNob3ciOiI1OTllYjNlYSJ9\">\n\t\t\t\t\t<div class=\"e-gallery-image elementor-gallery-item__image\" data-thumbnail=\"https:\/\/www.skeppsholmsgruppen.se\/wp-content\/uploads\/2024\/04\/3d-segelsalen-120-lbord-1024x768.jpg\" data-width=\"800\" data-height=\"600\" aria-label=\"\" role=\"img\" ><\/div>\n\t\t\t\t\t\t\t\t\t\t\t<div class=\"elementor-gallery-item__overlay\"><\/div>\n\t\t\t\t\t\t\t\t\t\t\t\t\t\t\t<div class=\"elementor-gallery-item__content\">\n\t\t\t\t\t\t\t\t\t\t\t\t\t\t<div class=\"elementor-gallery-item__description\">\n\t\t\t\t\t\t\t\t\t\t\t\t\t\t\t\t\t\t3d-segelsalen-120-lbord\t\t\t\t\t\t\t\t<\/div>\n\t\t\t\t\t\t\t\t\t\t\t\t<\/div>\n\t\t\t\t\t\t\t\t\t<\/a>\n\t\t\t\t\t\t\t<a class=\"e-gallery-item elementor-gallery-item elementor-animated-content\" href=\"https:\/\/www.skeppsholmsgruppen.se\/wp-content\/uploads\/2024\/04\/3d-segelsalen-104-h-lbord.jpg\" data-elementor-open-lightbox=\"yes\" data-elementor-lightbox-slideshow=\"599eb3ea\" data-elementor-lightbox-title=\"3d-segelsalen-104-h-lbord\" data-e-action-hash=\"#elementor-action%3Aaction%3Dlightbox%26settings%3DeyJpZCI6MTM2OCwidXJsIjoiaHR0cHM6XC9cL3d3dy5za2VwcHNob2xtc2dydXBwZW4uc2VcL3dwLWNvbnRlbnRcL3VwbG9hZHNcLzIwMjRcLzA0XC8zZC1zZWdlbHNhbGVuLTEwNC1oLWxib3JkLmpwZyIsInNsaWRlc2hvdyI6IjU5OWViM2VhIn0%3D\">\n\t\t\t\t\t<div class=\"e-gallery-image elementor-gallery-item__image\" data-thumbnail=\"https:\/\/www.skeppsholmsgruppen.se\/wp-content\/uploads\/2024\/04\/3d-segelsalen-104-h-lbord-1024x768.jpg\" data-width=\"800\" data-height=\"600\" aria-label=\"\" role=\"img\" ><\/div>\n\t\t\t\t\t\t\t\t\t\t\t<div class=\"elementor-gallery-item__overlay\"><\/div>\n\t\t\t\t\t\t\t\t\t\t\t\t\t\t\t<div class=\"elementor-gallery-item__content\">\n\t\t\t\t\t\t\t\t\t\t\t\t\t\t<div class=\"elementor-gallery-item__description\">\n\t\t\t\t\t\t\t\t\t\t\t\t\t\t\t\t\t\t3d-segelsalen-104-h-lbord\t\t\t\t\t\t\t\t<\/div>\n\t\t\t\t\t\t\t\t\t\t\t\t<\/div>\n\t\t\t\t\t\t\t\t\t<\/a>\n\t\t\t\t\t\t\t<a class=\"e-gallery-item elementor-gallery-item elementor-animated-content\" href=\"https:\/\/www.skeppsholmsgruppen.se\/wp-content\/uploads\/2024\/04\/3d-segelsalen-80-oar.jpg\" data-elementor-open-lightbox=\"yes\" data-elementor-lightbox-slideshow=\"599eb3ea\" data-elementor-lightbox-title=\"3d-segelsalen-80-oar\" data-e-action-hash=\"#elementor-action%3Aaction%3Dlightbox%26settings%3DeyJpZCI6MTM2NywidXJsIjoiaHR0cHM6XC9cL3d3dy5za2VwcHNob2xtc2dydXBwZW4uc2VcL3dwLWNvbnRlbnRcL3VwbG9hZHNcLzIwMjRcLzA0XC8zZC1zZWdlbHNhbGVuLTgwLW9hci5qcGciLCJzbGlkZXNob3ciOiI1OTllYjNlYSJ9\">\n\t\t\t\t\t<div class=\"e-gallery-image elementor-gallery-item__image\" data-thumbnail=\"https:\/\/www.skeppsholmsgruppen.se\/wp-content\/uploads\/2024\/04\/3d-segelsalen-80-oar-1024x768.jpg\" data-width=\"800\" data-height=\"600\" aria-label=\"\" role=\"img\" ><\/div>\n\t\t\t\t\t\t\t\t\t\t\t<div class=\"elementor-gallery-item__overlay\"><\/div>\n\t\t\t\t\t\t\t\t\t\t\t\t\t\t\t<div class=\"elementor-gallery-item__content\">\n\t\t\t\t\t\t\t\t\t\t\t\t\t\t<div class=\"elementor-gallery-item__description\">\n\t\t\t\t\t\t\t\t\t\t\t\t\t\t\t\t\t\t3d-segelsalen-80-oar\t\t\t\t\t\t\t\t<\/div>\n\t\t\t\t\t\t\t\t\t\t\t\t<\/div>\n\t\t\t\t\t\t\t\t\t<\/a>\n\t\t\t\t\t\t\t<a class=\"e-gallery-item elementor-gallery-item elementor-animated-content\" href=\"https:\/\/www.skeppsholmsgruppen.se\/wp-content\/uploads\/2024\/04\/3d-segelsalen-72-lbord.jpg\" data-elementor-open-lightbox=\"yes\" data-elementor-lightbox-slideshow=\"599eb3ea\" data-elementor-lightbox-title=\"3d-segelsalen-72-lbord\" data-e-action-hash=\"#elementor-action%3Aaction%3Dlightbox%26settings%3DeyJpZCI6MTM2NiwidXJsIjoiaHR0cHM6XC9cL3d3dy5za2VwcHNob2xtc2dydXBwZW4uc2VcL3dwLWNvbnRlbnRcL3VwbG9hZHNcLzIwMjRcLzA0XC8zZC1zZWdlbHNhbGVuLTcyLWxib3JkLmpwZyIsInNsaWRlc2hvdyI6IjU5OWViM2VhIn0%3D\">\n\t\t\t\t\t<div class=\"e-gallery-image elementor-gallery-item__image\" data-thumbnail=\"https:\/\/www.skeppsholmsgruppen.se\/wp-content\/uploads\/2024\/04\/3d-segelsalen-72-lbord-1024x768.jpg\" data-width=\"800\" data-height=\"600\" aria-label=\"\" role=\"img\" ><\/div>\n\t\t\t\t\t\t\t\t\t\t\t<div class=\"elementor-gallery-item__overlay\"><\/div>\n\t\t\t\t\t\t\t\t\t\t\t\t\t\t\t<div class=\"elementor-gallery-item__content\">\n\t\t\t\t\t\t\t\t\t\t\t\t\t\t<div class=\"elementor-gallery-item__description\">\n\t\t\t\t\t\t\t\t\t\t\t\t\t\t\t\t\t\t3d-segelsalen-72-lbord\t\t\t\t\t\t\t\t<\/div>\n\t\t\t\t\t\t\t\t\t\t\t\t<\/div>\n\t\t\t\t\t\t\t\t\t<\/a>\n\t\t\t\t\t<\/div>\n\t\t\t\t\t<\/div>\n\t\t\t\t<\/div>\n\t\t\t\t\t<\/div>\n\t\t\t\t<\/div>\n\t\t\t\t<\/div>\n\t\t","protected":false},"excerpt":{"rendered":"<p>Kalustusvaihtoehdot Purjehdushallit R\u00e4\u00e4t\u00e4l\u00f6idyt sisustusehdotuksemme luovat ilmapiirin, joka t\u00e4ydent\u00e4\u00e4 purjehdushallin historiallista charmia. Olipa kyseess\u00e4 sitten eksklusiivinen illallinen, liikekonferenssi tai elegantti h\u00e4\u00e4juhla, tarjoamme joustavia vaihtoehtoja, jotka voidaan r\u00e4\u00e4t\u00e4l\u00f6id\u00e4 tarpeidesi mukaan. 3d-segelsalen-oversikt-C 3d-segelsalen-oversikt-B 3d-segelsalen-oversikt-A 3d-segelsalen-120-lbord 3d-segelsalen-104-h-lbord 3d-segelsalen-80-oar 3d-segelsalen-72-lbord<\/p>\n","protected":false},"author":247968712,"featured_media":17951,"parent":16675,"menu_order":0,"comment_status":"closed","ping_status":"closed","template":"","meta":{"_acf_changed":false,"footnotes":""},"class_list":["post-17950","page","type-page","status-publish","has-post-thumbnail","hentry"],"acf":[],"yoast_head":"<!-- This site is optimized with the Yoast SEO plugin v27.5 - https:\/\/yoast.com\/product\/yoast-seo-wordpress\/ -->\n<title>Purjehdushallin kalustus tapahtumia ja konferensseja varten<\/title>\n<meta name=\"description\" content=\"Tutustu Segelsalenin kalustusvaihtoehtoihin juhliasi tai tapahtumaasi varten Skeppsholmenilla.\" \/>\n<meta name=\"robots\" content=\"index, follow, max-snippet:-1, max-image-preview:large, max-video-preview:-1\" \/>\n<link rel=\"canonical\" href=\"https:\/\/www.skeppsholmsgruppen.se\/fi\/ainutlaatuiset-tapahtumatilat\/purjehdushallit\/purjehdussalin-kalusteet\/\" \/>\n<meta property=\"og:locale\" content=\"fi_FI\" \/>\n<meta property=\"og:type\" content=\"article\" \/>\n<meta property=\"og:title\" content=\"Skeppsholmenin purjehdushallin kalustaminen tapahtumia ja juhlia varten | Skeppsholmsgruppen\" \/>\n<meta property=\"og:description\" content=\"Tutustu Segelsalenin kalustusvaihtoehtoihin juhlia tai tapahtumaa varten Skeppsholmenilla. Lue lis\u00e4\u00e4 joustavista juhlatiloistamme, joista on upeat n\u00e4kym\u00e4t.\" \/>\n<meta property=\"og:url\" content=\"https:\/\/www.skeppsholmsgruppen.se\/fi\/ainutlaatuiset-tapahtumatilat\/purjehdushallit\/purjehdussalin-kalusteet\/\" \/>\n<meta property=\"og:site_name\" content=\"Skeppsholmsgruppen\" \/>\n<meta property=\"article:modified_time\" content=\"2025-03-13T12:51:02+00:00\" \/>\n<meta property=\"og:image\" content=\"https:\/\/www.skeppsholmsgruppen.se\/wp-content\/uploads\/2024\/04\/Segelsalen-sittandes-brollopsmiddag.jpg\" \/>\n\t<meta property=\"og:image:width\" content=\"1620\" \/>\n\t<meta property=\"og:image:height\" content=\"1080\" \/>\n\t<meta property=\"og:image:type\" content=\"image\/jpeg\" \/>\n<meta name=\"twitter:card\" content=\"summary_large_image\" \/>\n<script type=\"application\/ld+json\" class=\"yoast-schema-graph\">{\"@context\":\"https:\\\/\\\/schema.org\",\"@graph\":[{\"@type\":\"WebPage\",\"@id\":\"https:\\\/\\\/www.skeppsholmsgruppen.se\\\/fi\\\/ainutlaatuiset-tapahtumatilat\\\/purjehdushallit\\\/purjehdussalin-kalusteet\\\/\",\"url\":\"https:\\\/\\\/www.skeppsholmsgruppen.se\\\/fi\\\/ainutlaatuiset-tapahtumatilat\\\/purjehdushallit\\\/purjehdussalin-kalusteet\\\/\",\"name\":\"Purjehdushallin kalustus tapahtumia ja konferensseja varten\",\"isPartOf\":{\"@id\":\"https:\\\/\\\/skeppsholmsgruppen.se\\\/#website\"},\"primaryImageOfPage\":{\"@id\":\"https:\\\/\\\/www.skeppsholmsgruppen.se\\\/fi\\\/ainutlaatuiset-tapahtumatilat\\\/purjehdushallit\\\/purjehdussalin-kalusteet\\\/#primaryimage\"},\"image\":{\"@id\":\"https:\\\/\\\/www.skeppsholmsgruppen.se\\\/fi\\\/ainutlaatuiset-tapahtumatilat\\\/purjehdushallit\\\/purjehdussalin-kalusteet\\\/#primaryimage\"},\"thumbnailUrl\":\"https:\\\/\\\/www.skeppsholmsgruppen.se\\\/wp-content\\\/uploads\\\/2024\\\/04\\\/Segelsalen-sittandes-brollopsmiddag.jpg\",\"datePublished\":\"2024-05-06T11:04:45+00:00\",\"dateModified\":\"2025-03-13T12:51:02+00:00\",\"description\":\"Tutustu Segelsalenin kalustusvaihtoehtoihin juhliasi tai tapahtumaasi varten Skeppsholmenilla.\",\"breadcrumb\":{\"@id\":\"https:\\\/\\\/www.skeppsholmsgruppen.se\\\/fi\\\/ainutlaatuiset-tapahtumatilat\\\/purjehdushallit\\\/purjehdussalin-kalusteet\\\/#breadcrumb\"},\"inLanguage\":\"fi\",\"potentialAction\":[{\"@type\":\"ReadAction\",\"target\":[\"https:\\\/\\\/www.skeppsholmsgruppen.se\\\/fi\\\/ainutlaatuiset-tapahtumatilat\\\/purjehdushallit\\\/purjehdussalin-kalusteet\\\/\"]}]},{\"@type\":\"ImageObject\",\"inLanguage\":\"fi\",\"@id\":\"https:\\\/\\\/www.skeppsholmsgruppen.se\\\/fi\\\/ainutlaatuiset-tapahtumatilat\\\/purjehdushallit\\\/purjehdussalin-kalusteet\\\/#primaryimage\",\"url\":\"https:\\\/\\\/www.skeppsholmsgruppen.se\\\/wp-content\\\/uploads\\\/2024\\\/04\\\/Segelsalen-sittandes-brollopsmiddag.jpg\",\"contentUrl\":\"https:\\\/\\\/www.skeppsholmsgruppen.se\\\/wp-content\\\/uploads\\\/2024\\\/04\\\/Segelsalen-sittandes-brollopsmiddag.jpg\",\"width\":1620,\"height\":1080},{\"@type\":\"BreadcrumbList\",\"@id\":\"https:\\\/\\\/www.skeppsholmsgruppen.se\\\/fi\\\/ainutlaatuiset-tapahtumatilat\\\/purjehdushallit\\\/purjehdussalin-kalusteet\\\/#breadcrumb\",\"itemListElement\":[{\"@type\":\"ListItem\",\"position\":1,\"name\":\"Hem\",\"item\":\"https:\\\/\\\/www.skeppsholmsgruppen.se\\\/fi\\\/\"},{\"@type\":\"ListItem\",\"position\":2,\"name\":\"Ainutlaatuiset tapahtumatilat\",\"item\":\"https:\\\/\\\/www.skeppsholmsgruppen.se\\\/fi\\\/ainutlaatuiset-tapahtumatilat\\\/\"},{\"@type\":\"ListItem\",\"position\":3,\"name\":\"Purjehdushallit\",\"item\":\"https:\\\/\\\/www.skeppsholmsgruppen.se\\\/fi\\\/ainutlaatuiset-tapahtumatilat\\\/purjehdushallit\\\/\"},{\"@type\":\"ListItem\",\"position\":4,\"name\":\"Purjehdussalin kalusteet\"}]},{\"@type\":\"WebSite\",\"@id\":\"https:\\\/\\\/skeppsholmsgruppen.se\\\/#website\",\"url\":\"https:\\\/\\\/skeppsholmsgruppen.se\\\/\",\"name\":\"Skeppsholmsgruppen\",\"description\":\"En historisk p\u00e4rla f\u00f6r konferens, event och fest bel\u00e4gen mitt i hj\u00e4rtat av Stockhom.\",\"potentialAction\":[{\"@type\":\"SearchAction\",\"target\":{\"@type\":\"EntryPoint\",\"urlTemplate\":\"https:\\\/\\\/skeppsholmsgruppen.se\\\/?s={search_term_string}\"},\"query-input\":{\"@type\":\"PropertyValueSpecification\",\"valueRequired\":true,\"valueName\":\"search_term_string\"}}],\"inLanguage\":\"fi\"}]}<\/script>\n<!-- \/ Yoast SEO plugin. -->","yoast_head_json":{"title":"Purjehdushallin kalustus tapahtumia ja konferensseja varten","description":"Tutustu Segelsalenin kalustusvaihtoehtoihin juhliasi tai tapahtumaasi varten Skeppsholmenilla.","robots":{"index":"index","follow":"follow","max-snippet":"max-snippet:-1","max-image-preview":"max-image-preview:large","max-video-preview":"max-video-preview:-1"},"canonical":"https:\/\/www.skeppsholmsgruppen.se\/fi\/ainutlaatuiset-tapahtumatilat\/purjehdushallit\/purjehdussalin-kalusteet\/","og_locale":"fi_FI","og_type":"article","og_title":"Skeppsholmenin purjehdushallin kalustaminen tapahtumia ja juhlia varten | Skeppsholmsgruppen","og_description":"Tutustu Segelsalenin kalustusvaihtoehtoihin juhlia tai tapahtumaa varten Skeppsholmenilla. Lue lis\u00e4\u00e4 joustavista juhlatiloistamme, joista on upeat n\u00e4kym\u00e4t.","og_url":"https:\/\/www.skeppsholmsgruppen.se\/fi\/ainutlaatuiset-tapahtumatilat\/purjehdushallit\/purjehdussalin-kalusteet\/","og_site_name":"Skeppsholmsgruppen","article_modified_time":"2025-03-13T12:51:02+00:00","og_image":[{"width":1620,"height":1080,"url":"https:\/\/www.skeppsholmsgruppen.se\/wp-content\/uploads\/2024\/04\/Segelsalen-sittandes-brollopsmiddag.jpg","type":"image\/jpeg"}],"twitter_card":"summary_large_image","schema":{"@context":"https:\/\/schema.org","@graph":[{"@type":"WebPage","@id":"https:\/\/www.skeppsholmsgruppen.se\/fi\/ainutlaatuiset-tapahtumatilat\/purjehdushallit\/purjehdussalin-kalusteet\/","url":"https:\/\/www.skeppsholmsgruppen.se\/fi\/ainutlaatuiset-tapahtumatilat\/purjehdushallit\/purjehdussalin-kalusteet\/","name":"Purjehdushallin kalustus tapahtumia ja konferensseja varten","isPartOf":{"@id":"https:\/\/skeppsholmsgruppen.se\/#website"},"primaryImageOfPage":{"@id":"https:\/\/www.skeppsholmsgruppen.se\/fi\/ainutlaatuiset-tapahtumatilat\/purjehdushallit\/purjehdussalin-kalusteet\/#primaryimage"},"image":{"@id":"https:\/\/www.skeppsholmsgruppen.se\/fi\/ainutlaatuiset-tapahtumatilat\/purjehdushallit\/purjehdussalin-kalusteet\/#primaryimage"},"thumbnailUrl":"https:\/\/www.skeppsholmsgruppen.se\/wp-content\/uploads\/2024\/04\/Segelsalen-sittandes-brollopsmiddag.jpg","datePublished":"2024-05-06T11:04:45+00:00","dateModified":"2025-03-13T12:51:02+00:00","description":"Tutustu Segelsalenin kalustusvaihtoehtoihin juhliasi tai tapahtumaasi varten Skeppsholmenilla.","breadcrumb":{"@id":"https:\/\/www.skeppsholmsgruppen.se\/fi\/ainutlaatuiset-tapahtumatilat\/purjehdushallit\/purjehdussalin-kalusteet\/#breadcrumb"},"inLanguage":"fi","potentialAction":[{"@type":"ReadAction","target":["https:\/\/www.skeppsholmsgruppen.se\/fi\/ainutlaatuiset-tapahtumatilat\/purjehdushallit\/purjehdussalin-kalusteet\/"]}]},{"@type":"ImageObject","inLanguage":"fi","@id":"https:\/\/www.skeppsholmsgruppen.se\/fi\/ainutlaatuiset-tapahtumatilat\/purjehdushallit\/purjehdussalin-kalusteet\/#primaryimage","url":"https:\/\/www.skeppsholmsgruppen.se\/wp-content\/uploads\/2024\/04\/Segelsalen-sittandes-brollopsmiddag.jpg","contentUrl":"https:\/\/www.skeppsholmsgruppen.se\/wp-content\/uploads\/2024\/04\/Segelsalen-sittandes-brollopsmiddag.jpg","width":1620,"height":1080},{"@type":"BreadcrumbList","@id":"https:\/\/www.skeppsholmsgruppen.se\/fi\/ainutlaatuiset-tapahtumatilat\/purjehdushallit\/purjehdussalin-kalusteet\/#breadcrumb","itemListElement":[{"@type":"ListItem","position":1,"name":"Hem","item":"https:\/\/www.skeppsholmsgruppen.se\/fi\/"},{"@type":"ListItem","position":2,"name":"Ainutlaatuiset tapahtumatilat","item":"https:\/\/www.skeppsholmsgruppen.se\/fi\/ainutlaatuiset-tapahtumatilat\/"},{"@type":"ListItem","position":3,"name":"Purjehdushallit","item":"https:\/\/www.skeppsholmsgruppen.se\/fi\/ainutlaatuiset-tapahtumatilat\/purjehdushallit\/"},{"@type":"ListItem","position":4,"name":"Purjehdussalin kalusteet"}]},{"@type":"WebSite","@id":"https:\/\/skeppsholmsgruppen.se\/#website","url":"https:\/\/skeppsholmsgruppen.se\/","name":"Skeppsholmsgruppen","description":"En historisk p\u00e4rla f\u00f6r konferens, event och fest bel\u00e4gen mitt i hj\u00e4rtat av Stockhom.","potentialAction":[{"@type":"SearchAction","target":{"@type":"EntryPoint","urlTemplate":"https:\/\/skeppsholmsgruppen.se\/?s={search_term_string}"},"query-input":{"@type":"PropertyValueSpecification","valueRequired":true,"valueName":"search_term_string"}}],"inLanguage":"fi"}]}},"_links":{"self":[{"href":"https:\/\/www.skeppsholmsgruppen.se\/fi\/wp-json\/wp\/v2\/pages\/17950","targetHints":{"allow":["GET"]}}],"collection":[{"href":"https:\/\/www.skeppsholmsgruppen.se\/fi\/wp-json\/wp\/v2\/pages"}],"about":[{"href":"https:\/\/www.skeppsholmsgruppen.se\/fi\/wp-json\/wp\/v2\/types\/page"}],"author":[{"embeddable":true,"href":"https:\/\/www.skeppsholmsgruppen.se\/fi\/wp-json\/wp\/v2\/users\/247968712"}],"replies":[{"embeddable":true,"href":"https:\/\/www.skeppsholmsgruppen.se\/fi\/wp-json\/wp\/v2\/comments?post=17950"}],"version-history":[{"count":1,"href":"https:\/\/www.skeppsholmsgruppen.se\/fi\/wp-json\/wp\/v2\/pages\/17950\/revisions"}],"predecessor-version":[{"id":17953,"href":"https:\/\/www.skeppsholmsgruppen.se\/fi\/wp-json\/wp\/v2\/pages\/17950\/revisions\/17953"}],"up":[{"embeddable":true,"href":"https:\/\/www.skeppsholmsgruppen.se\/fi\/wp-json\/wp\/v2\/pages\/16675"}],"wp:featuredmedia":[{"embeddable":true,"href":"https:\/\/www.skeppsholmsgruppen.se\/fi\/wp-json\/wp\/v2\/media\/17951"}],"wp:attachment":[{"href":"https:\/\/www.skeppsholmsgruppen.se\/fi\/wp-json\/wp\/v2\/media?parent=17950"}],"curies":[{"name":"wp","href":"https:\/\/api.w.org\/{rel}","templated":true}]}}