{"id":22098,"date":"2025-05-21T16:30:25","date_gmt":"2025-05-21T14:30:25","guid":{"rendered":"https:\/\/www.skeppsholmsgruppen.se\/tarjouspyynto-hoyrylaivat\/"},"modified":"2025-06-24T14:53:05","modified_gmt":"2025-06-24T12:53:05","slug":"tarjouspyynto-hoyrylaivat","status":"publish","type":"page","link":"https:\/\/www.skeppsholmsgruppen.se\/fi\/tarjouspyynto-hoyrylaivat\/","title":{"rendered":"Tarjouspyynt\u00f6 H\u00f6yrylaivat"},"content":{"rendered":"\t\t<div data-elementor-type=\"wp-page\" data-elementor-id=\"22098\" class=\"elementor elementor-22098 elementor-20978\" data-elementor-post-type=\"page\">\n\t\t\t\t<div class=\"elementor-element elementor-element-202b3013 e-flex e-con-boxed e-con e-parent\" data-id=\"202b3013\" data-element_type=\"container\" data-e-type=\"container\" data-settings=\"{&quot;background_background&quot;:&quot;classic&quot;}\">\n\t\t\t\t\t<div class=\"e-con-inner\">\n\t\t\t\t<div class=\"elementor-element elementor-element-38339ba6 elementor-widget elementor-widget-spacer\" data-id=\"38339ba6\" data-element_type=\"widget\" data-e-type=\"widget\" data-widget_type=\"spacer.default\">\n\t\t\t\t<div class=\"elementor-widget-container\">\n\t\t\t\t\t\t\t<div class=\"elementor-spacer\">\n\t\t\t<div class=\"elementor-spacer-inner\"><\/div>\n\t\t<\/div>\n\t\t\t\t\t\t<\/div>\n\t\t\t\t<\/div>\n\t\t\t\t\t<\/div>\n\t\t\t\t<\/div>\n\t\t<div class=\"elementor-element elementor-element-3b0a9297 e-flex e-con-boxed e-con e-parent\" data-id=\"3b0a9297\" data-element_type=\"container\" data-e-type=\"container\">\n\t\t\t\t\t<div class=\"e-con-inner\">\n\t\t<div class=\"elementor-element elementor-element-60708a32 e-con-full e-flex e-con e-child\" data-id=\"60708a32\" data-element_type=\"container\" data-e-type=\"container\">\n\t\t\t\t<div class=\"elementor-element elementor-element-8210ace elementor-widget elementor-widget-heading\" data-id=\"8210ace\" data-element_type=\"widget\" data-e-type=\"widget\" data-widget_type=\"heading.default\">\n\t\t\t\t<div class=\"elementor-widget-container\">\n\t\t\t\t\t<h2 class=\"elementor-heading-title elementor-size-default\"><br>Ota yhteytt\u00e4 varauksia ja tarjouksia varten!<\/h2>\t\t\t\t<\/div>\n\t\t\t\t<\/div>\n\t\t\t\t<\/div>\n\t\t<div class=\"elementor-element elementor-element-606fcff2 e-con-full e-flex e-con e-child\" data-id=\"606fcff2\" data-element_type=\"container\" data-e-type=\"container\">\n\t\t\t\t<div class=\"elementor-element elementor-element-68e969c9 elementor-widget elementor-widget-text-editor\" data-id=\"68e969c9\" data-element_type=\"widget\" data-e-type=\"widget\" data-widget_type=\"text-editor.default\">\n\t\t\t\t<div class=\"elementor-widget-container\">\n\t\t\t\t\t\t\t\t\t<p>Puhelin: <a href=\"tel:+46855769940\">+46 08-557 699 40<\/a><\/p>\t\t\t\t\t\t\t\t<\/div>\n\t\t\t\t<\/div>\n\t\t\t\t<\/div>\n\t\t<div class=\"elementor-element elementor-element-3e530d6 e-con-full e-flex e-con e-child\" data-id=\"3e530d6\" data-element_type=\"container\" data-e-type=\"container\">\n\t\t\t\t<div class=\"elementor-element elementor-element-51d08adf elementor-widget elementor-widget-text-editor\" data-id=\"51d08adf\" data-element_type=\"widget\" data-e-type=\"widget\" data-widget_type=\"text-editor.default\">\n\t\t\t\t<div class=\"elementor-widget-container\">\n\t\t\t\t\t\t\t\t\t<p>S\u00e4hk\u00f6posti: <a href=\"mailto:kontakt@skeppsholmsgruppen.se\">kontakt@skeppsholmsgruppen.se<\/a><\/p>\t\t\t\t\t\t\t\t<\/div>\n\t\t\t\t<\/div>\n\t\t\t\t<\/div>\n\t\t\t\t\t<\/div>\n\t\t\t\t<\/div>\n\t\t<div class=\"elementor-element elementor-element-9f00454 e-flex e-con-boxed e-con e-parent\" data-id=\"9f00454\" data-element_type=\"container\" data-e-type=\"container\">\n\t\t\t\t\t<div class=\"e-con-inner\">\n\t\t\t\t<div class=\"elementor-element elementor-element-15783adf elementor-widget__width-initial elementor-widget elementor-widget-html\" data-id=\"15783adf\" data-element_type=\"widget\" data-e-type=\"widget\" data-widget_type=\"html.default\">\n\t\t\t\t<div class=\"elementor-widget-container\">\n\t\t\t\t\t<iframe data-src=\"https:\/\/pages.upsales.com\/17984u1e85db58503045ceb351bfef94e5171a-frame\" width=\"560\" height=\"1091\" style=\"border:0\" src=\"data:image\/svg+xml;base64,PHN2ZyB3aWR0aD0iMSIgaGVpZ2h0PSIxIiB4bWxucz0iaHR0cDovL3d3dy53My5vcmcvMjAwMC9zdmciPjwvc3ZnPg==\" class=\"lazyload\" data-load-mode=\"1\"><\/iframe>\t\t\t\t<\/div>\n\t\t\t\t<\/div>\n\t\t\t\t\t<\/div>\n\t\t\t\t<\/div>\n\t\t<div class=\"elementor-element elementor-element-4184cde e-flex e-con-boxed e-con e-parent\" data-id=\"4184cde\" data-element_type=\"container\" data-e-type=\"container\">\n\t\t\t\t\t<div class=\"e-con-inner\">\n\t\t\t\t<div class=\"elementor-element elementor-element-47ee6c35 elementor-widget elementor-widget-spacer\" data-id=\"47ee6c35\" data-element_type=\"widget\" data-e-type=\"widget\" data-widget_type=\"spacer.default\">\n\t\t\t\t<div class=\"elementor-widget-container\">\n\t\t\t\t\t\t\t<div class=\"elementor-spacer\">\n\t\t\t<div class=\"elementor-spacer-inner\"><\/div>\n\t\t<\/div>\n\t\t\t\t\t\t<\/div>\n\t\t\t\t<\/div>\n\t\t\t\t\t<\/div>\n\t\t\t\t<\/div>\n\t\t\t\t<\/div>\n\t\t","protected":false},"excerpt":{"rendered":"<p>Ota yhteytt\u00e4 varauksia ja tarjouksia varten! Puhelin: +46 08-557 699 40 S\u00e4hk\u00f6posti: kontakt@skeppsholmsgruppen.se<\/p>\n","protected":false},"author":247968715,"featured_media":0,"parent":0,"menu_order":0,"comment_status":"closed","ping_status":"closed","template":"","meta":{"_acf_changed":false,"footnotes":""},"class_list":["post-22098","page","type-page","status-publish","hentry"],"acf":[],"yoast_head":"<!-- This site is optimized with the Yoast SEO plugin v27.4 - https:\/\/yoast.com\/product\/yoast-seo-wordpress\/ -->\n<title>Tarjouspyynt\u00f6 H\u00f6yrylaivat - Skeppsholmsgruppen<\/title>\n<meta name=\"robots\" content=\"index, follow, max-snippet:-1, max-image-preview:large, max-video-preview:-1\" \/>\n<link rel=\"canonical\" href=\"https:\/\/www.skeppsholmsgruppen.se\/fi\/tarjouspyynto-hoyrylaivat\/\" \/>\n<meta property=\"og:locale\" content=\"fi_FI\" \/>\n<meta property=\"og:type\" content=\"article\" \/>\n<meta property=\"og:title\" content=\"Tarjouspyynt\u00f6 H\u00f6yrylaivat - Skeppsholmsgruppen\" \/>\n<meta property=\"og:description\" content=\"Ota yhteytt\u00e4 varauksia ja tarjouksia varten! Puhelin: +46 08-557 699 40 S\u00e4hk\u00f6posti: kontakt@skeppsholmsgruppen.se\" \/>\n<meta property=\"og:url\" content=\"https:\/\/www.skeppsholmsgruppen.se\/fi\/tarjouspyynto-hoyrylaivat\/\" \/>\n<meta property=\"og:site_name\" content=\"Skeppsholmsgruppen\" \/>\n<meta property=\"article:modified_time\" content=\"2025-06-24T12:53:05+00:00\" \/>\n<meta name=\"twitter:card\" content=\"summary_large_image\" \/>\n<script type=\"application\/ld+json\" class=\"yoast-schema-graph\">{\"@context\":\"https:\\\/\\\/schema.org\",\"@graph\":[{\"@type\":\"WebPage\",\"@id\":\"https:\\\/\\\/www.skeppsholmsgruppen.se\\\/fi\\\/tarjouspyynto-hoyrylaivat\\\/\",\"url\":\"https:\\\/\\\/www.skeppsholmsgruppen.se\\\/fi\\\/tarjouspyynto-hoyrylaivat\\\/\",\"name\":\"Tarjouspyynt\u00f6 H\u00f6yrylaivat - Skeppsholmsgruppen\",\"isPartOf\":{\"@id\":\"https:\\\/\\\/skeppsholmsgruppen.se\\\/#website\"},\"datePublished\":\"2025-05-21T14:30:25+00:00\",\"dateModified\":\"2025-06-24T12:53:05+00:00\",\"breadcrumb\":{\"@id\":\"https:\\\/\\\/www.skeppsholmsgruppen.se\\\/fi\\\/tarjouspyynto-hoyrylaivat\\\/#breadcrumb\"},\"inLanguage\":\"fi\",\"potentialAction\":[{\"@type\":\"ReadAction\",\"target\":[\"https:\\\/\\\/www.skeppsholmsgruppen.se\\\/fi\\\/tarjouspyynto-hoyrylaivat\\\/\"]}]},{\"@type\":\"BreadcrumbList\",\"@id\":\"https:\\\/\\\/www.skeppsholmsgruppen.se\\\/fi\\\/tarjouspyynto-hoyrylaivat\\\/#breadcrumb\",\"itemListElement\":[{\"@type\":\"ListItem\",\"position\":1,\"name\":\"Hem\",\"item\":\"https:\\\/\\\/www.skeppsholmsgruppen.se\\\/fi\\\/\"},{\"@type\":\"ListItem\",\"position\":2,\"name\":\"Tarjouspyynt\u00f6 H\u00f6yrylaivat\"}]},{\"@type\":\"WebSite\",\"@id\":\"https:\\\/\\\/skeppsholmsgruppen.se\\\/#website\",\"url\":\"https:\\\/\\\/skeppsholmsgruppen.se\\\/\",\"name\":\"Skeppsholmsgruppen\",\"description\":\"En historisk p\u00e4rla f\u00f6r konferens, event och fest bel\u00e4gen mitt i hj\u00e4rtat av Stockhom.\",\"potentialAction\":[{\"@type\":\"SearchAction\",\"target\":{\"@type\":\"EntryPoint\",\"urlTemplate\":\"https:\\\/\\\/skeppsholmsgruppen.se\\\/?s={search_term_string}\"},\"query-input\":{\"@type\":\"PropertyValueSpecification\",\"valueRequired\":true,\"valueName\":\"search_term_string\"}}],\"inLanguage\":\"fi\"}]}<\/script>\n<!-- \/ Yoast SEO plugin. -->","yoast_head_json":{"title":"Tarjouspyynt\u00f6 H\u00f6yrylaivat - Skeppsholmsgruppen","robots":{"index":"index","follow":"follow","max-snippet":"max-snippet:-1","max-image-preview":"max-image-preview:large","max-video-preview":"max-video-preview:-1"},"canonical":"https:\/\/www.skeppsholmsgruppen.se\/fi\/tarjouspyynto-hoyrylaivat\/","og_locale":"fi_FI","og_type":"article","og_title":"Tarjouspyynt\u00f6 H\u00f6yrylaivat - Skeppsholmsgruppen","og_description":"Ota yhteytt\u00e4 varauksia ja tarjouksia varten! Puhelin: +46 08-557 699 40 S\u00e4hk\u00f6posti: kontakt@skeppsholmsgruppen.se","og_url":"https:\/\/www.skeppsholmsgruppen.se\/fi\/tarjouspyynto-hoyrylaivat\/","og_site_name":"Skeppsholmsgruppen","article_modified_time":"2025-06-24T12:53:05+00:00","twitter_card":"summary_large_image","schema":{"@context":"https:\/\/schema.org","@graph":[{"@type":"WebPage","@id":"https:\/\/www.skeppsholmsgruppen.se\/fi\/tarjouspyynto-hoyrylaivat\/","url":"https:\/\/www.skeppsholmsgruppen.se\/fi\/tarjouspyynto-hoyrylaivat\/","name":"Tarjouspyynt\u00f6 H\u00f6yrylaivat - Skeppsholmsgruppen","isPartOf":{"@id":"https:\/\/skeppsholmsgruppen.se\/#website"},"datePublished":"2025-05-21T14:30:25+00:00","dateModified":"2025-06-24T12:53:05+00:00","breadcrumb":{"@id":"https:\/\/www.skeppsholmsgruppen.se\/fi\/tarjouspyynto-hoyrylaivat\/#breadcrumb"},"inLanguage":"fi","potentialAction":[{"@type":"ReadAction","target":["https:\/\/www.skeppsholmsgruppen.se\/fi\/tarjouspyynto-hoyrylaivat\/"]}]},{"@type":"BreadcrumbList","@id":"https:\/\/www.skeppsholmsgruppen.se\/fi\/tarjouspyynto-hoyrylaivat\/#breadcrumb","itemListElement":[{"@type":"ListItem","position":1,"name":"Hem","item":"https:\/\/www.skeppsholmsgruppen.se\/fi\/"},{"@type":"ListItem","position":2,"name":"Tarjouspyynt\u00f6 H\u00f6yrylaivat"}]},{"@type":"WebSite","@id":"https:\/\/skeppsholmsgruppen.se\/#website","url":"https:\/\/skeppsholmsgruppen.se\/","name":"Skeppsholmsgruppen","description":"En historisk p\u00e4rla f\u00f6r konferens, event och fest bel\u00e4gen mitt i hj\u00e4rtat av Stockhom.","potentialAction":[{"@type":"SearchAction","target":{"@type":"EntryPoint","urlTemplate":"https:\/\/skeppsholmsgruppen.se\/?s={search_term_string}"},"query-input":{"@type":"PropertyValueSpecification","valueRequired":true,"valueName":"search_term_string"}}],"inLanguage":"fi"}]}},"_links":{"self":[{"href":"https:\/\/www.skeppsholmsgruppen.se\/fi\/wp-json\/wp\/v2\/pages\/22098","targetHints":{"allow":["GET"]}}],"collection":[{"href":"https:\/\/www.skeppsholmsgruppen.se\/fi\/wp-json\/wp\/v2\/pages"}],"about":[{"href":"https:\/\/www.skeppsholmsgruppen.se\/fi\/wp-json\/wp\/v2\/types\/page"}],"author":[{"embeddable":true,"href":"https:\/\/www.skeppsholmsgruppen.se\/fi\/wp-json\/wp\/v2\/users\/247968715"}],"replies":[{"embeddable":true,"href":"https:\/\/www.skeppsholmsgruppen.se\/fi\/wp-json\/wp\/v2\/comments?post=22098"}],"version-history":[{"count":1,"href":"https:\/\/www.skeppsholmsgruppen.se\/fi\/wp-json\/wp\/v2\/pages\/22098\/revisions"}],"predecessor-version":[{"id":22100,"href":"https:\/\/www.skeppsholmsgruppen.se\/fi\/wp-json\/wp\/v2\/pages\/22098\/revisions\/22100"}],"wp:attachment":[{"href":"https:\/\/www.skeppsholmsgruppen.se\/fi\/wp-json\/wp\/v2\/media?parent=22098"}],"curies":[{"name":"wp","href":"https:\/\/api.w.org\/{rel}","templated":true}]}}