{"id":22309,"date":"2025-06-10T14:43:27","date_gmt":"2025-06-10T12:43:27","guid":{"rendered":"https:\/\/www.skeppsholmsgruppen.se\/ateriapalvelut\/tarjottu-ateriapalvelu\/"},"modified":"2026-02-20T15:11:55","modified_gmt":"2026-02-20T14:11:55","slug":"tarjottu-ateriapalvelu","status":"publish","type":"page","link":"https:\/\/www.skeppsholmsgruppen.se\/fi\/ateriapalvelut\/tarjottu-ateriapalvelu\/","title":{"rendered":"Tarjottu ateriapalvelu"},"content":{"rendered":"\t\t<div data-elementor-type=\"wp-page\" data-elementor-id=\"22309\" class=\"elementor elementor-22309 elementor-21596\" data-elementor-post-type=\"page\">\n\t\t\t\t<div class=\"elementor-element elementor-element-63514a26 e-flex e-con-boxed e-con e-parent\" data-id=\"63514a26\" data-element_type=\"container\" data-e-type=\"container\" data-settings=\"{&quot;background_background&quot;:&quot;classic&quot;}\">\n\t\t\t\t\t<div class=\"e-con-inner\">\n\t\t\t\t<div class=\"elementor-element elementor-element-3768ea82 elementor-widget elementor-widget-spacer\" data-id=\"3768ea82\" data-element_type=\"widget\" data-e-type=\"widget\" data-widget_type=\"spacer.default\">\n\t\t\t\t<div class=\"elementor-widget-container\">\n\t\t\t\t\t\t\t<div class=\"elementor-spacer\">\n\t\t\t<div class=\"elementor-spacer-inner\"><\/div>\n\t\t<\/div>\n\t\t\t\t\t\t<\/div>\n\t\t\t\t<\/div>\n\t\t\t\t\t<\/div>\n\t\t\t\t<\/div>\n\t\t<div class=\"elementor-element elementor-element-5beedde8 e-flex e-con-boxed e-con e-parent\" data-id=\"5beedde8\" data-element_type=\"container\" data-e-type=\"container\">\n\t\t\t\t\t<div class=\"e-con-inner\">\n\t\t<div class=\"elementor-element elementor-element-4e165897 e-con-full e-flex e-con e-child\" data-id=\"4e165897\" data-element_type=\"container\" data-e-type=\"container\">\n\t\t\t\t<div class=\"elementor-element elementor-element-220beed2 elementor-widget__width-initial elementor-widget elementor-widget-heading\" data-id=\"220beed2\" data-element_type=\"widget\" data-e-type=\"widget\" data-widget_type=\"heading.default\">\n\t\t\t\t<div class=\"elementor-widget-container\">\n\t\t\t\t\t<h2 class=\"elementor-heading-title elementor-size-default\">Suunnittele ateriapalvelusi helposti Skeppsholmsgruppenin kanssa.<\/h2>\t\t\t\t<\/div>\n\t\t\t\t<\/div>\n\t\t\t\t<div class=\"elementor-element elementor-element-afc535c elementor-widget__width-initial elementor-widget elementor-widget-text-editor\" data-id=\"afc535c\" data-element_type=\"widget\" data-e-type=\"widget\" data-widget_type=\"text-editor.default\">\n\t\t\t\t<div class=\"elementor-widget-container\">\n\t\t\t\t\t\t\t\t\t<p>Olitpa sitten j\u00e4rjest\u00e4m\u00e4ss\u00e4 suurta yritystapahtumaa, juhlia l\u00e4heisten kanssa tai h\u00e4it\u00e4, me voimme auttaa sinua pitopalveluratkaisun kanssa. T\u00e4yt\u00e4 alla oleva lomake ja ilmoita vaatimuksesi, niin otamme sinuun yhteytt\u00e4 ja tarjoamme tapahtumallesi sopivan j\u00e4rjestelyn. <\/p><h6><em>Odotamme innolla poikkeuksellisen makuel\u00e4myksen luomista!<\/em><\/h6>\t\t\t\t\t\t\t\t<\/div>\n\t\t\t\t<\/div>\n\t\t\t\t<\/div>\n\t\t\t\t\t<\/div>\n\t\t\t\t<\/div>\n\t\t<div class=\"elementor-element elementor-element-21e775f6 e-flex e-con-boxed e-con e-parent\" data-id=\"21e775f6\" data-element_type=\"container\" data-e-type=\"container\">\n\t\t\t\t\t<div class=\"e-con-inner\">\n\t\t\t\t<div class=\"elementor-element elementor-element-624878b6 elementor-widget__width-initial elementor-widget elementor-widget-html\" data-id=\"624878b6\" data-element_type=\"widget\" data-e-type=\"widget\" data-widget_type=\"html.default\">\n\t\t\t\t<div class=\"elementor-widget-container\">\n\t\t\t\t\t<iframe data-src=\"https:\/\/pages.upsales.com\/17984u04226269674d42ed8aa6d46dff53f335-frame\" width=\"360\" height=\"945\" style=\"border:0\" src=\"data:image\/svg+xml;base64,PHN2ZyB3aWR0aD0iMSIgaGVpZ2h0PSIxIiB4bWxucz0iaHR0cDovL3d3dy53My5vcmcvMjAwMC9zdmciPjwvc3ZnPg==\" class=\"lazyload\" data-load-mode=\"1\"><\/iframe>\t\t\t\t<\/div>\n\t\t\t\t<\/div>\n\t\t\t\t\t<\/div>\n\t\t\t\t<\/div>\n\t\t<div class=\"elementor-element elementor-element-3ed7c939 e-flex e-con-boxed e-con e-parent\" data-id=\"3ed7c939\" data-element_type=\"container\" data-e-type=\"container\">\n\t\t\t\t\t<div class=\"e-con-inner\">\n\t\t\t\t<div class=\"elementor-element elementor-element-58d0c2df elementor-widget__width-initial elementor-widget elementor-widget-text-editor\" data-id=\"58d0c2df\" data-element_type=\"widget\" data-e-type=\"widget\" data-widget_type=\"text-editor.default\">\n\t\t\t\t<div class=\"elementor-widget-container\">\n\t\t\t\t\t\t\t\t\t<h6><strong>Puhelin:<\/strong> <a href=\"tel:+46855769940\">+46 08-557 608 60<\/a><br>Sandra L\u00f6fving on catering-osaston yhteyshenkil\u00f6.<\/h6><h6><strong>S\u00e4hk\u00f6posti:<\/strong> <a href=\"mailto:kontakt@skeppsholmsgruppen.se\">kontakt@skeppsholmsgruppen.se<\/a><\/h6>\t\t\t\t\t\t\t\t<\/div>\n\t\t\t\t<\/div>\n\t\t\t\t<div class=\"elementor-element elementor-element-3950c32e elementor-widget elementor-widget-spacer\" data-id=\"3950c32e\" data-element_type=\"widget\" data-e-type=\"widget\" data-widget_type=\"spacer.default\">\n\t\t\t\t<div class=\"elementor-widget-container\">\n\t\t\t\t\t\t\t<div class=\"elementor-spacer\">\n\t\t\t<div class=\"elementor-spacer-inner\"><\/div>\n\t\t<\/div>\n\t\t\t\t\t\t<\/div>\n\t\t\t\t<\/div>\n\t\t\t\t\t<\/div>\n\t\t\t\t<\/div>\n\t\t\t\t<\/div>\n\t\t","protected":false},"excerpt":{"rendered":"<p>Suunnittele ateriapalvelusi helposti Skeppsholmsgruppenin kanssa. Olitpa sitten j\u00e4rjest\u00e4m\u00e4ss\u00e4 suurta yritystapahtumaa, juhlia l\u00e4heisten kanssa tai h\u00e4it\u00e4, me voimme auttaa sinua pitopalveluratkaisun kanssa. T\u00e4yt\u00e4 alla oleva lomake ja ilmoita vaatimuksesi, niin otamme sinuun yhteytt\u00e4 ja tarjoamme tapahtumallesi sopivan j\u00e4rjestelyn. Odotamme innolla poikkeuksellisen makuel\u00e4myksen luomista! Puhelin: +46 08-557 608 60Sandra L\u00f6fving on catering-osaston yhteyshenkil\u00f6. S\u00e4hk\u00f6posti: kontakt@skeppsholmsgruppen.se<\/p>\n","protected":false},"author":247968715,"featured_media":0,"parent":21965,"menu_order":0,"comment_status":"closed","ping_status":"closed","template":"","meta":{"_acf_changed":false,"footnotes":""},"class_list":["post-22309","page","type-page","status-publish","hentry"],"acf":[],"yoast_head":"<!-- This site is optimized with the Yoast SEO plugin v27.4 - https:\/\/yoast.com\/product\/yoast-seo-wordpress\/ -->\n<title>Tarjottu ateriapalvelu - Skeppsholmsgruppen<\/title>\n<meta name=\"robots\" content=\"index, follow, max-snippet:-1, max-image-preview:large, max-video-preview:-1\" \/>\n<link rel=\"canonical\" href=\"https:\/\/www.skeppsholmsgruppen.se\/fi\/ateriapalvelut\/tarjottu-ateriapalvelu\/\" \/>\n<meta property=\"og:locale\" content=\"fi_FI\" \/>\n<meta property=\"og:type\" content=\"article\" \/>\n<meta property=\"og:title\" content=\"Tarjottu ateriapalvelu - Skeppsholmsgruppen\" \/>\n<meta property=\"og:description\" content=\"Suunnittele ateriapalvelusi helposti Skeppsholmsgruppenin kanssa. Olitpa sitten j\u00e4rjest\u00e4m\u00e4ss\u00e4 suurta yritystapahtumaa, juhlia l\u00e4heisten kanssa tai h\u00e4it\u00e4, me voimme auttaa sinua pitopalveluratkaisun kanssa. T\u00e4yt\u00e4 alla oleva lomake ja ilmoita vaatimuksesi, niin otamme sinuun yhteytt\u00e4 ja tarjoamme tapahtumallesi sopivan j\u00e4rjestelyn. Odotamme innolla poikkeuksellisen makuel\u00e4myksen luomista! Puhelin: +46 08-557 608 60Sandra L\u00f6fving on catering-osaston yhteyshenkil\u00f6. S\u00e4hk\u00f6posti: kontakt@skeppsholmsgruppen.se\" \/>\n<meta property=\"og:url\" content=\"https:\/\/www.skeppsholmsgruppen.se\/fi\/ateriapalvelut\/tarjottu-ateriapalvelu\/\" \/>\n<meta property=\"og:site_name\" content=\"Skeppsholmsgruppen\" \/>\n<meta property=\"article:modified_time\" content=\"2026-02-20T14:11:55+00:00\" \/>\n<meta name=\"twitter:card\" content=\"summary_large_image\" \/>\n<script type=\"application\/ld+json\" class=\"yoast-schema-graph\">{\"@context\":\"https:\\\/\\\/schema.org\",\"@graph\":[{\"@type\":\"WebPage\",\"@id\":\"https:\\\/\\\/www.skeppsholmsgruppen.se\\\/fi\\\/ateriapalvelut\\\/tarjottu-ateriapalvelu\\\/\",\"url\":\"https:\\\/\\\/www.skeppsholmsgruppen.se\\\/fi\\\/ateriapalvelut\\\/tarjottu-ateriapalvelu\\\/\",\"name\":\"Tarjottu ateriapalvelu - Skeppsholmsgruppen\",\"isPartOf\":{\"@id\":\"https:\\\/\\\/skeppsholmsgruppen.se\\\/#website\"},\"datePublished\":\"2025-06-10T12:43:27+00:00\",\"dateModified\":\"2026-02-20T14:11:55+00:00\",\"breadcrumb\":{\"@id\":\"https:\\\/\\\/www.skeppsholmsgruppen.se\\\/fi\\\/ateriapalvelut\\\/tarjottu-ateriapalvelu\\\/#breadcrumb\"},\"inLanguage\":\"fi\",\"potentialAction\":[{\"@type\":\"ReadAction\",\"target\":[\"https:\\\/\\\/www.skeppsholmsgruppen.se\\\/fi\\\/ateriapalvelut\\\/tarjottu-ateriapalvelu\\\/\"]}]},{\"@type\":\"BreadcrumbList\",\"@id\":\"https:\\\/\\\/www.skeppsholmsgruppen.se\\\/fi\\\/ateriapalvelut\\\/tarjottu-ateriapalvelu\\\/#breadcrumb\",\"itemListElement\":[{\"@type\":\"ListItem\",\"position\":1,\"name\":\"Hem\",\"item\":\"https:\\\/\\\/www.skeppsholmsgruppen.se\\\/fi\\\/\"},{\"@type\":\"ListItem\",\"position\":2,\"name\":\"Ateriapalvelut\",\"item\":\"https:\\\/\\\/www.skeppsholmsgruppen.se\\\/fi\\\/ateriapalvelut\\\/\"},{\"@type\":\"ListItem\",\"position\":3,\"name\":\"Tarjottu ateriapalvelu\"}]},{\"@type\":\"WebSite\",\"@id\":\"https:\\\/\\\/skeppsholmsgruppen.se\\\/#website\",\"url\":\"https:\\\/\\\/skeppsholmsgruppen.se\\\/\",\"name\":\"Skeppsholmsgruppen\",\"description\":\"En historisk p\u00e4rla f\u00f6r konferens, event och fest bel\u00e4gen mitt i hj\u00e4rtat av Stockhom.\",\"potentialAction\":[{\"@type\":\"SearchAction\",\"target\":{\"@type\":\"EntryPoint\",\"urlTemplate\":\"https:\\\/\\\/skeppsholmsgruppen.se\\\/?s={search_term_string}\"},\"query-input\":{\"@type\":\"PropertyValueSpecification\",\"valueRequired\":true,\"valueName\":\"search_term_string\"}}],\"inLanguage\":\"fi\"}]}<\/script>\n<!-- \/ Yoast SEO plugin. -->","yoast_head_json":{"title":"Tarjottu ateriapalvelu - Skeppsholmsgruppen","robots":{"index":"index","follow":"follow","max-snippet":"max-snippet:-1","max-image-preview":"max-image-preview:large","max-video-preview":"max-video-preview:-1"},"canonical":"https:\/\/www.skeppsholmsgruppen.se\/fi\/ateriapalvelut\/tarjottu-ateriapalvelu\/","og_locale":"fi_FI","og_type":"article","og_title":"Tarjottu ateriapalvelu - Skeppsholmsgruppen","og_description":"Suunnittele ateriapalvelusi helposti Skeppsholmsgruppenin kanssa. Olitpa sitten j\u00e4rjest\u00e4m\u00e4ss\u00e4 suurta yritystapahtumaa, juhlia l\u00e4heisten kanssa tai h\u00e4it\u00e4, me voimme auttaa sinua pitopalveluratkaisun kanssa. T\u00e4yt\u00e4 alla oleva lomake ja ilmoita vaatimuksesi, niin otamme sinuun yhteytt\u00e4 ja tarjoamme tapahtumallesi sopivan j\u00e4rjestelyn. Odotamme innolla poikkeuksellisen makuel\u00e4myksen luomista! Puhelin: +46 08-557 608 60Sandra L\u00f6fving on catering-osaston yhteyshenkil\u00f6. S\u00e4hk\u00f6posti: kontakt@skeppsholmsgruppen.se","og_url":"https:\/\/www.skeppsholmsgruppen.se\/fi\/ateriapalvelut\/tarjottu-ateriapalvelu\/","og_site_name":"Skeppsholmsgruppen","article_modified_time":"2026-02-20T14:11:55+00:00","twitter_card":"summary_large_image","schema":{"@context":"https:\/\/schema.org","@graph":[{"@type":"WebPage","@id":"https:\/\/www.skeppsholmsgruppen.se\/fi\/ateriapalvelut\/tarjottu-ateriapalvelu\/","url":"https:\/\/www.skeppsholmsgruppen.se\/fi\/ateriapalvelut\/tarjottu-ateriapalvelu\/","name":"Tarjottu ateriapalvelu - Skeppsholmsgruppen","isPartOf":{"@id":"https:\/\/skeppsholmsgruppen.se\/#website"},"datePublished":"2025-06-10T12:43:27+00:00","dateModified":"2026-02-20T14:11:55+00:00","breadcrumb":{"@id":"https:\/\/www.skeppsholmsgruppen.se\/fi\/ateriapalvelut\/tarjottu-ateriapalvelu\/#breadcrumb"},"inLanguage":"fi","potentialAction":[{"@type":"ReadAction","target":["https:\/\/www.skeppsholmsgruppen.se\/fi\/ateriapalvelut\/tarjottu-ateriapalvelu\/"]}]},{"@type":"BreadcrumbList","@id":"https:\/\/www.skeppsholmsgruppen.se\/fi\/ateriapalvelut\/tarjottu-ateriapalvelu\/#breadcrumb","itemListElement":[{"@type":"ListItem","position":1,"name":"Hem","item":"https:\/\/www.skeppsholmsgruppen.se\/fi\/"},{"@type":"ListItem","position":2,"name":"Ateriapalvelut","item":"https:\/\/www.skeppsholmsgruppen.se\/fi\/ateriapalvelut\/"},{"@type":"ListItem","position":3,"name":"Tarjottu ateriapalvelu"}]},{"@type":"WebSite","@id":"https:\/\/skeppsholmsgruppen.se\/#website","url":"https:\/\/skeppsholmsgruppen.se\/","name":"Skeppsholmsgruppen","description":"En historisk p\u00e4rla f\u00f6r konferens, event och fest bel\u00e4gen mitt i hj\u00e4rtat av Stockhom.","potentialAction":[{"@type":"SearchAction","target":{"@type":"EntryPoint","urlTemplate":"https:\/\/skeppsholmsgruppen.se\/?s={search_term_string}"},"query-input":{"@type":"PropertyValueSpecification","valueRequired":true,"valueName":"search_term_string"}}],"inLanguage":"fi"}]}},"_links":{"self":[{"href":"https:\/\/www.skeppsholmsgruppen.se\/fi\/wp-json\/wp\/v2\/pages\/22309","targetHints":{"allow":["GET"]}}],"collection":[{"href":"https:\/\/www.skeppsholmsgruppen.se\/fi\/wp-json\/wp\/v2\/pages"}],"about":[{"href":"https:\/\/www.skeppsholmsgruppen.se\/fi\/wp-json\/wp\/v2\/types\/page"}],"author":[{"embeddable":true,"href":"https:\/\/www.skeppsholmsgruppen.se\/fi\/wp-json\/wp\/v2\/users\/247968715"}],"replies":[{"embeddable":true,"href":"https:\/\/www.skeppsholmsgruppen.se\/fi\/wp-json\/wp\/v2\/comments?post=22309"}],"version-history":[{"count":5,"href":"https:\/\/www.skeppsholmsgruppen.se\/fi\/wp-json\/wp\/v2\/pages\/22309\/revisions"}],"predecessor-version":[{"id":25590,"href":"https:\/\/www.skeppsholmsgruppen.se\/fi\/wp-json\/wp\/v2\/pages\/22309\/revisions\/25590"}],"up":[{"embeddable":true,"href":"https:\/\/www.skeppsholmsgruppen.se\/fi\/wp-json\/wp\/v2\/pages\/21965"}],"wp:attachment":[{"href":"https:\/\/www.skeppsholmsgruppen.se\/fi\/wp-json\/wp\/v2\/media?parent=22309"}],"curies":[{"name":"wp","href":"https:\/\/api.w.org\/{rel}","templated":true}]}}