{"id":23399,"date":"2025-09-12T10:08:03","date_gmt":"2025-09-12T08:08:03","guid":{"rendered":"https:\/\/www.skeppsholmsgruppen.se\/julkiset-tapahtumat\/"},"modified":"2025-12-11T10:22:38","modified_gmt":"2025-12-11T09:22:38","slug":"julkiset-tapahtumat","status":"publish","type":"page","link":"https:\/\/www.skeppsholmsgruppen.se\/fi\/julkiset-tapahtumat\/","title":{"rendered":"Julkiset tapahtumat"},"content":{"rendered":"\t\t<div data-elementor-type=\"wp-page\" data-elementor-id=\"23399\" class=\"elementor elementor-23399 elementor-23190\" data-elementor-post-type=\"page\">\n\t\t\t\t<div class=\"elementor-element elementor-element-c16d73a e-flex e-con-boxed e-con e-parent\" data-id=\"c16d73a\" data-element_type=\"container\" data-e-type=\"container\" data-settings=\"{&quot;background_background&quot;:&quot;classic&quot;}\">\n\t\t\t\t\t<div class=\"e-con-inner\">\n\t\t\t\t<div class=\"elementor-element elementor-element-98f1cdf elementor-widget elementor-widget-spacer\" data-id=\"98f1cdf\" data-element_type=\"widget\" data-e-type=\"widget\" data-widget_type=\"spacer.default\">\n\t\t\t\t<div class=\"elementor-widget-container\">\n\t\t\t\t\t\t\t<div class=\"elementor-spacer\">\n\t\t\t<div class=\"elementor-spacer-inner\"><\/div>\n\t\t<\/div>\n\t\t\t\t\t\t<\/div>\n\t\t\t\t<\/div>\n\t\t\t\t<div class=\"elementor-element elementor-element-89fc67c elementor-widget elementor-widget-heading\" data-id=\"89fc67c\" data-element_type=\"widget\" data-e-type=\"widget\" data-widget_type=\"heading.default\">\n\t\t\t\t<div class=\"elementor-widget-container\">\n\t\t\t\t\t<h1 class=\"elementor-heading-title elementor-size-default\">Tervetuloa Publika Tapahtuma <br> Eric Ericsonhallenissa!<\/h1>\t\t\t\t<\/div>\n\t\t\t\t<\/div>\n\t\t\t\t\t<\/div>\n\t\t\t\t<\/div>\n\t\t<div class=\"elementor-element elementor-element-7da287ea e-flex e-con-boxed e-con e-parent\" data-id=\"7da287ea\" data-element_type=\"container\" data-e-type=\"container\" data-settings=\"{&quot;background_background&quot;:&quot;classic&quot;}\">\n\t\t\t\t\t<div class=\"e-con-inner\">\n\t\t<div class=\"elementor-element elementor-element-5d84d111 e-con-full e-flex e-con e-child\" data-id=\"5d84d111\" data-element_type=\"container\" data-e-type=\"container\">\n\t\t\t\t<div class=\"elementor-element elementor-element-5e33fc9d elementor-widget elementor-widget-heading\" data-id=\"5e33fc9d\" data-element_type=\"widget\" data-e-type=\"widget\" data-widget_type=\"heading.default\">\n\t\t\t\t<div class=\"elementor-widget-container\">\n\t\t\t\t\t<h2 class=\"elementor-heading-title elementor-size-default\">Julkisia tapahtumia ymp\u00e4ri vuoden<\/h2>\t\t\t\t<\/div>\n\t\t\t\t<\/div>\n\t\t\t\t<div class=\"elementor-element elementor-element-33be2406 elementor-widget elementor-widget-heading\" data-id=\"33be2406\" data-element_type=\"widget\" data-e-type=\"widget\" data-widget_type=\"heading.default\">\n\t\t\t\t<div class=\"elementor-widget-container\">\n\t\t\t\t\t<h2 class=\"elementor-heading-title elementor-size-default\">Koe Eric Ericson Hallin taika<\/h2>\t\t\t\t<\/div>\n\t\t\t\t<\/div>\n\t\t\t\t<div class=\"elementor-element elementor-element-1ffb09b9 elementor-widget elementor-widget-text-editor\" data-id=\"1ffb09b9\" data-element_type=\"widget\" data-e-type=\"widget\" data-widget_type=\"text-editor.default\">\n\t\t\t\t<div class=\"elementor-widget-container\">\n\t\t\t\t\t\t\t\t\t<p data-start=\"149\" data-end=\"477\">Nauti unohtumattomista konserteista, esityksist\u00e4 ja kulttuuriel\u00e4myksist\u00e4 <strong data-start=\"220\" data-end=\"258\">Skeppsholmenilla sijaitsevassa Eric Ericson -salissa<\/strong>, joka on yksi Tukholman tunnelmallisimmista ja historiallisimmista konsertti- ja tapahtumapaikoista. Musiikki, kuorolaulu, esitt\u00e4v\u00e4t taiteet ja julkiset tapahtumat kohtaavat t\u00e4\u00e4ll\u00e4 ainutlaatuisessa ymp\u00e4rist\u00f6ss\u00e4, jossa on fantastinen akustiikka ja n\u00e4kym\u00e4t Tukholman vesille.<\/p><p data-start=\"479\" data-end=\"716\">Eric Ericsonhallen on vilkas kohtaamispaikka sek\u00e4 kansainv\u00e4lisille taiteilijoille ett\u00e4 ruotsalaisille kulttuurij\u00e4rjest\u00e4jille. Kalenteri on vuoden mittaan t\u00e4ynn\u00e4 konsertteja, festivaaleja, luentoja ja muita avoimia tapahtumia, joihin olet l\u00e4mpim\u00e4sti tervetullut. <\/p>\t\t\t\t\t\t\t\t<\/div>\n\t\t\t\t<\/div>\n\t\t\t\t<\/div>\n\t\t\t\t\t<\/div>\n\t\t\t\t<\/div>\n\t\t<div class=\"elementor-element elementor-element-6298cded e-flex e-con-boxed e-con e-parent\" data-id=\"6298cded\" data-element_type=\"container\" data-e-type=\"container\" data-settings=\"{&quot;background_background&quot;:&quot;classic&quot;}\">\n\t\t\t\t\t<div class=\"e-con-inner\">\n\t\t\t\t<div class=\"elementor-element elementor-element-34c007f1 elementor-widget__width-inherit elementor-widget elementor-widget-heading\" data-id=\"34c007f1\" data-element_type=\"widget\" data-e-type=\"widget\" data-widget_type=\"heading.default\">\n\t\t\t\t<div class=\"elementor-widget-container\">\n\t\t\t\t\t<h2 class=\"elementor-heading-title elementor-size-default\">Katso nykyiset p\u00e4iv\u00e4m\u00e4\u00e4r\u00e4t ja osta liput t\u00e4\u00e4lt\u00e4:<\/h2>\t\t\t\t<\/div>\n\t\t\t\t<\/div>\n\t\t\t\t<div class=\"elementor-element elementor-element-12bc6c48 elementor-cta--skin-cover elementor-widget__width-initial elementor-cta--valign-bottom elementor-invisible elementor-widget elementor-widget-call-to-action\" data-id=\"12bc6c48\" data-element_type=\"widget\" data-e-type=\"widget\" data-settings=\"{&quot;_animation&quot;:&quot;fadeInUp&quot;}\" data-widget_type=\"call-to-action.default\">\n\t\t\t\t<div class=\"elementor-widget-container\">\n\t\t\t\t\t\t\t<a class=\"elementor-cta\" href=\"https:\/\/www.nortic.se\/ticket\/organizer\/3752\">\n\t\t\t\t\t<div class=\"elementor-cta__bg-wrapper\">\n\t\t\t\t<div class=\"elementor-cta__bg elementor-bg lazyload\" style=\"background-image:inherit;\" role=\"img\" aria-label=\"Eric-Ericsonhallen-entre.jpg\" data-bg-image=\"url(https:\/\/www.skeppsholmsgruppen.se\/wp-content\/uploads\/2025\/05\/Eric-Ericsonhallen-entre.jpg)\"><\/div>\n\t\t\t\t<div class=\"elementor-cta__bg-overlay\"><\/div>\n\t\t\t<\/div>\n\t\t\t\t\t\t\t<div class=\"elementor-cta__content\">\n\t\t\t\t\n\t\t\t\t\t\t\t\t\t<h3 class=\"elementor-cta__title elementor-cta__content-item elementor-content-item\">\n\t\t\t\t\t\tKatso kalenteri\t\t\t\t\t<\/h3>\n\t\t\t\t\n\t\t\t\t\n\t\t\t\t\t\t\t<\/div>\n\t\t\t\t\t\t<\/a>\n\t\t\t\t\t\t<\/div>\n\t\t\t\t<\/div>\n\t\t\t\t<div class=\"elementor-element elementor-element-4dd08498 elementor-cta--skin-cover elementor-widget__width-initial elementor-cta--valign-bottom elementor-invisible elementor-widget elementor-widget-call-to-action\" data-id=\"4dd08498\" data-element_type=\"widget\" data-e-type=\"widget\" data-settings=\"{&quot;_animation&quot;:&quot;fadeInUp&quot;}\" data-widget_type=\"call-to-action.default\">\n\t\t\t\t<div class=\"elementor-widget-container\">\n\t\t\t\t\t\t\t<a class=\"elementor-cta\" href=\"https:\/\/feverup.com\/en\/stockholm\/venue\/eric-ericsonhallen\">\n\t\t\t\t\t<div class=\"elementor-cta__bg-wrapper\">\n\t\t\t\t<div class=\"elementor-cta__bg elementor-bg\" style=\"background-image: url(https:\/\/www.skeppsholmsgruppen.se\/wp-content\/uploads\/2025\/08\/Vivaldi.avif);\" role=\"img\" aria-label=\"Vivaldi\"><\/div>\n\t\t\t\t<div class=\"elementor-cta__bg-overlay\"><\/div>\n\t\t\t<\/div>\n\t\t\t\t\t\t\t<div class=\"elementor-cta__content\">\n\t\t\t\t\n\t\t\t\t\t\t\t\t\t<h3 class=\"elementor-cta__title elementor-cta__content-item elementor-content-item\">\n\t\t\t\t\t\tKirja Kynttil\u00e4nvalo\t\t\t\t\t<\/h3>\n\t\t\t\t\n\t\t\t\t\n\t\t\t\t\t\t\t<\/div>\n\t\t\t\t\t\t<\/a>\n\t\t\t\t\t\t<\/div>\n\t\t\t\t<\/div>\n\t\t\t\t<div class=\"elementor-element elementor-element-02ded6f elementor-cta--skin-cover elementor-widget__width-initial elementor-cta--valign-bottom elementor-invisible elementor-widget elementor-widget-call-to-action\" data-id=\"02ded6f\" data-element_type=\"widget\" data-e-type=\"widget\" data-settings=\"{&quot;_animation&quot;:&quot;fadeInUp&quot;}\" data-widget_type=\"call-to-action.default\">\n\t\t\t\t<div class=\"elementor-widget-container\">\n\t\t\t\t\t\t\t<a class=\"elementor-cta\" href=\"https:\/\/feverup.com\/m\/397856\">\n\t\t\t\t\t<div class=\"elementor-cta__bg-wrapper\">\n\t\t\t\t<div class=\"elementor-cta__bg elementor-bg\" style=\"background-image: url(https:\/\/www.skeppsholmsgruppen.se\/wp-content\/uploads\/2025\/08\/The-Jazz-room.avif);\" role=\"img\" aria-label=\"The Jazz room\"><\/div>\n\t\t\t\t<div class=\"elementor-cta__bg-overlay\"><\/div>\n\t\t\t<\/div>\n\t\t\t\t\t\t\t<div class=\"elementor-cta__content\">\n\t\t\t\t\n\t\t\t\t\t\t\t\t\t<h3 class=\"elementor-cta__title elementor-cta__content-item elementor-content-item\">\n\t\t\t\t\t\tVaraa The Jazz Room\t\t\t\t\t<\/h3>\n\t\t\t\t\n\t\t\t\t\n\t\t\t\t\t\t\t<\/div>\n\t\t\t\t\t\t<\/a>\n\t\t\t\t\t\t<\/div>\n\t\t\t\t<\/div>\n\t\t\t\t<div class=\"elementor-element elementor-element-d7cd9fe elementor-cta--skin-cover elementor-widget__width-initial elementor-cta--valign-bottom elementor-invisible elementor-widget elementor-widget-call-to-action\" data-id=\"d7cd9fe\" data-element_type=\"widget\" data-e-type=\"widget\" data-settings=\"{&quot;_animation&quot;:&quot;fadeInUp&quot;}\" data-widget_type=\"call-to-action.default\">\n\t\t\t\t<div class=\"elementor-widget-container\">\n\t\t\t\t\t\t\t<a class=\"elementor-cta\" href=\"https:\/\/feverup.com\/m\/517641?irclickid=08fVD3QiDxycUeX1ok1alzx7UkpT-z0Wc0LpVU0&#038;afsrc=1&#038;irgwc=1&#038;utm_medium=impact&#038;utm_campaign=&#038;utm_source=affiliate&#038;utm_content=95368_Affinity.\">\n\t\t\t\t\t<div class=\"elementor-cta__bg-wrapper\">\n\t\t\t\t<div class=\"elementor-cta__bg elementor-bg\" style=\"background-image: url(https:\/\/www.skeppsholmsgruppen.se\/wp-content\/uploads\/2025\/12\/Genesis.avif);\" role=\"img\" aria-label=\"Genesis\"><\/div>\n\t\t\t\t<div class=\"elementor-cta__bg-overlay\"><\/div>\n\t\t\t<\/div>\n\t\t\t\t\t\t\t<div class=\"elementor-cta__content\">\n\t\t\t\t\n\t\t\t\t\t\t\t\t\t<h3 class=\"elementor-cta__title elementor-cta__content-item elementor-content-item\">\n\t\t\t\t\t\tKirja Eonarium Genesis\t\t\t\t\t<\/h3>\n\t\t\t\t\n\t\t\t\t\n\t\t\t\t\t\t\t<\/div>\n\t\t\t\t\t\t<\/a>\n\t\t\t\t\t\t<\/div>\n\t\t\t\t<\/div>\n\t\t\t\t<div class=\"elementor-element elementor-element-28ae309f elementor-align-center elementor-widget__width-initial elementor-invisible elementor-widget elementor-widget-button\" data-id=\"28ae309f\" data-element_type=\"widget\" data-e-type=\"widget\" data-settings=\"{&quot;_animation&quot;:&quot;fadeIn&quot;,&quot;_animation_delay&quot;:400}\" data-widget_type=\"button.default\">\n\t\t\t\t<div class=\"elementor-widget-container\">\n\t\t\t\t\t\t\t\t\t<div class=\"elementor-button-wrapper\">\n\t\t\t\t\t<a class=\"elementor-button elementor-button-link elementor-size-sm\" href=\"https:\/\/www.skeppsholmsgruppen.se\/fi\/suunnittele-vierailusi\/\">\n\t\t\t\t\t\t<span class=\"elementor-button-content-wrapper\">\n\t\t\t\t\t\t\t\t\t<span class=\"elementor-button-text\">Suunnittele vierailusi<\/span>\n\t\t\t\t\t<\/span>\n\t\t\t\t\t<\/a>\n\t\t\t\t<\/div>\n\t\t\t\t\t\t\t\t<\/div>\n\t\t\t\t<\/div>\n\t\t\t\t<div class=\"elementor-element elementor-element-c21e9a1 elementor-align-center elementor-widget__width-initial elementor-invisible elementor-widget elementor-widget-button\" data-id=\"c21e9a1\" data-element_type=\"widget\" data-e-type=\"widget\" data-settings=\"{&quot;_animation&quot;:&quot;fadeIn&quot;,&quot;_animation_delay&quot;:400}\" data-widget_type=\"button.default\">\n\t\t\t\t<div class=\"elementor-widget-container\">\n\t\t\t\t\t\t\t\t\t<div class=\"elementor-button-wrapper\">\n\t\t\t\t\t<a class=\"elementor-button elementor-button-link elementor-size-sm\" href=\"https:\/\/www.skeppsholmsgruppen.se\/fi\/jarjestajille\/\">\n\t\t\t\t\t\t<span class=\"elementor-button-content-wrapper\">\n\t\t\t\t\t\t\t\t\t<span class=\"elementor-button-text\">J\u00e4rjest\u00e4jille<\/span>\n\t\t\t\t\t<\/span>\n\t\t\t\t\t<\/a>\n\t\t\t\t<\/div>\n\t\t\t\t\t\t\t\t<\/div>\n\t\t\t\t<\/div>\n\t\t\t\t\t<\/div>\n\t\t\t\t<\/div>\n\t\t\t\t<\/div>\n\t\t","protected":false},"excerpt":{"rendered":"<p>Tervetuloa Publika Tapahtuma Eric Ericsonhallenissa! Julkisia tapahtumia ymp\u00e4ri vuoden Koe Eric Ericson Hallin taika Nauti unohtumattomista konserteista, esityksist\u00e4 ja kulttuuriel\u00e4myksist\u00e4 Skeppsholmenilla sijaitsevassa Eric Ericson -salissa, joka on yksi Tukholman tunnelmallisimmista ja historiallisimmista konsertti- ja tapahtumapaikoista. Musiikki, kuorolaulu, esitt\u00e4v\u00e4t taiteet ja julkiset tapahtumat kohtaavat t\u00e4\u00e4ll\u00e4 ainutlaatuisessa ymp\u00e4rist\u00f6ss\u00e4, jossa on fantastinen akustiikka ja n\u00e4kym\u00e4t Tukholman vesille. Eric [&hellip;]<\/p>\n","protected":false},"author":247968715,"featured_media":0,"parent":0,"menu_order":0,"comment_status":"closed","ping_status":"closed","template":"","meta":{"_acf_changed":false,"footnotes":""},"class_list":["post-23399","page","type-page","status-publish","hentry"],"acf":[],"yoast_head":"<!-- This site is optimized with the Yoast SEO plugin v27.5 - https:\/\/yoast.com\/product\/yoast-seo-wordpress\/ -->\n<title>Julkiset tapahtumat - Skeppsholmsgruppen<\/title>\n<meta name=\"robots\" content=\"index, follow, max-snippet:-1, max-image-preview:large, max-video-preview:-1\" \/>\n<link rel=\"canonical\" href=\"https:\/\/www.skeppsholmsgruppen.se\/fi\/julkiset-tapahtumat\/\" \/>\n<meta property=\"og:locale\" content=\"fi_FI\" \/>\n<meta property=\"og:type\" content=\"article\" \/>\n<meta property=\"og:title\" content=\"Julkiset tapahtumat - Skeppsholmsgruppen\" \/>\n<meta property=\"og:description\" content=\"Tervetuloa Publika Tapahtuma Eric Ericsonhallenissa! Julkisia tapahtumia ymp\u00e4ri vuoden Koe Eric Ericson Hallin taika Nauti unohtumattomista konserteista, esityksist\u00e4 ja kulttuuriel\u00e4myksist\u00e4 Skeppsholmenilla sijaitsevassa Eric Ericson -salissa, joka on yksi Tukholman tunnelmallisimmista ja historiallisimmista konsertti- ja tapahtumapaikoista. Musiikki, kuorolaulu, esitt\u00e4v\u00e4t taiteet ja julkiset tapahtumat kohtaavat t\u00e4\u00e4ll\u00e4 ainutlaatuisessa ymp\u00e4rist\u00f6ss\u00e4, jossa on fantastinen akustiikka ja n\u00e4kym\u00e4t Tukholman vesille. Eric [&hellip;]\" \/>\n<meta property=\"og:url\" content=\"https:\/\/www.skeppsholmsgruppen.se\/fi\/julkiset-tapahtumat\/\" \/>\n<meta property=\"og:site_name\" content=\"Skeppsholmsgruppen\" \/>\n<meta property=\"article:modified_time\" content=\"2025-12-11T09:22:38+00:00\" \/>\n<meta name=\"twitter:card\" content=\"summary_large_image\" \/>\n<meta name=\"twitter:label1\" content=\"Arvioitu lukuaika\" \/>\n\t<meta name=\"twitter:data1\" content=\"1 minuutti\" \/>\n<script type=\"application\/ld+json\" class=\"yoast-schema-graph\">{\"@context\":\"https:\\\/\\\/schema.org\",\"@graph\":[{\"@type\":\"WebPage\",\"@id\":\"https:\\\/\\\/www.skeppsholmsgruppen.se\\\/fi\\\/julkiset-tapahtumat\\\/\",\"url\":\"https:\\\/\\\/www.skeppsholmsgruppen.se\\\/fi\\\/julkiset-tapahtumat\\\/\",\"name\":\"Julkiset tapahtumat - Skeppsholmsgruppen\",\"isPartOf\":{\"@id\":\"https:\\\/\\\/skeppsholmsgruppen.se\\\/#website\"},\"datePublished\":\"2025-09-12T08:08:03+00:00\",\"dateModified\":\"2025-12-11T09:22:38+00:00\",\"breadcrumb\":{\"@id\":\"https:\\\/\\\/www.skeppsholmsgruppen.se\\\/fi\\\/julkiset-tapahtumat\\\/#breadcrumb\"},\"inLanguage\":\"fi\",\"potentialAction\":[{\"@type\":\"ReadAction\",\"target\":[\"https:\\\/\\\/www.skeppsholmsgruppen.se\\\/fi\\\/julkiset-tapahtumat\\\/\"]}]},{\"@type\":\"BreadcrumbList\",\"@id\":\"https:\\\/\\\/www.skeppsholmsgruppen.se\\\/fi\\\/julkiset-tapahtumat\\\/#breadcrumb\",\"itemListElement\":[{\"@type\":\"ListItem\",\"position\":1,\"name\":\"Hem\",\"item\":\"https:\\\/\\\/www.skeppsholmsgruppen.se\\\/fi\\\/\"},{\"@type\":\"ListItem\",\"position\":2,\"name\":\"Julkiset tapahtumat\"}]},{\"@type\":\"WebSite\",\"@id\":\"https:\\\/\\\/skeppsholmsgruppen.se\\\/#website\",\"url\":\"https:\\\/\\\/skeppsholmsgruppen.se\\\/\",\"name\":\"Skeppsholmsgruppen\",\"description\":\"En historisk p\u00e4rla f\u00f6r konferens, event och fest bel\u00e4gen mitt i hj\u00e4rtat av Stockhom.\",\"potentialAction\":[{\"@type\":\"SearchAction\",\"target\":{\"@type\":\"EntryPoint\",\"urlTemplate\":\"https:\\\/\\\/skeppsholmsgruppen.se\\\/?s={search_term_string}\"},\"query-input\":{\"@type\":\"PropertyValueSpecification\",\"valueRequired\":true,\"valueName\":\"search_term_string\"}}],\"inLanguage\":\"fi\"}]}<\/script>\n<!-- \/ Yoast SEO plugin. -->","yoast_head_json":{"title":"Julkiset tapahtumat - Skeppsholmsgruppen","robots":{"index":"index","follow":"follow","max-snippet":"max-snippet:-1","max-image-preview":"max-image-preview:large","max-video-preview":"max-video-preview:-1"},"canonical":"https:\/\/www.skeppsholmsgruppen.se\/fi\/julkiset-tapahtumat\/","og_locale":"fi_FI","og_type":"article","og_title":"Julkiset tapahtumat - Skeppsholmsgruppen","og_description":"Tervetuloa Publika Tapahtuma Eric Ericsonhallenissa! Julkisia tapahtumia ymp\u00e4ri vuoden Koe Eric Ericson Hallin taika Nauti unohtumattomista konserteista, esityksist\u00e4 ja kulttuuriel\u00e4myksist\u00e4 Skeppsholmenilla sijaitsevassa Eric Ericson -salissa, joka on yksi Tukholman tunnelmallisimmista ja historiallisimmista konsertti- ja tapahtumapaikoista. Musiikki, kuorolaulu, esitt\u00e4v\u00e4t taiteet ja julkiset tapahtumat kohtaavat t\u00e4\u00e4ll\u00e4 ainutlaatuisessa ymp\u00e4rist\u00f6ss\u00e4, jossa on fantastinen akustiikka ja n\u00e4kym\u00e4t Tukholman vesille. Eric [&hellip;]","og_url":"https:\/\/www.skeppsholmsgruppen.se\/fi\/julkiset-tapahtumat\/","og_site_name":"Skeppsholmsgruppen","article_modified_time":"2025-12-11T09:22:38+00:00","twitter_card":"summary_large_image","twitter_misc":{"Arvioitu lukuaika":"1 minuutti"},"schema":{"@context":"https:\/\/schema.org","@graph":[{"@type":"WebPage","@id":"https:\/\/www.skeppsholmsgruppen.se\/fi\/julkiset-tapahtumat\/","url":"https:\/\/www.skeppsholmsgruppen.se\/fi\/julkiset-tapahtumat\/","name":"Julkiset tapahtumat - Skeppsholmsgruppen","isPartOf":{"@id":"https:\/\/skeppsholmsgruppen.se\/#website"},"datePublished":"2025-09-12T08:08:03+00:00","dateModified":"2025-12-11T09:22:38+00:00","breadcrumb":{"@id":"https:\/\/www.skeppsholmsgruppen.se\/fi\/julkiset-tapahtumat\/#breadcrumb"},"inLanguage":"fi","potentialAction":[{"@type":"ReadAction","target":["https:\/\/www.skeppsholmsgruppen.se\/fi\/julkiset-tapahtumat\/"]}]},{"@type":"BreadcrumbList","@id":"https:\/\/www.skeppsholmsgruppen.se\/fi\/julkiset-tapahtumat\/#breadcrumb","itemListElement":[{"@type":"ListItem","position":1,"name":"Hem","item":"https:\/\/www.skeppsholmsgruppen.se\/fi\/"},{"@type":"ListItem","position":2,"name":"Julkiset tapahtumat"}]},{"@type":"WebSite","@id":"https:\/\/skeppsholmsgruppen.se\/#website","url":"https:\/\/skeppsholmsgruppen.se\/","name":"Skeppsholmsgruppen","description":"En historisk p\u00e4rla f\u00f6r konferens, event och fest bel\u00e4gen mitt i hj\u00e4rtat av Stockhom.","potentialAction":[{"@type":"SearchAction","target":{"@type":"EntryPoint","urlTemplate":"https:\/\/skeppsholmsgruppen.se\/?s={search_term_string}"},"query-input":{"@type":"PropertyValueSpecification","valueRequired":true,"valueName":"search_term_string"}}],"inLanguage":"fi"}]}},"_links":{"self":[{"href":"https:\/\/www.skeppsholmsgruppen.se\/fi\/wp-json\/wp\/v2\/pages\/23399","targetHints":{"allow":["GET"]}}],"collection":[{"href":"https:\/\/www.skeppsholmsgruppen.se\/fi\/wp-json\/wp\/v2\/pages"}],"about":[{"href":"https:\/\/www.skeppsholmsgruppen.se\/fi\/wp-json\/wp\/v2\/types\/page"}],"author":[{"embeddable":true,"href":"https:\/\/www.skeppsholmsgruppen.se\/fi\/wp-json\/wp\/v2\/users\/247968715"}],"replies":[{"embeddable":true,"href":"https:\/\/www.skeppsholmsgruppen.se\/fi\/wp-json\/wp\/v2\/comments?post=23399"}],"version-history":[{"count":6,"href":"https:\/\/www.skeppsholmsgruppen.se\/fi\/wp-json\/wp\/v2\/pages\/23399\/revisions"}],"predecessor-version":[{"id":24635,"href":"https:\/\/www.skeppsholmsgruppen.se\/fi\/wp-json\/wp\/v2\/pages\/23399\/revisions\/24635"}],"wp:attachment":[{"href":"https:\/\/www.skeppsholmsgruppen.se\/fi\/wp-json\/wp\/v2\/media?parent=23399"}],"curies":[{"name":"wp","href":"https:\/\/api.w.org\/{rel}","templated":true}]}}